{"id":16958,"date":"2024-06-05T22:04:26","date_gmt":"2024-06-05T22:04:26","guid":{"rendered":"https:\/\/www.inventec.dehon.com\/?post_type=product&#038;p=16958"},"modified":"2026-01-29T09:56:59","modified_gmt":"2026-01-29T08:56:59","slug":"promosolv-70is","status":"publish","type":"product","link":"https:\/\/www.inventec.dehon.com\/de\/product\/promosolv-70is\/","title":{"rendered":"PROMOSOLV 70IS"},"content":{"rendered":"<p><img decoding=\"async\" src=\"https:\/\/www.inventec.dehon.com\/wp-content\/uploads\/2021\/03\/PROMOSOLV-drum-colorless-Ecoprog-600x600.png\" alt=\"PROMOSOLV 70IS\" class=\"responsive-img\" align=\"right\" style=\"border-radius:10px; margin-bottom:10px; margin-top:-10px; margin-left:15px; width:300px\" \/><\/p>\n<h2 style=\"color:#9bc947; margin-bottom:15px\">Entfluxmittel<\/h2>\n<ul>\n<li>Entfernung von flussmittelr\u00fcckst\u00e4nden<\/li>\n<li>Dampfphasenprozess<\/li>\n<li>F\u00fcr feuchte umgebungen<\/li>\n<\/ul>\n<h5>PROMOSOLV 70IS<\/h5>\n<p>Wurde als Ersatz f\u00fcr Trichlorethylen, NPB und andere L\u00f6sungsmittel entwickelt. Bei deutlich geringeren Auswirkungen auf Gesundheit und Sicherheit ist die Flussmittelentfernung vergleichbar effizient.<\/p>\n<p>Aufgrund seiner Formulierung mit Isopropanol neigt es im Vergleich zu Formulierungen mit Ethanol weniger zur Wasseraufnahme, wodurch das Produkt besser f\u00fcr Umgebungen mit hoher Luftfeuchtigkeit geeignet ist.<\/p>\n<p>Es eignet sich zum Entfernen von Flussmittelr\u00fcckst\u00e4nden und anderen Verunreinigungen auf PCBAs, Leistungsmodulen, Leadframes, BGAs, PoP, SIP-Anwendungen oder LED-Baugruppen. Seine niedrige Oberfl\u00e4chenspannung erm\u00f6glicht eine sehr gute Reinigung und Sp\u00fclung unter Bauteilen mit geringem Abstand und an schwer zug\u00e4nglichen Stellen. Es ist sehr gut mit allen Metallen kompatibel, auch mit sehr empfindlichen, und auch mit den meisten Kunststoffen und Elastomeren. Es wird jedoch empfohlen, es vor der Verwendung zu validieren.<\/p>\n<p><strong>PROMOSOLV 70IS<\/strong> wurde unter Ber\u00fccksichtigung der Sicherheit formuliert. Seine Zusammensetzung bietet hervorragende Entflammbarkeitsunterdr\u00fcckungseigenschaften, die bei der Verwendung in einer Anlage eine sehr hohe Stabilit\u00e4t gew\u00e4hrleisten. Einige auf dem Markt erh\u00e4ltliche Produkte k\u00f6nnen ihre flammhemmende Wirkung aufgrund von Verdunstung verlieren, wenn sie in einer Anlage verwendet werden.<\/p>\n<div style=\"font-family:Lato; color:#333;\">\n<div style=\"font-weight:bold; text-transform:uppercase; border-bottom:2px solid #9DBB2F; padding-bottom:6px; margin-bottom:10px;\">\n    SPEZIFIKATIONEN\n  <\/div>\n<table width=\"100%\" cellpadding=\"0\" cellspacing=\"0\" style=\"border-collapse:collapse; width:100%; max-width:100%;\">\n<tr>\n<th align=\"left\" style=\"background:#7A7A7A; color:#fff; padding:8px 12px; border:1px solid #BDBDBD;\">\n        SPEZIFIKATIONEN\n      <\/th>\n<th align=\"left\" style=\"background:#7A7A7A; color:#fff; padding:8px 12px; border:1px solid #BDBDBD;\">\n        WERTE\n      <\/th>\n<th align=\"left\" style=\"background:#7A7A7A; color:#fff; padding:8px 12px; border:1px solid #BDBDBD;\">\n        METHODEN\n      <\/th>\n<\/tr>\n<tr>\n<td style=\"padding:8px 12px; border:1px solid #BDBDBD;\">Aspekt<\/td>\n<td style=\"padding:8px 12px; border:1px solid #BDBDBD;\">Farblos, klar<\/td>\n<td style=\"padding:8px 12px; border:1px solid #BDBDBD;\">Visuell<\/td>\n<\/tr>\n<tr style=\"background:#E6E6E6;\">\n<td style=\"padding:8px 12px; border:1px solid #BDBDBD;\">Reinheit (% Gewicht)<\/td>\n<td style=\"padding:8px 12px; border:1px solid #BDBDBD;\">>99.5<\/td>\n<td style=\"padding:8px 12px; border:1px solid #BDBDBD;\">Intern \/ MO.SB.10033<\/td>\n<\/tr>\n<tr>\n<td style=\"padding:8px 12px; border:1px solid #BDBDBD;\">Isopropanol (Gew.-%)<\/td>\n<td style=\"padding:8px 12px; border:1px solid #BDBDBD;\"><3<\/td>\n<td style=\"padding:8px 12px; border:1px solid #BDBDBD;\">Intern \/ MO.SB.10033<\/td>\n<\/tr>\n<\/table>\n<\/div>\n<div style=\"font-family:Lato; color:#333;\">\n<div style=\"font-weight:bold; text-transform:uppercase; border-bottom:2px solid #9DBB2F; padding-bottom:6px; margin:30px 0 10px;\">\n    KENNDATEN\n  <\/div>\n<table width=\"100%\" cellpadding=\"0\" cellspacing=\"0\" style=\"border-collapse:collapse; width:100%; max-width:100%;\">\n<tr>\n<th align=\"left\" style=\"background:#7A7A7A; color:#fff; padding:8px 12px; border:1px solid #BDBDBD;\">\n        KENNDATEN\n      <\/th>\n<th align=\"left\" style=\"background:#7A7A7A; color:#fff; padding:8px 12px; border:1px solid #BDBDBD;\">\n        WERTE\n      <\/th>\n<\/tr>\n<tr>\n<td style=\"padding:8px 12px; border:1px solid #BDBDBD;\">Siedepunkt (\u00b0C\/\u00b0F)<\/td>\n<td style=\"padding:8px 12px; border:1px solid #BDBDBD;\">43\u00b0C\/109\u00b0F<\/td>\n<\/tr>\n<tr style=\"background:#E6E6E6;\">\n<td style=\"padding:8px 12px; border:1px solid #BDBDBD;\">Oberfl\u00e4chenspannung (dyn \/ cm)<\/td>\n<td style=\"padding:8px 12px; border:1px solid #BDBDBD;\">14<\/td>\n<\/tr>\n<tr>\n<td style=\"padding:8px 12px; border:1px solid #BDBDBD;\">Flammpunkt<\/td>\n<td style=\"padding:8px 12px; border:1px solid #BDBDBD;\">Keine<\/td>\n<\/tr>\n<tr style=\"background:#E6E6E6;\">\n<td style=\"padding:8px 12px; border:1px solid #BDBDBD;\">Dichte (g\/cm3)<\/td>\n<td style=\"padding:8px 12px; border:1px solid #BDBDBD;\">1,28<\/td>\n<\/tr>\n<tr>\n<td style=\"padding:8px 12px; border:1px solid #BDBDBD;\">Dynamische Viskosit\u00e4t (mPa.s)<\/td>\n<td style=\"padding:8px 12px; border:1px solid #BDBDBD;\">0.50<\/td>\n<\/tr>\n<tr style=\"background:#E6E6E6;\">\n<td style=\"padding:8px 12px; border:1px solid #BDBDBD;\">Dampfdruck (kPa)<\/td>\n<td style=\"padding:8px 12px; border:1px solid #BDBDBD;\">65<\/td>\n<\/tr>\n<\/table>\n<\/div>\n","protected":false},"excerpt":{"rendered":"<ul>\n<li>Entfernung von flussmittelr\u00fcckst\u00e4nden<\/li>\n<li>Dampfphasenprozess<\/li>\n<li>F\u00fcr feuchte umgebungen<\/li>\n<\/ul>\n<p><a href=\"https:\/\/www.inventec.dehon.com\/wp-content\/uploads\/2021\/04\/GW-Score-40.png\"><img decoding=\"async\" class=\"alignnone size-full wp-image-15225\" src=\"https:\/\/www.inventec.dehon.com\/wp-content\/uploads\/2021\/04\/GW-Score-40.png\" alt=\"\" width=\"278\" height=\"236\" \/><\/a><\/p>\n","protected":false},"featured_media":2277,"comment_status":"closed","ping_status":"closed","template":"","meta":{"_acf_changed":false,"inline_featured_image":false},"product_brand":[],"product_cat":[411,2855],"product_tag":[2474,4278,4768,4286,4318,547,4185,4370,1825,2473,4599],"class_list":{"0":"post-16958","1":"product","2":"type-product","3":"status-publish","4":"has-post-thumbnail","6":"industries-elektronik-und-elektrische-systeme","7":"industries-komfort-fahrhilfe-adas","8":"industries-medizinische-gerate-scanner","9":"product_cat-reinigung","10":"product_cat-reinigung-und-flussmittelentfernung-von-leiterplatten","11":"product_tag-70is-de","12":"product_tag-beschichtungen-de","13":"product_tag-dampfphase","14":"product_tag-flussmittelentfernung-de","15":"product_tag-klebstoff","16":"product_tag-losungsmittel","17":"product_tag-loesungsmittelbasierte-reinigungsfluessigkeiten","18":"product_tag-mono-losungsmittel","19":"product_tag-promosolv-de","20":"product_tag-promosolv-70is-de","21":"product_tag-recycelbar","22":"pa_application-flussmittelentfernung","23":"pa_application-kleber-beschichtungen","24":"pa_brand-promosolv-de-2","25":"pa_features-recycelbar","26":"pa_processes-mono-losungsmittel","27":"pa_product-category-loesungsmittelbasierte-reinigungsfluessigkeiten","29":"first","30":"instock","31":"shipping-taxable","32":"product-type-simple"},"acf":[],"_links":{"self":[{"href":"https:\/\/www.inventec.dehon.com\/de\/wp-json\/wp\/v2\/product\/16958","targetHints":{"allow":["GET"]}}],"collection":[{"href":"https:\/\/www.inventec.dehon.com\/de\/wp-json\/wp\/v2\/product"}],"about":[{"href":"https:\/\/www.inventec.dehon.com\/de\/wp-json\/wp\/v2\/types\/product"}],"replies":[{"embeddable":true,"href":"https:\/\/www.inventec.dehon.com\/de\/wp-json\/wp\/v2\/comments?post=16958"}],"wp:featuredmedia":[{"embeddable":true,"href":"https:\/\/www.inventec.dehon.com\/de\/wp-json\/wp\/v2\/media\/2277"}],"wp:attachment":[{"href":"https:\/\/www.inventec.dehon.com\/de\/wp-json\/wp\/v2\/media?parent=16958"}],"wp:term":[{"taxonomy":"product_brand","embeddable":true,"href":"https:\/\/www.inventec.dehon.com\/de\/wp-json\/wp\/v2\/product_brand?post=16958"},{"taxonomy":"product_cat","embeddable":true,"href":"https:\/\/www.inventec.dehon.com\/de\/wp-json\/wp\/v2\/product_cat?post=16958"},{"taxonomy":"product_tag","embeddable":true,"href":"https:\/\/www.inventec.dehon.com\/de\/wp-json\/wp\/v2\/product_tag?post=16958"}],"curies":[{"name":"wp","href":"https:\/\/api.w.org\/{rel}","templated":true}]}}