{"id":16485,"date":"2023-06-22T10:13:33","date_gmt":"2023-06-22T10:13:33","guid":{"rendered":"https:\/\/www.inventec.dehon.com\/?post_type=product&#038;p=16485"},"modified":"2026-01-29T10:01:45","modified_gmt":"2026-01-29T09:01:45","slug":"promosolv-neo-a1","status":"publish","type":"product","link":"https:\/\/www.inventec.dehon.com\/de\/product\/promosolv-neo-a1\/","title":{"rendered":"PROMOSOLV NEO A1"},"content":{"rendered":"<p><img decoding=\"async\" src=\"https:\/\/www.inventec.dehon.com\/wp-content\/uploads\/2021\/03\/PROMOSOLV-drum-colorless-Ecoprog-600x600.png\" alt=\"PROMOSOLV NEO A1\" class=\"responsive-img\" align=\"right\" style=\"border-radius:10px; margin-bottom:10px; margin-top:-10px; margin-left:15px; width:300px\" \/><\/p>\n<h2 style=\"color:#9bc947; margin-bottom:15px\">PFAS-freies Reinigungsmittel<\/h2>\n<ul>\n<li>Leichte reinigung, sp\u00fclen und trocknen<\/li>\n<li>Dampfphase, co-l\u00f6sungsmittel und trocknungsprozess<\/li>\n<li>Null GWP &#038; PFAS frei<\/li>\n<\/ul>\n<h5>PROMOSOLV NEO A1<\/h5>\n<p>Wurde speziell entwickelt, um L\u00f6sungsmittel mit hoher HSE-Belastung zu ersetzen und ein Produkt anzubieten, das den aktuellen und zuk\u00fcnftigen Umweltvorschriften entspricht. Die sehr niedrige Oberfl\u00e4chenspannung erm\u00f6glicht das Eindringen in sehr enge oder schwer zug\u00e4ngliche Bereiche und sorgt daf\u00fcr, dass die Reinigungschemie vollst\u00e4ndig entfernt wird.<\/p>\n<p>Die neu entwickelte PROMOSOLV NEO-Reihe repr\u00e4sentiert unsere Produkte mit einem ultra-niedrigen bis null GWP und einer geringen atmosph\u00e4rischen Lebensdauer, um die Auswirkungen auf die globale Erw\u00e4rmung zu reduzieren. Die Solvenzkraft wurde ebenfalls verbessert, was zu einer noch besseren und schnelleren Reinigungsleistung beitr\u00e4gt.<\/p>\n<p>Es kann in Kombination mit unserer TOPKLEAN\u2122- Reihe im Co-Solvent-Reinigungsprozess verwendet werden, um eine umweltfreundliche L\u00f6sungsmittell\u00f6sung zum Entfetten anzubieten, ohne Kompromisse bei der hohen Reinigungsleistung einzugehen. <strong>PROMOSOLV NEO A1<\/strong> kann auch fluorierte, silikonhaltige und leichte \u00d6le in einem Monol\u00f6sungsmittel-Reinigungsprozess aufl\u00f6sen.<\/p>\n<p><strong>PROMOSOLV NEO A1<\/strong> ist mit allen Metallen und Legierungen kompatibel, auch mit sehr empfindlichen. Es ist auch mit den meisten Kunststoffen und Elastomeren gut vertr\u00e4glich, muss aber vor der Verwendung getestet werden.<\/p>\n<p><strong>PROMOSOLV NEO A1<\/strong> wurde unter Ber\u00fccksichtigung der Sicherheit formuliert, was zu einem Produkt f\u00fchrte, das keine EUH-S\u00e4tze enth\u00e4lt, nicht brennbar ist, keinen Flammpunkt hat und PFAS-frei ist. <strong>Dar\u00fcber hinaus zeichnet sich PROMOSOLV NEO A1 als eines der wenigen Reinigungs- und Sp\u00fclmittel auf dem heutigen Markt aus, das vollst\u00e4ndig frei von PFAS (Per- und Polyfluoralkylsubstanzen) ist. Mit der Wahl dieses au\u00dfergew\u00f6hnlichen Produkts k\u00f6nnen Sie die langfristige Sicherheit und Zuverl\u00e4ssigkeit Ihres Reinigungsprozesses gew\u00e4hrleisten.<\/strong><\/p>\n<p><strong>PROMOSOLV NEO A1<\/strong> ist von mehreren Akteuren der Luft- und Raumfahrtindustrie qualifiziert und wird verwendet (z. B. Boeing BAC 5750 \/ASTMD 1353).<\/p>\n<p>Dieses Produkt gibt es auch in einer recycelten Version (hergestellt aus recyceltem L\u00f6sungsmittel) unter dem Namen <strong>PROMOSOLV NEO A1 T<\/strong><\/p>\n<p><strong>PROMOSOLV NEO A1<\/strong> ist ein direkter Ersatz f\u00fcr <strong>3M Novec 7100, Novec 7200 und Novec 8200<\/strong>, die voraussichtlich bis Ende 2025 freiwillig aus dem Markt genommen werden. Klicken Sie auf den Link f\u00fcr weitere Informationen zur Ank\u00fcndigung des <a href=\"https:\/\/www.inventec.dehon.com\/de\/3m-loesungsmittel-auslaufen-lassen\/\">Auslaufens von 3M Novec<\/a>.<\/p>\n<div style=\"font-family:Lato; color:#333;\">\n<div style=\"font-weight:bold; text-transform:uppercase; border-bottom:2px solid #9DBB2F; padding-bottom:6px; margin-bottom:10px;\">\n    Spezifikationen\n  <\/div>\n<table width=\"100%\" cellpadding=\"0\" cellspacing=\"0\" style=\"border-collapse:collapse; width:100%; max-width:100%;\">\n<tr>\n<th align=\"left\" style=\"background:#7A7A7A; color:#fff; padding:8px 12px; border:1px solid #BDBDBD;\">\n        Spezifikationen\n      <\/th>\n<th align=\"left\" style=\"background:#7A7A7A; color:#fff; padding:8px 12px; border:1px solid #BDBDBD;\">\n        Werte\n      <\/th>\n<th align=\"left\" style=\"background:#7A7A7A; color:#fff; padding:8px 12px; border:1px solid #BDBDBD;\">\n        Methoden\n      <\/th>\n<\/tr>\n<tr>\n<td style=\"padding:8px 12px; border:1px solid #BDBDBD;\">Aspekt<\/td>\n<td style=\"padding:8px 12px; border:1px solid #BDBDBD;\">Transparent, farblos<\/td>\n<td style=\"padding:8px 12px; border:1px solid #BDBDBD;\">Visuell<\/td>\n<\/tr>\n<tr style=\"background:#E6E6E6;\">\n<td style=\"padding:8px 12px; border:1px solid #BDBDBD;\">Reinheit (% Gewicht)<\/td>\n<td style=\"padding:8px 12px; border:1px solid #BDBDBD;\">>99.5<\/td>\n<td style=\"padding:8px 12px; border:1px solid #BDBDBD;\">Intern \/ BRY-MO-121<\/td>\n<\/tr>\n<\/table>\n<\/div>\n<div style=\"font-family:Lato; color:#333;\">\n<div style=\"font-weight:bold; text-transform:uppercase; border-bottom:2px solid #9DBB2F; padding-bottom:6px; margin:30px 0 10px;\">\n    Kenndaten\n  <\/div>\n<table width=\"100%\" cellpadding=\"0\" cellspacing=\"0\" style=\"border-collapse:collapse; width:100%; max-width:100%;\">\n<tr>\n<th align=\"left\" style=\"background:#7A7A7A; color:#fff; padding:8px 12px; border:1px solid #BDBDBD;\">\n        Kenndaten\n      <\/th>\n<th align=\"left\" style=\"background:#7A7A7A; color:#fff; padding:8px 12px; border:1px solid #BDBDBD;\">\n        Werte\n      <\/th>\n<\/tr>\n<tr>\n<td style=\"padding:8px 12px; border:1px solid #BDBDBD;\">Dichte (g\/ml)<\/td>\n<td style=\"padding:8px 12px; border:1px solid #BDBDBD;\">1.39<\/td>\n<\/tr>\n<tr style=\"background:#E6E6E6;\">\n<td style=\"padding:8px 12px; border:1px solid #BDBDBD;\">Siedepunkt (\u00b0C\/\u00b0F)<\/td>\n<td style=\"padding:8px 12px; border:1px solid #BDBDBD;\">54 \/ 129<\/td>\n<\/tr>\n<tr>\n<td style=\"padding:8px 12px; border:1px solid #BDBDBD;\">Gefrierpunkt (\u00b0C\/\u00b0F)<\/td>\n<td style=\"padding:8px 12px; border:1px solid #BDBDBD;\">-82 \/ -115<\/td>\n<\/tr>\n<tr style=\"background:#E6E6E6;\">\n<td style=\"padding:8px 12px; border:1px solid #BDBDBD;\">Flammpunkt<\/td>\n<td style=\"padding:8px 12px; border:1px solid #BDBDBD;\">Nein<\/td>\n<\/tr>\n<tr>\n<td style=\"padding:8px 12px; border:1px solid #BDBDBD;\">Oberfl\u00e4chenspannung (dyn\/cm)<\/td>\n<td style=\"padding:8px 12px; border:1px solid #BDBDBD;\">17<\/td>\n<\/tr>\n<tr style=\"background:#E6E6E6;\">\n<td style=\"padding:8px 12px; border:1px solid #BDBDBD;\">KB-Wert<\/td>\n<td style=\"padding:8px 12px; border:1px solid #BDBDBD;\">44<\/td>\n<\/tr>\n<tr>\n<td style=\"padding:8px 12px; border:1px solid #BDBDBD;\">Dampfdruck (kPa @25\u00b0C\/77\u00b0F)<\/td>\n<td style=\"padding:8px 12px; border:1px solid #BDBDBD;\">32.7<\/td>\n<\/tr>\n<tr style=\"background:#E6E6E6;\">\n<td style=\"padding:8px 12px; border:1px solid #BDBDBD;\">Latente Verdampfungsw\u00e4rme (kJ\/Kg @bp)<\/td>\n<td style=\"padding:8px 12px; border:1px solid #BDBDBD;\">213<\/td>\n<\/tr>\n<tr>\n<td style=\"padding:8px 12px; border:1px solid #BDBDBD;\">Spezifische W\u00e4rme (kJ\/Kg.K @25\u00b0C\/77\u00b0F)<\/td>\n<td style=\"padding:8px 12px; border:1px solid #BDBDBD;\">1.09<\/td>\n<\/tr>\n<tr style=\"background:#E6E6E6;\">\n<td style=\"padding:8px 12px; border:1px solid #BDBDBD;\">L\u00f6slichkeit in Wasser (ppm)<\/td>\n<td style=\"padding:8px 12px; border:1px solid #BDBDBD;\">1500<\/td>\n<\/tr>\n<tr>\n<td style=\"padding:8px 12px; border:1px solid #BDBDBD;\">Relative Verdunstungsrate (Ether=100)<\/td>\n<td style=\"padding:8px 12px; border:1px solid #BDBDBD;\">64<\/td>\n<\/tr>\n<tr style=\"background:#E6E6E6;\">\n<td style=\"padding:8px 12px; border:1px solid #BDBDBD;\">Elektrischer Widerstand (Ohm.m)<\/td>\n<td style=\"padding:8px 12px; border:1px solid #BDBDBD;\">8.7&#215;10\u2076<\/td>\n<\/tr>\n<tr>\n<td style=\"padding:8px 12px; border:1px solid #BDBDBD;\">Elektrische Leitf\u00e4higkeit (\u00b5S\/m @23\u00b0C\/73\u00b0F)<\/td>\n<td style=\"padding:8px 12px; border:1px solid #BDBDBD;\">1.1&#215;10\u207b\u00b9<\/td>\n<\/tr>\n<tr style=\"background:#E6E6E6;\">\n<td style=\"padding:8px 12px; border:1px solid #BDBDBD;\">W\u00e4rmeleitf\u00e4higkeit (W\/K @25\u00b0C\/77\u00b0F)<\/td>\n<td style=\"padding:8px 12px; border:1px solid #BDBDBD;\">0.135<\/td>\n<\/tr>\n<tr>\n<td style=\"padding:8px 12px; border:1px solid #BDBDBD;\">Kinematische Viskosit\u00e4t (\u00b5m\u00b2\/s @25\u00b0C\/77\u00b0F)<\/td>\n<td style=\"padding:8px 12px; border:1px solid #BDBDBD;\">0.41<\/td>\n<\/tr>\n<tr style=\"background:#E6E6E6;\">\n<td style=\"padding:8px 12px; border:1px solid #BDBDBD;\">Viskosit\u00e4t (mPa.s @25\u00b0C\/77\u00b0F)<\/td>\n<td style=\"padding:8px 12px; border:1px solid #BDBDBD;\">0.57<\/td>\n<\/tr>\n<\/table>\n<\/div>\n","protected":false},"excerpt":{"rendered":"<ul>\n<li>Leichte reinigung, sp\u00fclen und trocknen<\/li>\n<li>Dampfphase, co-l\u00f6sungsmittel und trocknungsprozess<\/li>\n<li>Null GWP &#038; PFAS frei<\/li>\n<li>Ersatz f\u00fcr 3M Novec 7100<small><br \/>\n<\/small><\/li>\n<\/ul>\n<p><a href=\"https:\/\/www.inventec.dehon.com\/wp-content\/uploads\/2023\/06\/GW-Score-24.png\"><img decoding=\"async\" class=\"alignnone wp-image-14819\" src=\"https:\/\/www.inventec.dehon.com\/wp-content\/uploads\/2023\/06\/GW-Score-24.png\" alt=\"\" width=\"40\" height=\"34\" \/><\/a><\/p>\n","protected":false},"featured_media":2277,"comment_status":"closed","ping_status":"closed","template":"","meta":{"_acf_changed":false,"inline_featured_image":false},"product_brand":[],"product_cat":[692,752,2861,2862,2864,411,753],"product_tag":[2315,4238,4282,4768,4326,547,4185,4764,4370,2314,2313,4394,4410,4744,2312,4599,4740,4728,4732,4736,4466],"class_list":{"0":"post-16485","1":"product","2":"type-product","3":"status-publish","4":"has-post-thumbnail","6":"industries-aerosysteme","7":"industries-antriebsstrang","8":"industries-chassis-rader-und-lenkung","9":"industries-landing-systeme","10":"industries-motoren","11":"product_cat-abbeizen-entoxidation","12":"product_cat-entfernung-von-partikeln","13":"product_cat-losungsmittel-zum-spulen","14":"product_cat-losungsmittel-zum-trocknen","15":"product_cat-olentfernung-von-verschiedenen-metallkomponenten","16":"product_cat-reinigung","17":"product_cat-sauerstoff-teilereinigung","18":"product_tag-a1-de","19":"product_tag-additive-fertigung-de","20":"product_tag-co-losungsmittel","21":"product_tag-dampfphase","22":"product_tag-greenway","23":"product_tag-losungsmittel","24":"product_tag-loesungsmittelbasierte-reinigungsfluessigkeiten","25":"product_tag-losungsmittelspulung","26":"product_tag-mono-losungsmittel","27":"product_tag-neo-de","28":"product_tag-neo-a1-de","29":"product_tag-olentfernung","30":"product_tag-partikelfrei","31":"product_tag-pfas-frei","32":"product_tag-promosolv-neo-a1-de","33":"product_tag-recycelbar","34":"product_tag-reinigung-von-sauerstoffsystemen-de","35":"product_tag-sauerstoff","36":"product_tag-sauerstoffreinigung","37":"product_tag-sauerstoffsysteme","38":"product_tag-ultra-niedriges-gwp","39":"pa_application-loesungen-fuer-additive-fertigung","40":"pa_application-oelentfernung","41":"pa_application-partikelentfernung","42":"pa_application-reinigung-von-sauerstoffsystemen","43":"pa_brand-promosolv-de-2","44":"pa_features-geeignet-fuer-kohlenwasserstoffbasierte-anwendungen","45":"pa_features-greenway","46":"pa_features-pfas-frei","47":"pa_features-recycelbar","48":"pa_features-sehr-niedriges-gwp","49":"pa_processes-co-losungsmittel","50":"pa_processes-loesungsmittelspuelung","51":"pa_processes-mono-losungsmittel","52":"pa_product-category-loesungsmittelbasierte-reinigungsfluessigkeiten","54":"first","55":"instock","56":"shipping-taxable","57":"product-type-simple"},"acf":[],"_links":{"self":[{"href":"https:\/\/www.inventec.dehon.com\/de\/wp-json\/wp\/v2\/product\/16485","targetHints":{"allow":["GET"]}}],"collection":[{"href":"https:\/\/www.inventec.dehon.com\/de\/wp-json\/wp\/v2\/product"}],"about":[{"href":"https:\/\/www.inventec.dehon.com\/de\/wp-json\/wp\/v2\/types\/product"}],"replies":[{"embeddable":true,"href":"https:\/\/www.inventec.dehon.com\/de\/wp-json\/wp\/v2\/comments?post=16485"}],"wp:featuredmedia":[{"embeddable":true,"href":"https:\/\/www.inventec.dehon.com\/de\/wp-json\/wp\/v2\/media\/2277"}],"wp:attachment":[{"href":"https:\/\/www.inventec.dehon.com\/de\/wp-json\/wp\/v2\/media?parent=16485"}],"wp:term":[{"taxonomy":"product_brand","embeddable":true,"href":"https:\/\/www.inventec.dehon.com\/de\/wp-json\/wp\/v2\/product_brand?post=16485"},{"taxonomy":"product_cat","embeddable":true,"href":"https:\/\/www.inventec.dehon.com\/de\/wp-json\/wp\/v2\/product_cat?post=16485"},{"taxonomy":"product_tag","embeddable":true,"href":"https:\/\/www.inventec.dehon.com\/de\/wp-json\/wp\/v2\/product_tag?post=16485"}],"curies":[{"name":"wp","href":"https:\/\/api.w.org\/{rel}","templated":true}]}}