{"id":14206,"date":"2021-12-21T12:36:45","date_gmt":"2022-12-16T13:33:48","guid":{"rendered":"https:\/\/www.inventec.dehon.com\/product\/pca-kit-promoclean-disper-13-2\/"},"modified":"2023-05-09T09:52:32","modified_gmt":"2023-05-09T09:52:32","slug":"pca-kit-promoclean-disper-13-2-2","status":"publish","type":"product","link":"https:\/\/www.inventec.dehon.com\/de\/product\/pca-kit-promoclean-disper-13-2-2\/","title":{"rendered":"PCA KIT Promoclean\u2122 Disper 13"},"content":{"rendered":"<ul>\n<li>Kit d\u2019analyse du contr\u00f4le des processus<\/li>\n<\/ul>\n<p>Gr\u00e2ce au PCA KIT d&#8217;INVENTEC, la concentration du bain peut \u00eatre mesur\u00e9e et ainsi \u00eatre ajust\u00e9e rapidement si n\u00e9cessaire. Manipuler et contr\u00f4ler reguli\u00e8rement le processus de netoyage de cette mani\u00e8re donne la garantie d&#8217;une qualit\u00e9 de nettoyage en ligne droite, d&#8217;une production reguli\u00e8re et aussi d&#8217;une prevention du bain de nettoyage.<\/p>\n","protected":false},"excerpt":{"rendered":"<ul>\n<li>Kit d\u2019analyse du contr\u00f4le des processus<\/li>\n<\/ul>\n","protected":false},"featured_media":0,"comment_status":"closed","ping_status":"closed","template":"","meta":{"_acf_changed":false,"inline_featured_image":false},"product_brand":[],"product_cat":[943],"product_tag":[],"class_list":{"0":"post-14206","1":"product","2":"type-product","3":"status-publish","5":"product_cat-uncategorized-de","7":"first","8":"instock","9":"shipping-taxable","10":"product-type-simple"},"acf":[],"_links":{"self":[{"href":"https:\/\/www.inventec.dehon.com\/de\/wp-json\/wp\/v2\/product\/14206","targetHints":{"allow":["GET"]}}],"collection":[{"href":"https:\/\/www.inventec.dehon.com\/de\/wp-json\/wp\/v2\/product"}],"about":[{"href":"https:\/\/www.inventec.dehon.com\/de\/wp-json\/wp\/v2\/types\/product"}],"replies":[{"embeddable":true,"href":"https:\/\/www.inventec.dehon.com\/de\/wp-json\/wp\/v2\/comments?post=14206"}],"wp:attachment":[{"href":"https:\/\/www.inventec.dehon.com\/de\/wp-json\/wp\/v2\/media?parent=14206"}],"wp:term":[{"taxonomy":"product_brand","embeddable":true,"href":"https:\/\/www.inventec.dehon.com\/de\/wp-json\/wp\/v2\/product_brand?post=14206"},{"taxonomy":"product_cat","embeddable":true,"href":"https:\/\/www.inventec.dehon.com\/de\/wp-json\/wp\/v2\/product_cat?post=14206"},{"taxonomy":"product_tag","embeddable":true,"href":"https:\/\/www.inventec.dehon.com\/de\/wp-json\/wp\/v2\/product_tag?post=14206"}],"curies":[{"name":"wp","href":"https:\/\/api.w.org\/{rel}","templated":true}]}}