{"id":14052,"date":"2022-12-12T09:29:08","date_gmt":"2022-12-16T08:51:40","guid":{"rendered":"https:\/\/www.inventec.dehon.com\/?post_type=product&#038;p=14052"},"modified":"2025-01-29T12:30:41","modified_gmt":"2025-01-29T12:30:41","slug":"co-solvent-reinigung","status":"publish","type":"product","link":"https:\/\/www.inventec.dehon.com\/de\/product\/co-solvent-reinigung\/","title":{"rendered":"CO-SOLVENT-REINIGUNG"},"content":{"rendered":"<h4><strong>EFFIZIENTES, SICHERES UND PRODUKTIVES PROZESS F\u00dcR DIE ELEKTRONIKINDUSTRIE.<\/strong><\/h4>\n<p><strong>Der Co-Solvent-Reinigungsprozess entfernt in kurzer Zykluszeit organische und mineralische R\u00fcckst\u00e4nde aus Lotpasten und L\u00f6tflussmitteln.<br \/>\n<\/strong><\/p>\n<div style=\"width: 640px;\" class=\"wp-video\"><!--[if lt IE 9]><script>document.createElement('video');<\/script><![endif]-->\n<video class=\"wp-video-shortcode\" id=\"video-14052-1\" width=\"640\" height=\"360\" preload=\"metadata\" controls=\"controls\"><source type=\"video\/mp4\" src=\"https:\/\/www.inventec.dehon.com\/wp-content\/uploads\/2022\/12\/Video-Inventec-3M-Co-solvent-DE.mp4?_=1\" \/><a href=\"https:\/\/www.inventec.dehon.com\/wp-content\/uploads\/2022\/12\/Video-Inventec-3M-Co-solvent-DE.mp4\">https:\/\/www.inventec.dehon.com\/wp-content\/uploads\/2022\/12\/Video-Inventec-3M-Co-solvent-DE.mp4<\/a><\/video><\/div>\n<p>&nbsp;<\/p>\n<ul>\n<li><strong>Reinigung:<\/strong> Die niedrige Viskosit\u00e4t der Mischung<strong> Topklean\u00ae EL 20<\/strong> und<strong> 3M\u2122 Novec\u2122 71IPA<\/strong> reinigt miniaturisierte Platinen, hohe Dichte und schwer zug\u00e4ngliche Stellen.<a href=\"https:\/\/www.inventec.dehon.com\/wp-content\/uploads\/2022\/12\/2EME-PAGE-petite.jpg\" rel=\"inv-colorbox\" title=\"CO-SOLVENT-REINIGUNG\"><img decoding=\"async\" class=\" wp-image-13989 alignright\" src=\"https:\/\/www.inventec.dehon.com\/wp-content\/uploads\/2022\/12\/2EME-PAGE-petite-300x169.jpg\" alt=\"\" width=\"289\" height=\"163\" srcset=\"https:\/\/www.inventec.dehon.com\/wp-content\/uploads\/2022\/12\/2EME-PAGE-petite-300x169.jpg 300w, https:\/\/www.inventec.dehon.com\/wp-content\/uploads\/2022\/12\/2EME-PAGE-petite.jpg 600w\" sizes=\"(max-width: 289px) 100vw, 289px\" \/><\/a><\/li>\n<li><strong>Sp\u00fclen in fl\u00fcssiger Phase: <\/strong><strong>3M\u2122 Novec\u2122 71IPA <\/strong>erm\u00f6glicht dank seiner geringen Oberfl\u00e4chenspannung ein leistungsstarkes Sp\u00fclenvon Karten mit komplexer Geometrie. Tats\u00e4chlich dringt es in sehr enge R\u00e4ume ein, in die ein Wassermolek\u00fcl nicht gelangen kann, um die vollst\u00e4ndige Entfernung von <strong>Topklean\u2122 EL 20<\/strong> zu gew\u00e4hrleisten.<strong><br \/>\n<\/strong><\/li>\n<li><strong>Sp\u00fclen mit Dampfphase :<\/strong> die Dampfphase, bestehend aus <strong>3M\u2122 Novec\u2122 71IPA<\/strong> rein, kondensiert und rieselt \u00fcber die Karte f\u00fcr eine abschlie\u00dfende Sp\u00fclung.<\/li>\n<li>Die <strong>Trocknung<\/strong> erfolgt in der Dampfphase und wird in der Kaltzone fortgesetzt, um ein schnelles und optimales Finish zu erzielen.<\/li>\n<\/ul>\n<h4><strong>WELCHE VORTEILE BIETET IHNEN DER CO-SOLVENT-PROZESS?<\/strong><\/h4>\n<p><a href=\"https:\/\/www.inventec.dehon.com\/wp-content\/uploads\/2022\/12\/AVANTAGES-DE-1.png\" rel=\"inv-colorbox\" title=\"CO-SOLVENT-REINIGUNG\"><img decoding=\"async\" class=\"alignnone size-full wp-image-14074\" src=\"https:\/\/www.inventec.dehon.com\/wp-content\/uploads\/2022\/12\/AVANTAGES-DE-1.png\" alt=\"\" width=\"1158\" height=\"817\" srcset=\"https:\/\/www.inventec.dehon.com\/wp-content\/uploads\/2022\/12\/AVANTAGES-DE-1.png 1158w, https:\/\/www.inventec.dehon.com\/wp-content\/uploads\/2022\/12\/AVANTAGES-DE-1-300x212.png 300w, https:\/\/www.inventec.dehon.com\/wp-content\/uploads\/2022\/12\/AVANTAGES-DE-1-1024x722.png 1024w, https:\/\/www.inventec.dehon.com\/wp-content\/uploads\/2022\/12\/AVANTAGES-DE-1-768x542.png 768w, https:\/\/www.inventec.dehon.com\/wp-content\/uploads\/2022\/12\/AVANTAGES-DE-1-600x423.png 600w\" sizes=\"(max-width: 1158px) 100vw, 1158px\" \/><\/a><\/p>\n<p>*Ein spezielles PCA-Kit zur \u00dcberwachung des Badstatus ist auf Anfrage erh\u00e4ltlich.<\/p>\n<p><a href=\"https:\/\/www.inventec.dehon.com\/wp-content\/uploads\/2022\/12\/ENCART-DE.png\" rel=\"inv-colorbox\" title=\"CO-SOLVENT-REINIGUNG\"><img decoding=\"async\" class=\"size-full wp-image-14069 aligncenter\" src=\"https:\/\/www.inventec.dehon.com\/wp-content\/uploads\/2022\/12\/ENCART-DE.png\" alt=\"\" width=\"817\" height=\"412\" srcset=\"https:\/\/www.inventec.dehon.com\/wp-content\/uploads\/2022\/12\/ENCART-DE.png 817w, https:\/\/www.inventec.dehon.com\/wp-content\/uploads\/2022\/12\/ENCART-DE-300x151.png 300w, https:\/\/www.inventec.dehon.com\/wp-content\/uploads\/2022\/12\/ENCART-DE-768x387.png 768w, https:\/\/www.inventec.dehon.com\/wp-content\/uploads\/2022\/12\/ENCART-DE-600x303.png 600w\" sizes=\"(max-width: 817px) 100vw, 817px\" \/><\/a><\/p>\n<p>&nbsp;<\/p>\n","protected":false},"excerpt":{"rendered":"<h3><strong>EFFIZIENTES, SICHERES UND PRODUKTIVES PROZESS F\u00dcR DIE ELEKTRONIKINDUSTRIE.<\/strong><\/h3>\n<p>Der Co-Solvent-Reinigungsprozess entfernt in kurzer Zykluszeit organische und mineralische R\u00fcckst\u00e4nde aus Lotpasten und L\u00f6tflussmitteln.<\/p>\n","protected":false},"featured_media":13992,"comment_status":"closed","ping_status":"closed","template":"","meta":{"_acf_changed":false,"inline_featured_image":false},"product_brand":[],"product_cat":[411],"product_tag":[],"class_list":{"0":"post-14052","1":"product","2":"type-product","3":"status-publish","4":"has-post-thumbnail","6":"product_cat-reinigung","8":"first","9":"instock","10":"shipping-taxable","11":"product-type-simple"},"acf":[],"_links":{"self":[{"href":"https:\/\/www.inventec.dehon.com\/de\/wp-json\/wp\/v2\/product\/14052","targetHints":{"allow":["GET"]}}],"collection":[{"href":"https:\/\/www.inventec.dehon.com\/de\/wp-json\/wp\/v2\/product"}],"about":[{"href":"https:\/\/www.inventec.dehon.com\/de\/wp-json\/wp\/v2\/types\/product"}],"replies":[{"embeddable":true,"href":"https:\/\/www.inventec.dehon.com\/de\/wp-json\/wp\/v2\/comments?post=14052"}],"wp:featuredmedia":[{"embeddable":true,"href":"https:\/\/www.inventec.dehon.com\/de\/wp-json\/wp\/v2\/media\/13992"}],"wp:attachment":[{"href":"https:\/\/www.inventec.dehon.com\/de\/wp-json\/wp\/v2\/media?parent=14052"}],"wp:term":[{"taxonomy":"product_brand","embeddable":true,"href":"https:\/\/www.inventec.dehon.com\/de\/wp-json\/wp\/v2\/product_brand?post=14052"},{"taxonomy":"product_cat","embeddable":true,"href":"https:\/\/www.inventec.dehon.com\/de\/wp-json\/wp\/v2\/product_cat?post=14052"},{"taxonomy":"product_tag","embeddable":true,"href":"https:\/\/www.inventec.dehon.com\/de\/wp-json\/wp\/v2\/product_tag?post=14052"}],"curies":[{"name":"wp","href":"https:\/\/api.w.org\/{rel}","templated":true}]}}