{"id":13364,"date":"2022-04-13T09:20:22","date_gmt":"2022-04-13T09:20:22","guid":{"rendered":"https:\/\/www.inventec.dehon.com\/?post_type=product&#038;p=13364"},"modified":"2026-03-11T10:58:14","modified_gmt":"2026-03-11T09:58:14","slug":"amtech-nc-559-v3-tf","status":"publish","type":"product","link":"https:\/\/www.inventec.dehon.com\/de\/product\/amtech-nc-559-v3-tf\/","title":{"rendered":"AMTECH NC-559-V3-TF"},"content":{"rendered":"<p><img decoding=\"async\" src=\"https:\/\/www.inventec.dehon.com\/wp-content\/uploads\/2025\/09\/AMTECH-TF-Picto.jpg\" alt=\"AMTECH NC-559-V3-TF\" class=\"responsive-img\" align=\"right\" style=\"border-radius:10px; margin-bottom:10px; margin-top:-10px; margin-left:15px; width:300px\" \/><\/p>\n<h2 style=\"color: #9bc947; margin-bottom: 15px;\">Klebriger Flussmittel f\u00fcr Profis<\/h2>\n<ul>\n<li>Kein sauberes klebriges Flussmittel<\/li>\n<li>Verbleites\/bleifreies L\u00f6ten<\/li>\n<li>Ausgezeichnete Benetzungseigenschaften<\/li>\n<\/ul>\n<div class=\"button-wrapper\" style=\"flex-shrink: 0; display: flex; align-items: left; min-width: 250px; justify-content: left; margin-bottom:20px\">\n<a href=\"https:\/\/shop.inventec.dehon.com\/collections\/flux\" class=\"btn btn-lg btn-primary rounded-pill\" style=\"display: flex; flex-direction: column; justify-content: center; align-items: center; text-align: center; height: 100%; padding: 10px 20px; box-shadow: 0 2px 8px rgba(0, 0, 0, 0.1); font-weight: bold;\" target=\"_blank\">Online kaufen<br \/><font style=\"font-size:11px; font-weight: 200;\">WELTWEITER VERSAND VERF\u00dcGBAR<\/font><\/a>\n<\/div>\n<h5>AMTECH NC-559-V3-TF<\/h5>\n<p>\nDies ist die 3<sup>.<\/sup> Generation des bekannten <strong>NC-559 klebrigen Flussmittels<\/strong>. Es wurde entwickelt, um eine noch bessere Benetzung sowie einen klareren und transparenteren R\u00fcckstand zu erzielen. Die Formulierung eignet sich f\u00fcr die Applikation per Spritze, den Schablonendruck sowie f\u00fcr Nacharbeitsprozesse auf allen Leiterplatten-Oberfl\u00e4chen (PCB). <strong>AMTECH NC-559-V3-TF<\/strong> zeigt hervorragende Leistungen bei der Befestigung von BGA-Kugeln sowie beim Reballing. Dar\u00fcber hinaus ist es f\u00fcr alle Flip-Chip-Bumping- und Chip-Scale-Packaging-Anwendungen ausgelegt.\n<\/p>\n<p><!-- SECTION KOMPATIBLE LEGIERUNGEN --><\/p>\n<div style=\"font-weight:bold; text-transform:uppercase; border-bottom:2px solid #9DBB2F; padding-bottom:6px; margin:20px 0 10px;\">\n  KOMPATIBLE LEGIERUNGEN\n<\/div>\n<table width=\"100%\" cellpadding=\"0\" cellspacing=\"0\" style=\"border-collapse:collapse; width:100%;\">\n<tr>\n<th style=\"background:#7A7A7A; color:#fff; padding:8px 12px; border:1px solid #BDBDBD;\">LEGIERUNG<\/th>\n<th style=\"background:#7A7A7A; color:#fff; padding:8px 12px; border:1px solid #BDBDBD;\">TEMPERATUR \u00b0C<\/th>\n<th style=\"background:#7A7A7A; color:#fff; padding:8px 12px; border:1px solid #BDBDBD;\">TEMPERATUR \u00b0F<\/th>\n<\/tr>\n<tr>\n<td style=\"padding:8px 12px; border:1px solid #BDBDBD;\">63Sn\/37Pb<\/td>\n<td style=\"padding:8px 12px; border:1px solid #BDBDBD;\">183<\/td>\n<td style=\"padding:8px 12px; border:1px solid #BDBDBD;\">361<\/td>\n<\/tr>\n<tr style=\"background:#E6E6E6;\">\n<td style=\"padding:8px 12px; border:1px solid #BDBDBD;\">62Sn\/36Pb\/2Ag<\/td>\n<td style=\"padding:8px 12px; border:1px solid #BDBDBD;\">179<\/td>\n<td style=\"padding:8px 12px; border:1px solid #BDBDBD;\">354<\/td>\n<\/tr>\n<tr>\n<td style=\"padding:8px 12px; border:1px solid #BDBDBD;\">62.8Sn\/36.8Pb\/0.4Ag<\/td>\n<td style=\"padding:8px 12px; border:1px solid #BDBDBD;\">179\u2013183<\/td>\n<td style=\"padding:8px 12px; border:1px solid #BDBDBD;\">354\u2013361<\/td>\n<\/tr>\n<tr style=\"background:#E6E6E6;\">\n<td style=\"padding:8px 12px; border:1px solid #BDBDBD;\">60Sn\/40Pb<\/td>\n<td style=\"padding:8px 12px; border:1px solid #BDBDBD;\">183\u2013191<\/td>\n<td style=\"padding:8px 12px; border:1px solid #BDBDBD;\">361\u2013376<\/td>\n<\/tr>\n<tr>\n<td style=\"padding:8px 12px; border:1px solid #BDBDBD;\">43Sn\/43Pb\/14Bi<\/td>\n<td style=\"padding:8px 12px; border:1px solid #BDBDBD;\">144\u2013163<\/td>\n<td style=\"padding:8px 12px; border:1px solid #BDBDBD;\">291\u2013325<\/td>\n<\/tr>\n<tr style=\"background:#E6E6E6;\">\n<td style=\"padding:8px 12px; border:1px solid #BDBDBD;\">42Sn\/58Bi<\/td>\n<td style=\"padding:8px 12px; border:1px solid #BDBDBD;\">138<\/td>\n<td style=\"padding:8px 12px; border:1px solid #BDBDBD;\">280<\/td>\n<\/tr>\n<tr>\n<td style=\"padding:8px 12px; border:1px solid #BDBDBD;\">10Sn\/88Pb\/2Ag<\/td>\n<td style=\"padding:8px 12px; border:1px solid #BDBDBD;\">268\u2013290<\/td>\n<td style=\"padding:8px 12px; border:1px solid #BDBDBD;\">514\u2013554<\/td>\n<\/tr>\n<\/table>\n<p><!-- SECTION TESTERGEBNISSE --><\/p>\n<div style=\"font-weight:bold; text-transform:uppercase; border-bottom:2px solid #9DBB2F; padding-bottom:6px; margin:20px 0 10px;\">\n  TESTERGEBNISSE\n<\/div>\n<table width=\"100%\" cellpadding=\"0\" cellspacing=\"0\" style=\"border-collapse:collapse; width:100%;\">\n<tr>\n<th align=\"left\" style=\"background:#7A7A7A; color:#fff; padding:8px 12px; border:1px solid #BDBDBD;\">\n      TEST J-STD-004 ODER ANDERE ANFORDERUNGEN (WIE ANGEGEBEN)\n    <\/th>\n<th align=\"left\" style=\"background:#7A7A7A; color:#fff; padding:8px 12px; border:1px solid #BDBDBD;\">\n      TESTANFORDERUNG\n    <\/th>\n<th align=\"left\" style=\"background:#7A7A7A; color:#fff; padding:8px 12px; border:1px solid #BDBDBD;\">\n      ERGEBNIS\n    <\/th>\n<\/tr>\n<tr>\n<td style=\"padding:8px 12px; border:1px solid #BDBDBD;\">Kupferspiegeltest<\/td>\n<td style=\"padding:8px 12px; border:1px solid #BDBDBD;\">IPC-TM-650: 2.3.32<\/td>\n<td style=\"padding:8px 12px; border:1px solid #BDBDBD;\">L: Kein Durchbruch<\/td>\n<\/tr>\n<tr style=\"background:#E6E6E6;\">\n<td style=\"padding:8px 12px; border:1px solid #BDBDBD;\">Korrosion<\/td>\n<td style=\"padding:8px 12px; border:1px solid #BDBDBD;\">IPC-TM-650: 2.6.15<\/td>\n<td style=\"padding:8px 12px; border:1px solid #BDBDBD;\">L: Keine Korrosion<\/td>\n<\/tr>\n<tr>\n<td style=\"padding:8px 12px; border:1px solid #BDBDBD;\">Quantitative Halogenide<\/td>\n<td style=\"padding:8px 12px; border:1px solid #BDBDBD;\">IPC-TM-650: 2.3.28.1<\/td>\n<td style=\"padding:8px 12px; border:1px solid #BDBDBD;\">L: Halogenfrei<\/td>\n<\/tr>\n<tr style=\"background:#E6E6E6;\">\n<td style=\"padding:8px 12px; border:1px solid #BDBDBD;\">Elektrochemische Migration<\/td>\n<td style=\"padding:8px 12px; border:1px solid #BDBDBD;\">IPC-TM-650: 2.6.14.1<\/td>\n<td style=\"padding:8px 12px; border:1px solid #BDBDBD;\">L: &lt; 1 Dekadenabfall (No-Clean)<\/td>\n<\/tr>\n<tr>\n<td style=\"padding:8px 12px; border:1px solid #BDBDBD;\">\n      Viskosit\u00e4t \u2013 Brookfield \/ 20\u00b0C<br \/>\n      HELIPATH Mobile F System, bei 5 U\/min\n    <\/td>\n<td style=\"padding:8px 12px; border:1px solid #BDBDBD;\">IPC-TM-650: 2.4.34.4<\/td>\n<td style=\"padding:8px 12px; border:1px solid #BDBDBD;\">Typisch: 400<\/td>\n<\/tr>\n<tr style=\"background:#E6E6E6;\">\n<td style=\"padding:8px 12px; border:1px solid #BDBDBD;\">Visuelle Pr\u00fcfung<\/td>\n<td style=\"padding:8px 12px; border:1px solid #BDBDBD;\">IPC-TM-650: 3.4.2.5<\/td>\n<td style=\"padding:8px 12px; border:1px solid #BDBDBD;\">Klar und frei von Ausf\u00e4llungen<\/td>\n<\/tr>\n<tr>\n<td style=\"padding:8px 12px; border:1px solid #BDBDBD;\">Konfliktmineralien-Konformit\u00e4t<\/td>\n<td style=\"padding:8px 12px; border:1px solid #BDBDBD;\">\n      Electronic Industry Citizenship Coalition (EICC)\n    <\/td>\n<td style=\"padding:8px 12px; border:1px solid #BDBDBD;\">Konform<\/td>\n<\/tr>\n<tr style=\"background:#E6E6E6;\">\n<td style=\"padding:8px 12px; border:1px solid #BDBDBD;\">REACH-Konformit\u00e4t<\/td>\n<td style=\"padding:8px 12px; border:1px solid #BDBDBD;\">\n      Artikel 33 und 67 der Verordnung (EG) Nr. 1907\/2006\n    <\/td>\n<td style=\"padding:8px 12px; border:1px solid #BDBDBD;\">\n      Kann bis zu 7 % (w\/w) ethoxyliertes 4-Nonylphenol enthalten\n    <\/td>\n<\/tr>\n<\/table>\n","protected":false},"excerpt":{"rendered":"<ul>\n<li>Kein sauberes klebriges Flussmittel<\/li>\n<li>Verbleites\/bleifreies L\u00f6ten<\/li>\n<li>Ausgezeichnete Benetzungseigenschaften<\/li>\n<\/ul>\n","protected":false},"featured_media":32119,"comment_status":"closed","ping_status":"closed","template":"","meta":{"_acf_changed":false,"inline_featured_image":false},"product_brand":[],"product_cat":[2845],"product_tag":[5742,1744,5095,5083,5099,5035,3997,5354,5087,5350,5346,1747,1746,5306,3995],"class_list":{"0":"post-13364","1":"product","2":"type-product","3":"status-publish","4":"has-post-thumbnail","6":"product_cat-tacky-flux-hochviskose-flussmittellosungen","7":"product_tag-559-v3-tf","8":"product_tag-amtech-nc-559-v3-de","9":"product_tag-blei","10":"product_tag-bleifrei","11":"product_tag-bleilegierung","12":"product_tag-exzellente-benetzung","13":"product_tag-flip-chip-de","14":"product_tag-handloeten","15":"product_tag-legierung-bleifrei","16":"product_tag-loetnacharbeit","17":"product_tag-nacharbeit","18":"product_tag-nc-559-de","19":"product_tag-nc-559-v3-de","20":"product_tag-no-clean","21":"product_tag-tacky-flux-de","22":"pa_brand-amtech-de","23":"pa_features-legierung-bleifrei","24":"pa_features-legierung-mit-bleilegierung","25":"pa_processes-nacharbeiten-handloeten","26":"pa_product-category-klebriges-flussmittel","28":"first","29":"instock","30":"shipping-taxable","31":"product-type-simple"},"acf":[],"_links":{"self":[{"href":"https:\/\/www.inventec.dehon.com\/de\/wp-json\/wp\/v2\/product\/13364","targetHints":{"allow":["GET"]}}],"collection":[{"href":"https:\/\/www.inventec.dehon.com\/de\/wp-json\/wp\/v2\/product"}],"about":[{"href":"https:\/\/www.inventec.dehon.com\/de\/wp-json\/wp\/v2\/types\/product"}],"replies":[{"embeddable":true,"href":"https:\/\/www.inventec.dehon.com\/de\/wp-json\/wp\/v2\/comments?post=13364"}],"wp:featuredmedia":[{"embeddable":true,"href":"https:\/\/www.inventec.dehon.com\/de\/wp-json\/wp\/v2\/media\/32119"}],"wp:attachment":[{"href":"https:\/\/www.inventec.dehon.com\/de\/wp-json\/wp\/v2\/media?parent=13364"}],"wp:term":[{"taxonomy":"product_brand","embeddable":true,"href":"https:\/\/www.inventec.dehon.com\/de\/wp-json\/wp\/v2\/product_brand?post=13364"},{"taxonomy":"product_cat","embeddable":true,"href":"https:\/\/www.inventec.dehon.com\/de\/wp-json\/wp\/v2\/product_cat?post=13364"},{"taxonomy":"product_tag","embeddable":true,"href":"https:\/\/www.inventec.dehon.com\/de\/wp-json\/wp\/v2\/product_tag?post=13364"}],"curies":[{"name":"wp","href":"https:\/\/api.w.org\/{rel}","templated":true}]}}