{"id":10187,"date":"2021-04-09T13:12:21","date_gmt":"2021-04-09T13:12:21","guid":{"rendered":"https:\/\/www.inventec.dehon.com\/product\/promoclean-disper-2\/"},"modified":"2026-01-28T09:46:28","modified_gmt":"2026-01-28T08:46:28","slug":"promoclean-disper-2","status":"publish","type":"product","link":"https:\/\/www.inventec.dehon.com\/de\/product\/promoclean-disper-2\/","title":{"rendered":"PROMOCLEAN DISPER 2"},"content":{"rendered":"<p><img decoding=\"async\" src=\"https:\/\/www.inventec.dehon.com\/wp-content\/uploads\/2021\/04\/PROMOCLEAN-canister-blue.png\" alt=\"PROMOCLEAN DISPER 2\" class=\"responsive-img\" align=\"right\" style=\"border-radius:10px; margin-bottom:10px; margin-top:-10px; margin-left:15px; width:300px\" \/><\/p>\n<h2 style=\"color:#9bc947; margin-bottom:15px\">Entfernung von Kohlenwasserstoffen, wasserbasierten \u00d6len und Fetten<\/h2>\n<ul>\n<li>Reinigungsmittel zur Entfernung von \u00d6len und Fetten auf Metallteilen<\/li>\n<li>Spr\u00fch-, Sp\u00fcl- und Tauchstrahlverfahren<\/li>\n<li>Kompatibel mit einer breiten Palette von Metallen<\/li>\n<\/ul>\n<h5>PROMOCLEAN DISPER 2<\/h5>\n<p>Speziell entwickelt f\u00fcr die Entfernung von \u00d6len und Fetten auf Kohlenwasserstoff- oder Wasserbasis. Dank seiner ausgezeichneten Antischaumeigenschaften ist es f\u00fcr w\u00e4ssrige Spr\u00fch-, Sp\u00fcl- oder Tauchstrahlverfahren geeignet. Trotz seines hohen pH-Werts, der eine effiziente Reinigung erm\u00f6glicht, besch\u00e4digt es keine empfindlichen Metalle oder Legierungen wie Inox, Eisenlegierungen, Titan und Kupfer. Seien Sie trotzdem vorsichtig mit Aluminium, Messing und Leichtmetalllegierungen und testen Sie sie vor der Verwendung. Es handelt sich um ein konzentriertes Produkt, das mit DI-Wasser verd\u00fcnnt verwendet wird.<\/p>\n<p><strong>PROMOCLEAN DISPER 2<\/strong> ist qualifiziert und wird von mehreren Akteuren in der Luft- und Raumfahrtindustrie eingesetzt (z.B. SAFRAN PR 1500B \/ SNECMA DMP 13300 \/ SNECMA DMR 70216).<\/p>\n<div style=\"font-family:Lato; color:#333;\">\n<div style=\"font-weight:bold; text-transform:uppercase; border-bottom:2px solid #9DBB2F; padding-bottom:6px; margin-bottom:10px;\">\n    SPEZIFIKATIONEN\n  <\/div>\n<table width=\"100%\" cellpadding=\"0\" cellspacing=\"0\" style=\"border-collapse:collapse; width:100%; max-width:100%;\">\n<tr>\n<th align=\"left\" style=\"background:#7A7A7A; color:#fff; padding:8px 12px; border:1px solid #BDBDBD;\">\n        SPEZIFIKATIONEN\n      <\/th>\n<th align=\"left\" style=\"background:#7A7A7A; color:#fff; padding:8px 12px; border:1px solid #BDBDBD;\">\n        WERTE\n      <\/th>\n<th align=\"left\" style=\"background:#7A7A7A; color:#fff; padding:8px 12px; border:1px solid #BDBDBD;\">\n        METHODEN\n      <\/th>\n<\/tr>\n<tr>\n<td style=\"padding:8px 12px; border:1px solid #BDBDBD;\">Aspekt<\/td>\n<td style=\"padding:8px 12px; border:1px solid #BDBDBD;\">Gelb<\/td>\n<td style=\"padding:8px 12px; border:1px solid #BDBDBD;\">Visuell<\/td>\n<\/tr>\n<tr style=\"background:#E6E6E6;\">\n<td style=\"padding:8px 12px; border:1px solid #BDBDBD;\">Dichte bei 20\u00b0C (g\/ml)<\/td>\n<td style=\"padding:8px 12px; border:1px solid #BDBDBD;\">1,29 \u00b1 0,02<\/td>\n<td style=\"padding:8px 12px; border:1px solid #BDBDBD;\">BRY-MO-028<\/td>\n<\/tr>\n<tr>\n<td style=\"padding:8px 12px; border:1px solid #BDBDBD;\">pH-Wert des reinen Produkts<\/td>\n<td style=\"padding:8px 12px; border:1px solid #BDBDBD;\">13,00 \u00b1 0,5<\/td>\n<td style=\"padding:8px 12px; border:1px solid #BDBDBD;\">BRY-MO-011<\/td>\n<\/tr>\n<tr style=\"background:#E6E6E6;\">\n<td style=\"padding:8px 12px; border:1px solid #BDBDBD;\">pH bei 1%<\/td>\n<td style=\"padding:8px 12px; border:1px solid #BDBDBD;\">11,9 \u00b1 0,5<\/td>\n<td style=\"padding:8px 12px; border:1px solid #BDBDBD;\">BRY-MO-011<\/td>\n<\/tr>\n<\/table>\n<\/div>\n<div style=\"font-family:Lato; color:#333;\">\n<div style=\"font-weight:bold; text-transform:uppercase; border-bottom:2px solid #9DBB2F; padding-bottom:6px; margin:30px 0 10px;\">\n    KENNDATEN\n  <\/div>\n<table width=\"100%\" cellpadding=\"0\" cellspacing=\"0\" style=\"border-collapse:collapse; width:100%; max-width:100%;\">\n<tr>\n<th align=\"left\" style=\"background:#7A7A7A; color:#fff; padding:8px 12px; border:1px solid #BDBDBD;\">\n        KENNDATEN\n      <\/th>\n<th align=\"left\" style=\"background:#7A7A7A; color:#fff; padding:8px 12px; border:1px solid #BDBDBD;\">\n        WERTE\n      <\/th>\n<\/tr>\n<tr>\n<td style=\"padding:8px 12px; border:1px solid #BDBDBD;\">L\u00f6slichkeit in Wasser<\/td>\n<td style=\"padding:8px 12px; border:1px solid #BDBDBD;\">Total l\u00f6slich<\/td>\n<\/tr>\n<tr style=\"background:#E6E6E6;\">\n<td style=\"padding:8px 12px; border:1px solid #BDBDBD;\">Brechungsindex bei 20\u00b0C<\/td>\n<td style=\"padding:8px 12px; border:1px solid #BDBDBD;\">1,39<\/td>\n<\/tr>\n<\/table>\n<\/div>\n","protected":false},"excerpt":{"rendered":"<ul>\n<li>Reinigungsmittel zur Entfernung von \u00d6len und Fetten auf Metallteilen<\/li>\n<li>Spr\u00fch-, Sp\u00fcl- und Tauchstrahlverfahren<\/li>\n<li>Kompatibel mit einer breiten Palette von Metallen<\/li>\n<\/ul>\n<p><a href=\"https:\/\/www.inventec.dehon.com\/wp-content\/uploads\/2023\/06\/GW-Score-26.png\"><img decoding=\"async\" class=\"alignnone wp-image-14922\" src=\"https:\/\/www.inventec.dehon.com\/wp-content\/uploads\/2023\/06\/GW-Score-26.png\" alt=\"\" width=\"40\" height=\"34\" \/><\/a><\/p>\n","protected":false},"featured_media":2432,"comment_status":"closed","ping_status":"closed","template":"","meta":{"_acf_changed":false,"inline_featured_image":false},"product_brand":[],"product_cat":[2865,2864,411],"product_tag":[2025,2118,4322,4326,4394,2007,2117,4454,4795,4799,4254,4266,4787],"class_list":{"0":"post-10187","1":"product","2":"type-product","3":"status-publish","4":"has-post-thumbnail","6":"industries-antriebsstrang","7":"industries-automobil","8":"industries-chassis-rader-und-lenkung","9":"industries-landing-systeme","10":"industries-luft-und-raumfahrt-verteidigung","11":"industries-medizintechnik","12":"industries-motoren","13":"product_cat-fettentfernung-von-verschiedenen-metallkomponenten","14":"product_cat-olentfernung-von-verschiedenen-metallkomponenten","15":"product_cat-reinigung","16":"product_tag-disper-de","17":"product_tag-disper-2-de","18":"product_tag-fettentfernung-de","19":"product_tag-greenway","20":"product_tag-olentfernung","21":"product_tag-promoclean-de","22":"product_tag-promoclean-disper-2-de","23":"product_tag-spray","24":"product_tag-spuelen","25":"product_tag-tauchstrahl","26":"product_tag-wasserbasierte-reinigungsfluessigkeiten-de","27":"product_tag-wasserbasierte-spruehreinigung","28":"product_tag-waessrige-tauchstrahlreinigung","29":"pa_application-fettentfernung","30":"pa_application-oelentfernung","31":"pa_brand-promoclean-de","32":"pa_features-greenway","33":"pa_processes-spray-auf-wasserbasis","34":"pa_processes-spulung","35":"pa_processes-waessriger-immersionsstrahl","36":"pa_product-category-wasserbasierte-reinigungsfluessigkeiten","38":"first","39":"instock","40":"shipping-taxable","41":"product-type-simple"},"acf":[],"_links":{"self":[{"href":"https:\/\/www.inventec.dehon.com\/de\/wp-json\/wp\/v2\/product\/10187","targetHints":{"allow":["GET"]}}],"collection":[{"href":"https:\/\/www.inventec.dehon.com\/de\/wp-json\/wp\/v2\/product"}],"about":[{"href":"https:\/\/www.inventec.dehon.com\/de\/wp-json\/wp\/v2\/types\/product"}],"replies":[{"embeddable":true,"href":"https:\/\/www.inventec.dehon.com\/de\/wp-json\/wp\/v2\/comments?post=10187"}],"wp:featuredmedia":[{"embeddable":true,"href":"https:\/\/www.inventec.dehon.com\/de\/wp-json\/wp\/v2\/media\/2432"}],"wp:attachment":[{"href":"https:\/\/www.inventec.dehon.com\/de\/wp-json\/wp\/v2\/media?parent=10187"}],"wp:term":[{"taxonomy":"product_brand","embeddable":true,"href":"https:\/\/www.inventec.dehon.com\/de\/wp-json\/wp\/v2\/product_brand?post=10187"},{"taxonomy":"product_cat","embeddable":true,"href":"https:\/\/www.inventec.dehon.com\/de\/wp-json\/wp\/v2\/product_cat?post=10187"},{"taxonomy":"product_tag","embeddable":true,"href":"https:\/\/www.inventec.dehon.com\/de\/wp-json\/wp\/v2\/product_tag?post=10187"}],"curies":[{"name":"wp","href":"https:\/\/api.w.org\/{rel}","templated":true}]}}