{"id":10186,"date":"2021-02-26T15:14:24","date_gmt":"2021-02-26T15:14:24","guid":{"rendered":"https:\/\/www.inventec.dehon.com\/product\/promosolv-mantel-ut10\/"},"modified":"2026-01-22T16:16:29","modified_gmt":"2026-01-22T15:16:29","slug":"promosolv-coat-ut10","status":"publish","type":"product","link":"https:\/\/www.inventec.dehon.com\/de\/product\/promosolv-coat-ut10\/","title":{"rendered":"PROMOSOLV COAT UT10"},"content":{"rendered":"<p><img decoding=\"async\" src=\"https:\/\/www.inventec.dehon.com\/wp-content\/uploads\/2021\/04\/PROMOSOLV-Coat-drum-600x600.png\" alt=\"PROMOSOLV COAT UT10\" class=\"responsive-img\" align=\"right\" style=\"border-radius:10px; margin-bottom:10px; margin-top:-10px; margin-left:15px; width:300px\" \/><\/p>\n<h2 style=\"color:#9bc947; margin-bottom:15px\">Hochleistungs-Tr\u00e4gerl\u00f6sungsmittel f\u00fcr ultrad\u00fcnne Beschichtungen<\/h2>\n<ul>\n<li>Ultrad\u00fcnne hydrophobe und oleophobe Beschichtung<\/li>\n<li>Tauch- und Spritzverfahren<\/li>\n<li>Einfacher und schneller Prozess<\/li>\n<\/ul>\n<h5>PROMOSOLV COAT UT10<\/h5>\n<p>Eine transparente hydrophobe und oleophobe ultrad\u00fcnne Beschichtung zum Schutz von Elektronik und anderen Oberfl\u00e4chen vor Feuchtigkeit, Korrosion und anderen Umweltbedingungen, die die Zuverl\u00e4ssigkeit des Ger\u00e4ts oder der Oberfl\u00e4che gef\u00e4hrden k\u00f6nnten.<BR>Haftet gut auf einer Vielzahl von Tr\u00e4germaterialien wie Kunststoff, Glas, Metall und Keramik.<\/p>\n<div style=\"display:flex; flex-wrap:wrap; justify-content:space-between;\">\n<p>  <!-- WITHOUT COATING --><\/p>\n<div style=\"text-align:center; margin-left:-45px\">\n    <strong style=\"font-size:18px; display:block; margin-bottom:-45px\"><br \/>\n      PCBA  Ohne beschichtung<br \/>\n    <\/strong><br \/>\n    <a href=\"https:\/\/www.inventec.dehon.com\/wp-content\/uploads\/2021\/02\/DSC_3117-scaled.jpg\" rel=\"inv-colorbox\" title=\"PROMOSOLV COAT UT10\"><br \/>\n      <img decoding=\"async\" \n        src=\"https:\/\/www.inventec.dehon.com\/wp-content\/uploads\/2021\/02\/DSC_3117-300x200.jpg\"\n        alt=\"PROMOSOLV COAT UT10 Without coating\"\n        style=\"max-width:100%; height:auto; margin-top:0; border-radius:10px\"\n      \/><br \/>\n    <\/a>\n  <\/div>\n<p>  <!-- WITH COATING --><\/p>\n<div style=\"text-align:center; margin-left:-30px\">\n    <strong style=\"font-size:18px; display:block; margin-bottom:-45px\"><br \/>\n      PCBA  Mit beschichtung<br \/>\n    <\/strong><br \/>\n    <a href=\"https:\/\/www.inventec.dehon.com\/wp-content\/uploads\/2021\/03\/DSC_3231-scaled.jpg\" rel=\"inv-colorbox\" title=\"PROMOSOLV COAT UT10\"><br \/>\n      <img decoding=\"async\" \n        src=\"https:\/\/www.inventec.dehon.com\/wp-content\/uploads\/2021\/03\/DSC_3231-300x200.jpg\"\n        alt=\"With coating PROMOSOLV COAT UT10\"\n        style=\"max-width:100%; height:auto; margin-top:0; border-radius:10px\"\n      \/><br \/>\n    <\/a>\n  <\/div>\n<\/div>\n<p><BR><BR><\/p>\n<p><!-- EIGENSCHAFTEN Section --><\/p>\n<div style=\"font-weight:bold; text-transform:uppercase; border-bottom:2px solid #9DBB2F; padding-bottom:6px; margin-bottom:10px;\">\n  EIGENSCHAFTEN\n<\/div>\n<table width=\"100%\" cellpadding=\"0\" cellspacing=\"0\" style=\"border-collapse:collapse; width:100%; max-width:100%;\">\n<tr>\n<th align=\"left\" style=\"background:#7A7A7A; color:#fff; padding:8px 12px; border:1px solid #BDBDBD;\">FESTSTOFFGEHALT (GEWICHTS-%)<\/th>\n<th align=\"left\" style=\"background:#7A7A7A; color:#fff; padding:8px 12px; border:1px solid #BDBDBD;\">FILMDICKE<\/th>\n<\/tr>\n<tr>\n<td style=\"padding:8px 12px; border:1px solid #BDBDBD;\">0,2%<\/td>\n<td style=\"padding:8px 12px; border:1px solid #BDBDBD;\">Eintauchen: &lt;0,01 Mikrometer \/ Spr\u00fchen: nicht anwendbar<\/td>\n<\/tr>\n<tr style=\"background:#E6E6E6;\">\n<td style=\"padding:8px 12px; border:1px solid #BDBDBD;\">2%<\/td>\n<td style=\"padding:8px 12px; border:1px solid #BDBDBD;\">Eintauchen: 0,1\u20130,2 Mikrometer \/ Spr\u00fchen: typisch 2 Mikrometer<\/td>\n<\/tr>\n<tr>\n<td style=\"padding:8px 12px; border:1px solid #BDBDBD;\">4%<\/td>\n<td style=\"padding:8px 12px; border:1px solid #BDBDBD;\">Eintauchen: 0,2\u20130,4 Mikrometer \/ Spr\u00fchen: typisch 4 Mikrometer<\/td>\n<\/tr>\n<tr style=\"background:#E6E6E6;\">\n<td style=\"padding:8px 12px; border:1px solid #BDBDBD;\">8%<\/td>\n<td style=\"padding:8px 12px; border:1px solid #BDBDBD;\">Eintauchen: 0,8\u20131 Mikrometer \/ Spr\u00fchen: nicht anwendbar<\/td>\n<\/tr>\n<\/table>\n<p><!-- FL\u00dcSSIGKEITSEIGENSCHAFTEN Section --><\/p>\n<div style=\"font-weight:bold; text-transform:uppercase; border-bottom:2px solid #9DBB2F; padding-bottom:6px; margin:30px 0 10px 0;\">\n  FL\u00dcSSIGKEITSEIGENSCHAFTEN\n<\/div>\n<table width=\"100%\" cellpadding=\"0\" cellspacing=\"0\" style=\"border-collapse:collapse; width:100%; max-width:100%;\">\n<tr>\n<th align=\"left\" style=\"background:#7A7A7A; color:#fff; padding:8px 12px; border:1px solid #BDBDBD;\">KENNDATEN<\/th>\n<th align=\"left\" style=\"background:#7A7A7A; color:#fff; padding:8px 12px; border:1px solid #BDBDBD;\">WERTE<\/th>\n<\/tr>\n<tr>\n<td style=\"padding:8px 12px; border:1px solid #BDBDBD;\">Chemische Natur<\/td>\n<td style=\"padding:8px 12px; border:1px solid #BDBDBD;\">Fluorpolymer<\/td>\n<\/tr>\n<tr style=\"background:#E6E6E6;\">\n<td style=\"padding:8px 12px; border:1px solid #BDBDBD;\">Aussehen<\/td>\n<td style=\"padding:8px 12px; border:1px solid #BDBDBD;\">klar bis leicht bew\u00f6lkt<\/td>\n<\/tr>\n<tr>\n<td style=\"padding:8px 12px; border:1px solid #BDBDBD;\">Dichte (g\/cm\u00b3) bei 20\u00b0C<\/td>\n<td style=\"padding:8px 12px; border:1px solid #BDBDBD;\">1,4<\/td>\n<\/tr>\n<tr style=\"background:#E6E6E6;\">\n<td style=\"padding:8px 12px; border:1px solid #BDBDBD;\">L\u00f6sungsmitteltyp<\/td>\n<td style=\"padding:8px 12px; border:1px solid #BDBDBD;\">Hydrofluorether<\/td>\n<\/tr>\n<tr>\n<td style=\"padding:8px 12px; border:1px solid #BDBDBD;\">L\u00f6sungsmittelproduktname<\/td>\n<td style=\"padding:8px 12px; border:1px solid #BDBDBD;\">DILUENT 10<\/td>\n<\/tr>\n<tr style=\"background:#E6E6E6;\">\n<td style=\"padding:8px 12px; border:1px solid #BDBDBD;\">Siedepunkt des L\u00f6sungsmittels<\/td>\n<td style=\"padding:8px 12px; border:1px solid #BDBDBD;\">61-76\u00b0C \/ 142-169\u00b0F<\/td>\n<\/tr>\n<tr>\n<td style=\"padding:8px 12px; border:1px solid #BDBDBD;\">Flammpunkt<\/td>\n<td style=\"padding:8px 12px; border:1px solid #BDBDBD;\">Keine<\/td>\n<\/tr>\n<tr style=\"background:#E6E6E6;\">\n<td style=\"padding:8px 12px; border:1px solid #BDBDBD;\">Viskosit\u00e4t (cSt)<\/td>\n<td style=\"padding:8px 12px; border:1px solid #BDBDBD;\">~1<\/td>\n<\/tr>\n<tr>\n<td style=\"padding:8px 12px; border:1px solid #BDBDBD;\">Oberfl\u00e4chenspannung (mN\/m oder dyn\/cm)<\/td>\n<td style=\"padding:8px 12px; border:1px solid #BDBDBD;\">13,6<\/td>\n<\/tr>\n<\/table>\n<p><!-- FILMEIGENSCHAFTEN Section --><\/p>\n<div style=\"font-weight:bold; text-transform:uppercase; border-bottom:2px solid #9DBB2F; padding-bottom:6px; margin:30px 0 10px 0;\">\n  FILMEIGENSCHAFTEN\n<\/div>\n<table width=\"100%\" cellpadding=\"0\" cellspacing=\"0\" style=\"border-collapse:collapse; width:100%; max-width:100%;\">\n<tr>\n<th align=\"left\" style=\"background:#7A7A7A; color:#fff; padding:8px 12px; border:1px solid #BDBDBD;\">KENNDATEN<\/th>\n<th align=\"left\" style=\"background:#7A7A7A; color:#fff; padding:8px 12px; border:1px solid #BDBDBD;\">WERTE<\/th>\n<\/tr>\n<tr>\n<td style=\"padding:8px 12px; border:1px solid #BDBDBD;\">Aussehen<\/td>\n<td style=\"padding:8px 12px; border:1px solid #BDBDBD;\">Klar, farblos<\/td>\n<\/tr>\n<tr style=\"background:#E6E6E6;\">\n<td style=\"padding:8px 12px; border:1px solid #BDBDBD;\">Oberfl\u00e4chenenergie (dyn\/cm)<\/td>\n<td style=\"padding:8px 12px; border:1px solid #BDBDBD;\">5\u201310<\/td>\n<\/tr>\n<tr>\n<td style=\"padding:8px 12px; border:1px solid #BDBDBD;\">Kontaktwinkel (ASTM D7334-08)<\/td>\n<td style=\"padding:8px 12px; border:1px solid #BDBDBD;\">120\u00b0 Wasser \/ 80\u00b0 \u00d6l<\/td>\n<\/tr>\n<tr style=\"background:#E6E6E6;\">\n<td style=\"padding:8px 12px; border:1px solid #BDBDBD;\">Hitzestabilit\u00e4t<\/td>\n<td style=\"padding:8px 12px; border:1px solid #BDBDBD;\">150\u00b0C kontinuierlich \/ 250\u00b0C eine Stunde<\/td>\n<\/tr>\n<tr>\n<td style=\"padding:8px 12px; border:1px solid #BDBDBD;\">Reparierbarkeit durch L\u00f6ten<\/td>\n<td style=\"padding:8px 12px; border:1px solid #BDBDBD;\">Ja<\/td>\n<\/tr>\n<tr style=\"background:#E6E6E6;\">\n<td style=\"padding:8px 12px; border:1px solid #BDBDBD;\">L\u00f6sungsmittel- und Chemikalienbest\u00e4ndigkeit<\/td>\n<td style=\"padding:8px 12px; border:1px solid #BDBDBD;\">Ausgezeichnet<\/td>\n<\/tr>\n<tr>\n<td style=\"padding:8px 12px; border:1px solid #BDBDBD;\">Brechungsindex<\/td>\n<td style=\"padding:8px 12px; border:1px solid #BDBDBD;\">~1,35<\/td>\n<\/tr>\n<tr style=\"background:#E6E6E6;\">\n<td style=\"padding:8px 12px; border:1px solid #BDBDBD;\">Tg (Glas\u00fcbergangstemperatur)<\/td>\n<td style=\"padding:8px 12px; border:1px solid #BDBDBD;\">75\u00b0C<\/td>\n<\/tr>\n<tr>\n<td style=\"padding:8px 12px; border:1px solid #BDBDBD;\">Durchschlagsfestigkeit<\/td>\n<td style=\"padding:8px 12px; border:1px solid #BDBDBD;\">2500 V\/mil (2500 V\/25\u03bcm)<\/td>\n<\/tr>\n<tr style=\"background:#E6E6E6;\">\n<td style=\"padding:8px 12px; border:1px solid #BDBDBD;\">Dielektrizit\u00e4tskonstante<\/td>\n<td style=\"padding:8px 12px; border:1px solid #BDBDBD;\">2,25 @100 KHz<\/td>\n<\/tr>\n<tr>\n<td style=\"padding:8px 12px; border:1px solid #BDBDBD;\">Verlustfaktor<\/td>\n<td style=\"padding:8px 12px; border:1px solid #BDBDBD;\">0,016 @100 KHz<\/td>\n<\/tr>\n<tr style=\"background:#E6E6E6;\">\n<td style=\"padding:8px 12px; border:1px solid #BDBDBD;\">Volumenwiderstand<\/td>\n<td style=\"padding:8px 12px; border:1px solid #BDBDBD;\">4,5\u00d710\u00b9\u2075 \u03a9\u00b7cm<\/td>\n<\/tr>\n<tr>\n<td style=\"padding:8px 12px; border:1px solid #BDBDBD;\">Bescheinigungen \u00fcber die Nichtentflammbarkeit<\/td>\n<td style=\"padding:8px 12px; border:1px solid #BDBDBD;\">UL94 V-0 \/ NF EN 60695-11-10<\/td>\n<\/tr>\n<\/table>\n<p><BR><\/p>\n<p><strong>PROMOSOLV COAT UT10<\/strong> ist derzeit mit einem Feststoffgehalt von 2 % und 4 % erh\u00e4ltlich. Ein h\u00f6herer Feststoffgehalt erh\u00f6ht die Schichtdicke.<\/p>\n<p><strong>PROMOSOLV COAT UT10<\/strong> kann als Ersatz f\u00fcr <strong>3M Novec 1700<\/strong> betrachtet werden, das bis Ende 2025 freiwillig eingestellt wird. Weitere Informationen zur Ank\u00fcndigung von 3M \u00fcber die Einstellung der Novec-Produkte finden Sie unter diesem <a href=\"https:\/\/www.inventec.dehon.com\/de\/auf-der-suche-nach-einem-ersatz-fuer-3m-novec\/beschichtungslosungen-fuer-den-ersatz-von-3m-novec\/\">Link<\/a>.<\/p>\n","protected":false},"excerpt":{"rendered":"<ul>\n<li>Ultrad\u00fcnne hydrophobe und oleophobe Beschichtung<\/li>\n<li>Tauch- und Spritzverfahren<\/li>\n<li>Einfacher und schneller Prozess<\/li>\n<\/ul>\n","protected":false},"featured_media":2570,"comment_status":"closed","ping_status":"closed","template":"","meta":{"_acf_changed":false,"inline_featured_image":false},"product_brand":[],"product_cat":[819,820],"product_tag":[4647,4278,1763,4639,4651,1858,4659,4635,3747,1762,4655,4643,4454,4667,1764],"class_list":{"0":"post-10186","1":"product","2":"type-product","3":"status-publish","4":"has-post-thumbnail","6":"industries-automatisierung","7":"industries-automobil","8":"industries-beleuchtung","9":"industries-horgerate-gerate","10":"industries-luft-und-raumfahrt-verteidigung","11":"industries-medizintechnik","12":"product_cat-beschichtungen","13":"product_cat-ultra-dunne-beschichtungen","14":"product_tag-aushaertung","15":"product_tag-beschichtungen-de","16":"product_tag-coat-de","17":"product_tag-durch-eintauchen-auftragen","18":"product_tag-elektronische-bauteile","19":"product_tag-led-de","20":"product_tag-loetstellenreparierbar","21":"product_tag-mit-pinsel-auftragen","22":"product_tag-pcb-de","23":"product_tag-promosolv-coat-ut10-de","24":"product_tag-reparierbar","25":"product_tag-selektiv-spruehen","26":"product_tag-spray","27":"product_tag-ultradunne-beschichtungen","28":"product_tag-ut10-de","29":"pa_application-led-de","30":"pa_application-pcb-elektronische-bauteile","31":"pa_brand-promosolv-coat-de","32":"pa_features-durchloetbar-und-reparierbar","33":"pa_processes-auftrag-durch-selektives-spruhen","34":"pa_processes-auftrag-durch-tauchen","35":"pa_processes-auftrag-mit-pinsel","36":"pa_processes-aushaertung-bei-raumtemperatur","37":"pa_product-category-ultradunne-beschichtungen","39":"first","40":"instock","41":"shipping-taxable","42":"product-type-simple"},"acf":[],"_links":{"self":[{"href":"https:\/\/www.inventec.dehon.com\/de\/wp-json\/wp\/v2\/product\/10186","targetHints":{"allow":["GET"]}}],"collection":[{"href":"https:\/\/www.inventec.dehon.com\/de\/wp-json\/wp\/v2\/product"}],"about":[{"href":"https:\/\/www.inventec.dehon.com\/de\/wp-json\/wp\/v2\/types\/product"}],"replies":[{"embeddable":true,"href":"https:\/\/www.inventec.dehon.com\/de\/wp-json\/wp\/v2\/comments?post=10186"}],"wp:featuredmedia":[{"embeddable":true,"href":"https:\/\/www.inventec.dehon.com\/de\/wp-json\/wp\/v2\/media\/2570"}],"wp:attachment":[{"href":"https:\/\/www.inventec.dehon.com\/de\/wp-json\/wp\/v2\/media?parent=10186"}],"wp:term":[{"taxonomy":"product_brand","embeddable":true,"href":"https:\/\/www.inventec.dehon.com\/de\/wp-json\/wp\/v2\/product_brand?post=10186"},{"taxonomy":"product_cat","embeddable":true,"href":"https:\/\/www.inventec.dehon.com\/de\/wp-json\/wp\/v2\/product_cat?post=10186"},{"taxonomy":"product_tag","embeddable":true,"href":"https:\/\/www.inventec.dehon.com\/de\/wp-json\/wp\/v2\/product_tag?post=10186"}],"curies":[{"name":"wp","href":"https:\/\/api.w.org\/{rel}","templated":true}]}}