{"id":10185,"date":"2021-04-21T10:30:35","date_gmt":"2021-04-21T10:30:35","guid":{"rendered":"https:\/\/www.inventec.dehon.com\/product\/abchimie-746e-uv\/"},"modified":"2026-03-04T09:41:11","modified_gmt":"2026-03-04T08:41:11","slug":"abchimie-746e-uv","status":"publish","type":"product","link":"https:\/\/www.inventec.dehon.com\/de\/product\/abchimie-746e-uv\/","title":{"rendered":"ABCHIMIE 746E UV"},"content":{"rendered":"<p><img decoding=\"async\" src=\"https:\/\/www.inventec.dehon.com\/wp-content\/uploads\/2021\/03\/AB-CHIMIE-coat-drum-1-600x600.jpg\" alt=\"ABCHIMIE 746E UV\" class=\"responsive-img\" align=\"right\" style=\"border-radius:10px; margin-bottom:10px; margin-top:-10px; margin-left:15px; width:300px\" \/><\/p>\n<h2 style=\"color:#9bc947; margin-bottom:15px\">Sch\u00fctzt Leiterplatten unter extremen Bedingungen<\/h2>\n<ul>\n<li>Konforme Beschichtung, geh\u00e4rtet mit UV-Quecksilberlampe<\/li>\n<li>Selektives Spritzen, Spritzpistole &amp; Pinselverfahren<\/li>\n<li>Schnell h\u00e4rtend &amp; ohne VOC<\/li>\n<\/ul>\n<h5>ABCHIMIE 746E UV<\/h5>\n<p>Ist eine transparente Einzelkomponente zum Schutz von Leiterplatten, die rauen Umgebungsbedingungen ausgesetzt sind. Es verf\u00fcgt \u00fcber eine duale Aush\u00e4rtungstechnologie (UV &#8211; Feuchtigkeit) f\u00fcr die Vernetzung im Schatten. Es kann mit Pinsel, Tampondruck, Spr\u00fchmaschine und nat\u00fcrlich mit einer selektiven Beschichtungsmaschine aufgetragen werden, was die ideale Art der Aufbringung ist. Die niedrige Viskosit\u00e4t erlaubt es, die Dicke auf etwa 80 Mikrometer zu begrenzen.<\/p>\n<p><strong>ABCHIMIE 746E UV<\/strong> entspricht den REACH- und RoHS-Vorschriften.<BR>Zugelassen <strong>UL94 V0<\/strong> (QMJU2-E308681) \/ Zugelassen <strong>UL746E<\/strong>.<\/p>\n<p><a href=\"https:\/\/www.abchimie.com\/\" target=\"_blank\" rel=\"noopener\"><img decoding=\"async\" class=\"alignnone responsive-img wp-image-2452\" src=\"https:\/\/inventec.dehon.com\/wp-content\/uploads\/2021\/04\/Logo-ABCHIMIE-GR.png\" rel=\"inv-colorbox\" title=\"ABCHIMIE 746E UV\" alt=\"ABCHIMIE 746E UV\" width=\"150\" height=\"89\" srcset=\"https:\/\/www.inventec.dehon.com\/wp-content\/uploads\/2021\/04\/Logo-ABCHIMIE-GR.png 6545w, https:\/\/www.inventec.dehon.com\/wp-content\/uploads\/2021\/04\/Logo-ABCHIMIE-GR-300x178.png 300w, https:\/\/www.inventec.dehon.com\/wp-content\/uploads\/2021\/04\/Logo-ABCHIMIE-GR-1024x607.png 1024w, https:\/\/www.inventec.dehon.com\/wp-content\/uploads\/2021\/04\/Logo-ABCHIMIE-GR-768x455.png 768w, https:\/\/www.inventec.dehon.com\/wp-content\/uploads\/2021\/04\/Logo-ABCHIMIE-GR-1536x911.png 1536w, https:\/\/www.inventec.dehon.com\/wp-content\/uploads\/2021\/04\/Logo-ABCHIMIE-GR-2048x1214.png 2048w, https:\/\/www.inventec.dehon.com\/wp-content\/uploads\/2021\/04\/Logo-ABCHIMIE-GR-600x356.png 600w\" sizes=\"(max-width: 150px) 100vw, 150px\" \/><\/a><\/p>\n","protected":false},"excerpt":{"rendered":"<ul>\n<li>Konforme Beschichtung, geh\u00e4rtet mit UV-Quecksilberlampe<\/li>\n<li>Selektives Spritzen, Spritzpistole &amp; Pinselverfahren<\/li>\n<li>Schnell h\u00e4rtend &amp; ohne VOC<\/li>\n<\/ul>\n","protected":false},"featured_media":24440,"comment_status":"closed","ping_status":"closed","template":"","meta":{"_acf_changed":false,"inline_featured_image":false},"product_brand":[],"product_cat":[2870,819,2872],"product_tag":[1781,1780,1795,5496,4647,4278,4651,4659,4635,4386,3747,5476,4655,5460,4643,4454,5492,1796,5504,5516,5520,4671,5318],"class_list":{"0":"post-10185","1":"product","2":"type-product","3":"status-publish","4":"has-post-thumbnail","6":"industries-automatisierung","7":"industries-automobil","8":"industries-luft-und-raumfahrt-verteidigung","9":"industries-medizintechnik","10":"product_cat-abchimie-und-inventec-partnerschaft","11":"product_cat-beschichtungen","12":"product_cat-uv-hartende-konforme-beschichtungen","13":"product_tag-746e-de","14":"product_tag-abchimie-de","15":"product_tag-abchimie-746e-uv-de","16":"product_tag-auftrag-mit-spritzpistole","17":"product_tag-aushaertung","18":"product_tag-beschichtungen-de","19":"product_tag-elektronische-bauteile","20":"product_tag-loetstellenreparierbar","21":"product_tag-mit-pinsel-auftragen","22":"product_tag-nicht-entzundlich","23":"product_tag-pcb-de","24":"product_tag-quecksilberlampe","25":"product_tag-reparierbar","26":"product_tag-schutzbeschichtungen","27":"product_tag-selektiv-spruehen","28":"product_tag-spray","29":"product_tag-spritzpistole","30":"product_tag-uv-de","31":"product_tag-uv-lampe","32":"product_tag-uv-quecksilber","33":"product_tag-uv-quecksilberlampe-2","34":"product_tag-uv-tracer","35":"product_tag-voc-frei-de","36":"pa_application-pcb-elektronische-bauteile","37":"pa_brand-abchimie-de-2","38":"pa_features-durchloetbar-und-reparierbar","39":"pa_features-uv-tracer-de","40":"pa_features-voc-frei","41":"pa_processes-auftrag-durch-selektives-spruhen","42":"pa_processes-auftrag-mit-pinsel","43":"pa_processes-auftrag-mit-spritzpistole","44":"pa_processes-aushartung-mit-uv-quecksilberlampe","45":"pa_product-category-konforme-beschichtung","47":"first","48":"instock","49":"shipping-taxable","50":"product-type-simple"},"acf":[],"_links":{"self":[{"href":"https:\/\/www.inventec.dehon.com\/de\/wp-json\/wp\/v2\/product\/10185","targetHints":{"allow":["GET"]}}],"collection":[{"href":"https:\/\/www.inventec.dehon.com\/de\/wp-json\/wp\/v2\/product"}],"about":[{"href":"https:\/\/www.inventec.dehon.com\/de\/wp-json\/wp\/v2\/types\/product"}],"replies":[{"embeddable":true,"href":"https:\/\/www.inventec.dehon.com\/de\/wp-json\/wp\/v2\/comments?post=10185"}],"wp:featuredmedia":[{"embeddable":true,"href":"https:\/\/www.inventec.dehon.com\/de\/wp-json\/wp\/v2\/media\/24440"}],"wp:attachment":[{"href":"https:\/\/www.inventec.dehon.com\/de\/wp-json\/wp\/v2\/media?parent=10185"}],"wp:term":[{"taxonomy":"product_brand","embeddable":true,"href":"https:\/\/www.inventec.dehon.com\/de\/wp-json\/wp\/v2\/product_brand?post=10185"},{"taxonomy":"product_cat","embeddable":true,"href":"https:\/\/www.inventec.dehon.com\/de\/wp-json\/wp\/v2\/product_cat?post=10185"},{"taxonomy":"product_tag","embeddable":true,"href":"https:\/\/www.inventec.dehon.com\/de\/wp-json\/wp\/v2\/product_tag?post=10185"}],"curies":[{"name":"wp","href":"https:\/\/api.w.org\/{rel}","templated":true}]}}