{"id":10182,"date":"2021-03-19T09:30:34","date_gmt":"2021-03-19T09:30:34","guid":{"rendered":"https:\/\/www.inventec.dehon.com\/product\/topklean-el-606\/"},"modified":"2026-03-23T12:30:36","modified_gmt":"2026-03-23T11:30:36","slug":"topklean-el-606","status":"publish","type":"product","link":"https:\/\/www.inventec.dehon.com\/de\/product\/topklean-el-606\/","title":{"rendered":"TOPKLEAN EL 606"},"content":{"rendered":"<p><img decoding=\"async\" src=\"https:\/\/www.inventec.dehon.com\/wp-content\/uploads\/2021\/03\/TOPKLEAN-canister-yellow-1-600x600.jpg\" alt=\"TOPKLEAN EL 606\" class=\"responsive-img\" align=\"right\" style=\"border-radius:10px; margin-bottom:10px; margin-top:-10px; margin-left:15px; width:300px\" \/><\/p>\n<h2 style=\"color:#9bc947; margin-bottom:15px\">Leistungsstarker L\u00f6tmaskenreiniger<\/h2>\n<ul>\n<li>Schablonenreinigung <\/li>\n<li>W\u00e4ssriges spr\u00fch- oder tauchverfahren <\/li>\n<li>Sehr geringe hse-auswirkungen<\/li>\n<\/ul>\n<h5>TOPKLEAN EL 606<\/h5>\n<p>Wurde speziell f\u00fcr die Reinigung von Schablonen und falsch bedruckten Leiterplatten von ungel\u00f6teter Lotpaste bei SMT-Prozessen entwickelt. Die meisten ungeh\u00e4rteten SMT-Klebstoffe k\u00f6nnen auch gereinigt werden. Es wird als reines Produkt geliefert und muss mit DI-Wasser gemischt werden.<\/p>\n<p>Der neutrale pH-Wert von <strong>TOPKLEAN EL 606<\/strong> garantiert einen lang anhaltenden Gebrauch aller Schablonen und Schablonenreinigungsger\u00e4te der wichtigsten Marken auf dem heutigen Markt.<\/p>\n<p><!-- SPECIFICATIONS Section --><\/p>\n<div style=\"font-weight:bold; text-transform:uppercase; border-bottom:2px solid #9DBB2F; padding-bottom:6px; margin-bottom:10px;\">\n  SPEZIFIKATIONEN\n<\/div>\n<table width=\"100%\" cellpadding=\"0\" cellspacing=\"0\" style=\"border-collapse:collapse; width:100%; max-width:100%;\">\n<tr>\n<th align=\"left\" style=\"background:#7A7A7A; color:#fff; padding:8px 12px; border:1px solid #BDBDBD;\">SPEZIFIKATIONEN<\/th>\n<th align=\"left\" style=\"background:#7A7A7A; color:#fff; padding:8px 12px; border:1px solid #BDBDBD;\">WERTE<\/th>\n<th align=\"left\" style=\"background:#7A7A7A; color:#fff; padding:8px 12px; border:1px solid #BDBDBD;\">METHODEN<\/th>\n<\/tr>\n<tr>\n<td style=\"padding:8px 12px; border:1px solid #BDBDBD;\">Aspekt<\/td>\n<td style=\"padding:8px 12px; border:1px solid #BDBDBD;\">Transparent, farblos<\/td>\n<td style=\"padding:8px 12px; border:1px solid #BDBDBD;\">Visuell<\/td>\n<\/tr>\n<tr style=\"background:#E6E6E6;\">\n<td style=\"padding:8px 12px; border:1px solid #BDBDBD;\">Dichte bei 20\u00b0C (g\/ml)<\/td>\n<td style=\"padding:8px 12px; border:1px solid #BDBDBD;\">0.95 \u00b1 0,05 g\/ml<\/td>\n<td style=\"padding:8px 12px; border:1px solid #BDBDBD;\">BRY MO 028<\/td>\n<\/tr>\n<\/table>\n<p><!-- CHARACTERISTICS Section --><\/p>\n<div style=\"font-weight:bold; text-transform:uppercase; border-bottom:2px solid #9DBB2F; padding-bottom:6px; margin:30px 0 10px 0;\">\n  KENNDATEN\n<\/div>\n<table width=\"100%\" cellpadding=\"0\" cellspacing=\"0\" style=\"border-collapse:collapse; width:100%; max-width:100%;\">\n<tr>\n<th align=\"left\" style=\"background:#7A7A7A; color:#fff; padding:8px 12px; border:1px solid #BDBDBD;\">KENNDATEN<\/th>\n<th align=\"left\" style=\"background:#7A7A7A; color:#fff; padding:8px 12px; border:1px solid #BDBDBD;\">WERTE<\/th>\n<\/tr>\n<tr>\n<td style=\"padding:8px 12px; border:1px solid #BDBDBD;\">pH<\/td>\n<td style=\"padding:8px 12px; border:1px solid #BDBDBD;\">Neutral<\/td>\n<\/tr>\n<tr style=\"background:#E6E6E6;\">\n<td style=\"padding:8px 12px; border:1px solid #BDBDBD;\">Flammpunkt<\/td>\n<td style=\"padding:8px 12px; border:1px solid #BDBDBD;\">Nein<\/td>\n<\/tr>\n<tr>\n<td style=\"padding:8px 12px; border:1px solid #BDBDBD;\">L\u00f6slichkeit in Wasser<\/td>\n<td style=\"padding:8px 12px; border:1px solid #BDBDBD;\">Teilweise<\/td>\n<\/tr>\n<tr style=\"background:#E6E6E6;\">\n<td style=\"padding:8px 12px; border:1px solid #BDBDBD;\">L\u00f6sungsmittell\u00f6slichkeit<\/td>\n<td style=\"padding:8px 12px; border:1px solid #BDBDBD;\">Vollst\u00e4ndig<\/td>\n<\/tr>\n<\/table>\n","protected":false},"excerpt":{"rendered":"<ul>\n<li>Schablonenreinigung <\/li>\n<li>W\u00e4ssriges spr\u00fch- oder tauchverfahren <\/li>\n<li>Sehr geringe hse-auswirkungen<\/li>\n<\/ul>\n<p><a href=\"https:\/\/www.inventec.dehon.com\/wp-content\/uploads\/2021\/03\/GW-Score-4.png\"><img decoding=\"async\" class=\"wp-image-14667 alignnone\" src=\"https:\/\/www.inventec.dehon.com\/wp-content\/uploads\/2021\/03\/GW-Score-4.png\" alt=\"Greenscore 4%\" width=\"40\" height=\"34\" \/><\/a><\/p>\n","protected":false},"featured_media":24445,"comment_status":"closed","ping_status":"closed","template":"","meta":{"_acf_changed":false,"inline_featured_image":false},"product_brand":[],"product_cat":[2860],"product_tag":[2044,2106,2043,4362,4334,4326,4374,4378,4386,4458,4462,4454,2042,2041,4470,4262,4390,4258,4254,4266],"class_list":{"0":"post-10182","1":"product","2":"type-product","3":"status-publish","4":"has-post-thumbnail","6":"product_cat-reinigung-von-fehldrucken-und-schablonen","7":"product_tag-606-de","8":"product_tag-el-de","9":"product_tag-el-606-de","10":"product_tag-fehldruck-de","11":"product_tag-geringe-hse-auswirkungen","12":"product_tag-greenway","13":"product_tag-kein-gwp","14":"product_tag-keine-voc","15":"product_tag-nicht-entzundlich","16":"product_tag-schablone-de","17":"product_tag-schablonenreinigung","18":"product_tag-spray","19":"product_tag-topklean-de","20":"product_tag-topklean-el-606-de","21":"product_tag-ultraschall","22":"product_tag-ultraschall-wasserbad","23":"product_tag-ungiftig","24":"product_tag-wasserbad","25":"product_tag-wasserbasierte-reinigungsfluessigkeiten-de","26":"product_tag-wasserbasierte-spruehreinigung","27":"pa_application-schablone-fehldruck","28":"pa_brand-topklean-de-2","29":"pa_features-greenway","30":"pa_processes-spray-auf-wasserbasis","31":"pa_processes-waessrige-ultraschallimmersion","32":"pa_product-category-wasserbasierte-reinigungsfluessigkeiten","34":"first","35":"instock","36":"shipping-taxable","37":"product-type-simple"},"acf":[],"_links":{"self":[{"href":"https:\/\/www.inventec.dehon.com\/de\/wp-json\/wp\/v2\/product\/10182","targetHints":{"allow":["GET"]}}],"collection":[{"href":"https:\/\/www.inventec.dehon.com\/de\/wp-json\/wp\/v2\/product"}],"about":[{"href":"https:\/\/www.inventec.dehon.com\/de\/wp-json\/wp\/v2\/types\/product"}],"replies":[{"embeddable":true,"href":"https:\/\/www.inventec.dehon.com\/de\/wp-json\/wp\/v2\/comments?post=10182"}],"wp:featuredmedia":[{"embeddable":true,"href":"https:\/\/www.inventec.dehon.com\/de\/wp-json\/wp\/v2\/media\/24445"}],"wp:attachment":[{"href":"https:\/\/www.inventec.dehon.com\/de\/wp-json\/wp\/v2\/media?parent=10182"}],"wp:term":[{"taxonomy":"product_brand","embeddable":true,"href":"https:\/\/www.inventec.dehon.com\/de\/wp-json\/wp\/v2\/product_brand?post=10182"},{"taxonomy":"product_cat","embeddable":true,"href":"https:\/\/www.inventec.dehon.com\/de\/wp-json\/wp\/v2\/product_cat?post=10182"},{"taxonomy":"product_tag","embeddable":true,"href":"https:\/\/www.inventec.dehon.com\/de\/wp-json\/wp\/v2\/product_tag?post=10182"}],"curies":[{"name":"wp","href":"https:\/\/api.w.org\/{rel}","templated":true}]}}