{"id":10170,"date":"2021-04-16T08:45:28","date_gmt":"2021-04-16T08:45:28","guid":{"rendered":"https:\/\/www.inventec.dehon.com\/product\/3m-novec-7200\/"},"modified":"2026-01-30T09:40:23","modified_gmt":"2026-01-30T08:40:23","slug":"3m-novec-7200","status":"publish","type":"product","link":"https:\/\/www.inventec.dehon.com\/de\/product\/3m-novec-7200\/","title":{"rendered":"3M NOVEC 7200"},"content":{"rendered":"<p><img decoding=\"async\" src=\"https:\/\/www.inventec.dehon.com\/wp-content\/uploads\/2021\/04\/Novec-drum-colorless.phase-outpng-1-600x600.jpg\" alt=\"3M NOVEC 7200\" class=\"responsive-img\" align=\"right\" style=\"border-radius:10px; margin-bottom:10px; margin-top:-10px; margin-left:15px; width:300px\" \/><\/p>\n<h2 style=\"color: #9bc947; margin-bottom: 15px;\">L\u00f6sungsmittelreiniger<\/h2>\n<ul>\n<li>L\u00f6sungsmittel zur Entfernung von leichten \u00d6len und Partikeln, Sp\u00fclung und fleckenlose Schnelltrocknung<\/li>\n<li>Mono-L\u00f6sungsmittel, Co-L\u00f6sungsmittel, Sp\u00fcl- und Trocknungsverfahren<\/li>\n<li>Sehr geringe Auswirkungen auf HSE und sehr geringe Oberfl\u00e4chenspannung<\/li>\n<\/ul>\n<hr \/>\n<h4>WICHTIGE MITTEILUNG:<BR> AUSLAUF DER 3M\u2122 PRODUKTE<\/h4>\n<p>\u26a0\ufe0f 3M\u2122 hat im Dezember 2022 angek\u00fcndigt, dass alle Novec\u2122 Produkte bis Ende 2025 schrittweise eingestellt und nicht mehr verf\u00fcgbar sein werden. Keine Sorge, Inventec hat einen direkten Ersatz f\u00fcr dieses Produkt, aber wir empfehlen, uns so schnell wie m\u00f6glich zu kontaktieren, um Versorgungsunterbrechungen zu minimieren.<\/p>\n<p>Wenn Sie mehr \u00fcber das Auslaufen der 3M\u2122 Produkte erfahren m\u00f6chten, klicken Sie auf diesen <a href=\"https:\/\/www.inventec.dehon.com\/de\/auf-der-suche-nach-einem-ersatz-fuer-3m-novec\/\">Link<\/a>.<\/p>\n<p>UNSERE ALTERNATIVE(N):<\/p>\n<ul>\n<li><a href=\"https:\/\/www.inventec.dehon.com\/de\/product\/promosolv-dr3\/\">PROMOSOLV DR3<\/a><\/li>\n<li><a href=\"https:\/\/www.inventec.dehon.com\/de\/product\/promosolv-neo-a1\/\">PROMOSOLV NEO A1<\/a> -> KEIN GWP &amp; PFAS FREI<\/li>\n<\/ul>\n<hr \/>\n<h5>3M Novec 7200<\/h5>\n<p><strong>3M Novec 7200<\/strong> Engineered Fluid, Ethoxy-Nonfluorbutan (C4F9OC2H5), ist eine klare, farblose und geruchsarme Fl\u00fcssigkeit, die in vielen Anwendungen ozonabbauende Substanzen (ODS), Verbindungen mit hohem Treibhauspotenzial (GWP) und chlorierte Materialien ersetzen soll. Diese firmeneigene Fl\u00fcssigkeit hat ein Null-Ozonabbaupotenzial und andere vorteilhafte Umwelteigenschaften.<\/p>\n<p>Die Fl\u00fcssigkeit <strong>Novec 7200<\/strong> hat einen h\u00f6heren Siedepunkt als die meisten FCKW, HFCKW und HFKW, was die Verdunstungsverluste reduziert. Die niedrige Oberfl\u00e4chenspannung und die niedrige Viskosit\u00e4t von <strong>Novec 7200<\/strong> Fluid machen es ideal f\u00fcr den Einsatz in Dampfentfettungs- und Kaltreinigungsanwendungen.<\/p>\n<p>Aufgrund seiner chemischen und thermischen Stabilit\u00e4t, seiner Nichtentflammbarkeit und seiner geringen Toxizit\u00e4t eignet es sich auch f\u00fcr andere industrielle Anwendungen wie Speziall\u00f6sungsmittel und W\u00e4rme\u00fcbertragungsanwendungen.<\/p>\n<p><a title=\"Letter from 3M - Inventec authorized distributor for EMEA area\" href=\"https:\/\/www.inventec.dehon.com\/wp-content\/uploads\/2021\/10\/3M-Authorized-EMEA-Distributor_Inventec.pdf\" target=\"_blank\" rel=\"noopener\">Letter from 3M &#8211; Inventec authorized distributor for EMEA area<\/a><\/p>\n<p><a href=\"https:\/\/inventec.dehon.com\/wp-content\/uploads\/2021\/04\/LOGO-3M-Novec.png\" rel=\"inv-colorbox\" title=\"3M NOVEC 7200\"><img decoding=\"async\" class=\"alignnone wp-image-2102 size-medium\" src=\"https:\/\/inventec.dehon.com\/wp-content\/uploads\/2021\/04\/LOGO-3M-Novec-300x150.png\" alt=\"3M Novec 7200\" width=\"300\" height=\"150\" srcset=\"https:\/\/www.inventec.dehon.com\/wp-content\/uploads\/2021\/04\/LOGO-3M-Novec-300x150.png 300w, https:\/\/www.inventec.dehon.com\/wp-content\/uploads\/2021\/04\/LOGO-3M-Novec.png 318w\" sizes=\"(max-width: 300px) 100vw, 300px\" \/><\/a><\/p>\n","protected":false},"excerpt":{"rendered":"<ul>\n<li>L\u00f6sungsmittel zur Entfernung von leichten \u00d6len und Partikeln, Sp\u00fclung und fleckenlose Schnelltrocknung<\/li>\n<li>Mono-L\u00f6sungsmittel, Co-L\u00f6sungsmittel, Sp\u00fcl- und Trocknungsverfahren<\/li>\n<li>Sehr geringe Auswirkungen auf HSE und sehr geringe Oberfl\u00e4chenspannung<\/li>\n<\/ul>\n<p><span style=\"color: #99cc00;\">Alternative:<small> <\/small><\/span><a href=\"https:\/\/www.inventec.dehon.com\/de\/product\/promosolv-neo-a1\/\"><small>PROMOSOLV NEO A1<\/small><\/a><\/p>\n<p><a href=\"https:\/\/www.inventec.dehon.com\/de\/auf-der-suche-nach-einem-ersatz-fuer-3m-novec\/\" class=\"btn btn-lg btn-primary rounded-pill\" style=\"margin-top:5px; color:#FFFFFF;\">Alle 3M Novec Ersatzstoffe ansehen<\/a><\/p>\n","protected":false},"featured_media":15445,"comment_status":"closed","ping_status":"closed","template":"","meta":{"_acf_changed":false,"inline_featured_image":false},"product_brand":[],"product_cat":[2861,2862,411],"product_tag":[547,4394,4294],"class_list":{"0":"post-10170","1":"product","2":"type-product","3":"status-publish","4":"has-post-thumbnail","6":"industries-automobil","7":"industries-luft-und-raumfahrt-verteidigung","8":"industries-medizintechnik","9":"product_cat-losungsmittel-zum-spulen","10":"product_cat-losungsmittel-zum-trocknen","11":"product_cat-reinigung","12":"product_tag-losungsmittel","13":"product_tag-olentfernung","14":"product_tag-trocknung","15":"pa_brand-3m-novec-de-2","16":"pa_features-recycelbar","17":"pa_processes-co-losungsmittel","18":"pa_processes-loesungsmittelspuelung","19":"pa_processes-mono-losungsmittel","20":"pa_product-category-loesungsmittelbasierte-reinigungsfluessigkeiten","22":"first","23":"instock","24":"shipping-taxable","25":"product-type-simple"},"acf":[],"_links":{"self":[{"href":"https:\/\/www.inventec.dehon.com\/de\/wp-json\/wp\/v2\/product\/10170","targetHints":{"allow":["GET"]}}],"collection":[{"href":"https:\/\/www.inventec.dehon.com\/de\/wp-json\/wp\/v2\/product"}],"about":[{"href":"https:\/\/www.inventec.dehon.com\/de\/wp-json\/wp\/v2\/types\/product"}],"replies":[{"embeddable":true,"href":"https:\/\/www.inventec.dehon.com\/de\/wp-json\/wp\/v2\/comments?post=10170"}],"wp:featuredmedia":[{"embeddable":true,"href":"https:\/\/www.inventec.dehon.com\/de\/wp-json\/wp\/v2\/media\/15445"}],"wp:attachment":[{"href":"https:\/\/www.inventec.dehon.com\/de\/wp-json\/wp\/v2\/media?parent=10170"}],"wp:term":[{"taxonomy":"product_brand","embeddable":true,"href":"https:\/\/www.inventec.dehon.com\/de\/wp-json\/wp\/v2\/product_brand?post=10170"},{"taxonomy":"product_cat","embeddable":true,"href":"https:\/\/www.inventec.dehon.com\/de\/wp-json\/wp\/v2\/product_cat?post=10170"},{"taxonomy":"product_tag","embeddable":true,"href":"https:\/\/www.inventec.dehon.com\/de\/wp-json\/wp\/v2\/product_tag?post=10170"}],"curies":[{"name":"wp","href":"https:\/\/api.w.org\/{rel}","templated":true}]}}