{"id":10166,"date":"2021-05-11T20:17:12","date_gmt":"2021-05-11T20:17:12","guid":{"rendered":"https:\/\/www.inventec.dehon.com\/product\/3m-novec-71ipa\/"},"modified":"2026-01-30T09:45:49","modified_gmt":"2026-01-30T08:45:49","slug":"3m-novec-71ipa","status":"publish","type":"product","link":"https:\/\/www.inventec.dehon.com\/de\/product\/3m-novec-71ipa\/","title":{"rendered":"3M NOVEC 71IPA"},"content":{"rendered":"<p><img decoding=\"async\" src=\"https:\/\/www.inventec.dehon.com\/wp-content\/uploads\/2021\/04\/Novec-drum-colorless.phase-outpng-1-600x600.jpg\" alt=\"3M NOVEC 71IPA\" class=\"responsive-img\" align=\"right\" style=\"border-radius:10px; margin-bottom:10px; margin-top:-10px; margin-left:15px; width:300px\" \/><\/p>\n<h2 style=\"color: #9bc947; margin-bottom: 15px;\">L\u00f6sungsmittelbasierte Reinigungsfl\u00fcssigkeit<\/h2>\n<ul>\n<li>L\u00f6sungsmittel zur Entfernung von leichten \u00d6len und Partikeln und zum Sp\u00fclen<\/li>\n<li>Mono-L\u00f6sungsmittel, Co-L\u00f6sungsmittel, Sp\u00fcl- und Trocknungsverfahren<\/li>\n<li>Sehr geringe Auswirkungen auf HSE und sehr geringe Oberfl\u00e4chenspannung <span style=\"color:#FFFFFF;\">3M NOVEC 71IPA<\/span><\/li>\n<\/ul>\n<hr \/>\n<h4>WICHTIGE MITTEILUNG:<BR> AUSLAUF DER 3M\u2122 PRODUKTE<\/h4>\n<p>\u26a0\ufe0f 3M\u2122 hat im Dezember 2022 angek\u00fcndigt, dass alle Novec\u2122 Produkte bis Ende 2025 schrittweise eingestellt und nicht mehr verf\u00fcgbar sein werden. Keine Sorge, Inventec hat einen direkten Ersatz f\u00fcr dieses Produkt, aber wir empfehlen, uns so schnell wie m\u00f6glich zu kontaktieren, um Versorgungsunterbrechungen zu minimieren.<\/p>\n<p>Wenn Sie mehr \u00fcber das Auslaufen der 3M\u2122 Produkte erfahren m\u00f6chten, klicken Sie auf diesen <a href=\"https:\/\/www.inventec.dehon.com\/de\/auf-der-suche-nach-einem-ersatz-fuer-3m-novec\/\">Link<\/a>.<\/p>\n<p>UNSERE ALTERNATIVE(N):<\/p>\n<ul>\n<li><a href=\"https:\/\/www.inventec.dehon.com\/de\/product\/promosolv-dr1\/\">PROMOSOLV DR1<\/a><\/li>\n<\/ul>\n<hr \/>\n<h5>3M Novec 71IPA<\/h5>\n<p><strong>3M Novec 71IPA<\/strong> Engineered Fluid ist ein Hydrofluorether, Methoxy-Nonafluorbutan (C4F9OCH3), in einer azeotrop-\u00e4hnlichen Formulierung mit Isopropanol.<\/p>\n<p>Diese Fl\u00fcssigkeit ist ideal f\u00fcr leichte Reinigungs- und Entfettungsaufgaben und soll ozonabbauende Materialien wie FCKW-113, HFCKW-14lb und 1,1,1-Trichlorethan in vielen Anwendungen. Es enth\u00e4lt kein Ozon Ersch\u00f6pfungspotenzial und andere g\u00fcnstige Umwelteigenschaften.\/p <\/p>\n<p>pDie Fl\u00fcssigkeit <strong>Novec 71IPA<\/strong> hat einen niedrigen toxikologisches Profil, mit einem zeitgewichteten durchschnittlichen Expositionsrichtwert von 750 ppm f\u00fcr den <strong>3M Novec 7100<\/strong> Engineered Fluid Komponente (acht Stunden Durchschnitt).\/p<\/p>\n<p>Die erh\u00f6hte L\u00f6slichkeit von polaren Verschmutzungen und die niedrige Oberfl\u00e4chenspannung, die Nichtentflammbarkeit und die konstante Zusammensetzung w\u00e4hrend des Kochens der Novec 71IPA-Fl\u00fcssigkeit machen sie ideal f\u00fcr Pr\u00e4zisions- und Spezialreinigungs- und Sp\u00fclvorg\u00e4nge zur <\/span><span dir=\"ltr\">Entfernung von Partikeln, Fingerabdr\u00fccken und leichten Verschmutzungen von Metall-, Kunststoff- und Glasteilen.<\/p>\n<h6><span dir=\"ltr\">Anwendungen<\/span><\/h6>\n<ul>\n<li><span dir=\"ltr\">Pr\u00e4zisionsreinigungs-, Sp\u00fcl- und Trocknungsmittel<\/span><span dir=\"ltr\"> &#8211;<\/span><span dir=\"ltr\"> Leichte Reinigung von \u00d6len, Fetten, Wachsen, Fingerabdr\u00fccken<\/span><\/li>\n<li><span dir=\"ltr\">In Kombination mit Co-L\u00f6semitteln wie Topklean EL 20 oder Topklean EL20P f\u00fcr die Entfernung von &#8222;no-clean flux&#8220;-R\u00fcckst\u00e4nden verwenden.<\/span><\/li>\n<\/ul>\n<p><a title=\"Letter from 3M - Inventec authorized distributor for EMEA area\" href=\"https:\/\/www.inventec.dehon.com\/wp-content\/uploads\/2021\/10\/3M-Authorized-EMEA-Distributor_Inventec.pdf\" target=\"_blank\" rel=\"noopener\">Letter from 3M &#8211; Inventec authorized distributor for EMEA area<\/a><\/p>\n<p><a href=\"https:\/\/inventec.dehon.com\/wp-content\/uploads\/2021\/04\/LOGO-3M-Novec.png\" rel=\"inv-colorbox\" title=\"3M NOVEC 71IPA\"><img decoding=\"async\" class=\"alignnone wp-image-2102 size-medium\" src=\"https:\/\/inventec.dehon.com\/wp-content\/uploads\/2021\/04\/LOGO-3M-Novec-300x150.png\" alt=\"3M Novec 71IPA\" width=\"300\" height=\"150\" srcset=\"https:\/\/www.inventec.dehon.com\/wp-content\/uploads\/2021\/04\/LOGO-3M-Novec-300x150.png 300w, https:\/\/www.inventec.dehon.com\/wp-content\/uploads\/2021\/04\/LOGO-3M-Novec.png 318w\" sizes=\"(max-width: 300px) 100vw, 300px\" \/><\/a><\/p>\n","protected":false},"excerpt":{"rendered":"<ul>\n<li>L\u00f6sungsmittel zur Entfernung von leichten \u00d6len und Partikeln und zum Sp\u00fclen<\/li>\n<li>Mono-L\u00f6sungsmittel, Co-L\u00f6sungsmittel, Sp\u00fcl- und Trocknungsverfahren<\/li>\n<li>Sehr geringe Auswirkungen auf HSE und sehr geringe Oberfl\u00e4chenspannung<\/li>\n<\/ul>\n<p><span style=\"color: #99cc00;\">Alternative:<\/span><small> <\/small><a href=\"https:\/\/www.inventec.dehon.com\/de\/product\/promosolv-dr1\/\"><small>PROMOSOLV DR1<\/small><\/a><\/p>\n<p><a href=\"https:\/\/www.inventec.dehon.com\/de\/auf-der-suche-nach-einem-ersatz-fuer-3m-novec\/\" class=\"btn btn-lg btn-primary rounded-pill\" style=\"margin-top:5px; color:#FFFFFF;\">Alle 3M Novec Ersatzstoffe ansehen<\/a><\/p>\n","protected":false},"featured_media":15445,"comment_status":"closed","ping_status":"closed","template":"","meta":{"_acf_changed":false,"inline_featured_image":false},"product_brand":[],"product_cat":[2861,411],"product_tag":[4394],"class_list":{"0":"post-10166","1":"product","2":"type-product","3":"status-publish","4":"has-post-thumbnail","6":"product_cat-losungsmittel-zum-spulen","7":"product_cat-reinigung","8":"product_tag-olentfernung","9":"pa_application-oelentfernung","10":"pa_application-partikelentfernung","11":"pa_brand-3m-novec-de-2","12":"pa_features-recycelbar","13":"pa_processes-co-losungsmittel","14":"pa_processes-loesungsmittelspuelung","15":"pa_processes-mono-losungsmittel","16":"pa_processes-spulung","17":"pa_processes-trocknendes-losungsmittel","18":"pa_product-category-loesungsmittelbasierte-reinigungsfluessigkeiten","20":"first","21":"instock","22":"shipping-taxable","23":"product-type-simple"},"acf":[],"_links":{"self":[{"href":"https:\/\/www.inventec.dehon.com\/de\/wp-json\/wp\/v2\/product\/10166","targetHints":{"allow":["GET"]}}],"collection":[{"href":"https:\/\/www.inventec.dehon.com\/de\/wp-json\/wp\/v2\/product"}],"about":[{"href":"https:\/\/www.inventec.dehon.com\/de\/wp-json\/wp\/v2\/types\/product"}],"replies":[{"embeddable":true,"href":"https:\/\/www.inventec.dehon.com\/de\/wp-json\/wp\/v2\/comments?post=10166"}],"wp:featuredmedia":[{"embeddable":true,"href":"https:\/\/www.inventec.dehon.com\/de\/wp-json\/wp\/v2\/media\/15445"}],"wp:attachment":[{"href":"https:\/\/www.inventec.dehon.com\/de\/wp-json\/wp\/v2\/media?parent=10166"}],"wp:term":[{"taxonomy":"product_brand","embeddable":true,"href":"https:\/\/www.inventec.dehon.com\/de\/wp-json\/wp\/v2\/product_brand?post=10166"},{"taxonomy":"product_cat","embeddable":true,"href":"https:\/\/www.inventec.dehon.com\/de\/wp-json\/wp\/v2\/product_cat?post=10166"},{"taxonomy":"product_tag","embeddable":true,"href":"https:\/\/www.inventec.dehon.com\/de\/wp-json\/wp\/v2\/product_tag?post=10166"}],"curies":[{"name":"wp","href":"https:\/\/api.w.org\/{rel}","templated":true}]}}