{"id":10164,"date":"2021-03-01T09:29:59","date_gmt":"2021-03-01T09:29:59","guid":{"rendered":"https:\/\/www.inventec.dehon.com\/product\/promoclean-disper-10\/"},"modified":"2026-01-27T11:41:50","modified_gmt":"2026-01-27T10:41:50","slug":"promoclean-disper-10","status":"publish","type":"product","link":"https:\/\/www.inventec.dehon.com\/de\/product\/promoclean-disper-10\/","title":{"rendered":"PROMOCLEAN DISPER 10"},"content":{"rendered":"<p><img decoding=\"async\" src=\"https:\/\/www.inventec.dehon.com\/wp-content\/uploads\/2021\/04\/PROMOCLEAN-canister-blue.png\" alt=\"PROMOCLEAN DISPER 10\" class=\"responsive-img\" align=\"right\" style=\"border-radius:10px; margin-bottom:10px; margin-top:-10px; margin-left:15px; width:300px\" \/><\/p>\n<h2 style=\"color:#9bc947; margin-bottom:15px\">Entfernung aller \u00d6le von verschiedenen Metallen<\/h2>\n<ul>\n<li>Reinigungsmittel mit tempor\u00e4rem Schutz zur Entfernung von \u00d6len auf Metallteilen<\/li>\n<li>Spr\u00fch-, Sp\u00fcl- und Tauchstrahlverfahren<\/li>\n<li>Kompatibel mit einer breiten Palette von Metallen<\/li>\n<\/ul>\n<h5>PROMOCLEAN DISPER 10<\/h5>\n<p>Ist speziell f\u00fcr die Entfernung von \u00d6len aller Art konzipiert. Dank seiner ausgezeichneten Antischaumeigenschaften ist es f\u00fcr w\u00e4ssrige Spr\u00fch-, Sp\u00fcl- oder Tauchstrahlverfahren geeignet. Aufgrund seiner geringen Alkalit\u00e4t ist es mit den meisten in der mechanischen Industrie verwendeten Metallen kompatibel. Es handelt sich um ein konzentriertes Produkt, das mit Leitungswasser oder DI-Wasser verd\u00fcnnt verwendet wird. Zus\u00e4tzlich bietet <strong>PROMOCLEAN DISPER 10<\/strong> dank seiner Passivierungseigenschaften einen tempor\u00e4ren Schutz. Dadurch eignet sich das Produkt besonders f\u00fcr die Reinigung zwischen den Arbeitsschritten, so dass die Teile vor dem n\u00e4chsten Arbeitsschritt einige Tage lang gesch\u00fctzt sind.<\/p>\n<p><strong>PROMOCLEAN DISPER 10<\/strong> ist qualifiziert und wird von mehreren Akteuren in der Luft- und Raumfahrtindustrie eingesetzt (z.B. SAFRAN IN 1500B \/ SNECMA DMP 13300 \/ SNECMA DMR 70213)<\/p>\n<div style=\"font-family:Lato; color:#333;\">\n<div style=\"font-weight:bold; text-transform:uppercase; border-bottom:2px solid #9DBB2F; padding-bottom:6px; margin-bottom:10px;\">\n    SPEZIFIKATIONEN\n  <\/div>\n<table width=\"100%\" cellpadding=\"0\" cellspacing=\"0\" style=\"border-collapse:collapse; width:100%; max-width:100%;\">\n<tr>\n<th align=\"left\" style=\"background:#7A7A7A; color:#fff; padding:8px 12px; border:1px solid #BDBDBD;\">\n        SPEZIFIKATIONEN\n      <\/th>\n<th align=\"left\" style=\"background:#7A7A7A; color:#fff; padding:8px 12px; border:1px solid #BDBDBD;\">\n        WERTE\n      <\/th>\n<th align=\"left\" style=\"background:#7A7A7A; color:#fff; padding:8px 12px; border:1px solid #BDBDBD;\">\n        VERFAHREN\n      <\/th>\n<\/tr>\n<tr>\n<td style=\"padding:8px 12px; border:1px solid #BDBDBD;\">Aussehen<\/td>\n<td style=\"padding:8px 12px; border:1px solid #BDBDBD;\">Gelb<\/td>\n<td style=\"padding:8px 12px; border:1px solid #BDBDBD;\">Visuell<\/td>\n<\/tr>\n<tr style=\"background:#E6E6E6;\">\n<td style=\"padding:8px 12px; border:1px solid #BDBDBD;\">Dichte bei 20 \u00b0C (g\/ml)<\/td>\n<td style=\"padding:8px 12px; border:1px solid #BDBDBD;\">1,09 \u00b1 0,02<\/td>\n<td style=\"padding:8px 12px; border:1px solid #BDBDBD;\">BRY-MO-028<\/td>\n<\/tr>\n<tr>\n<td style=\"padding:8px 12px; border:1px solid #BDBDBD;\">pH des reinen Produkts<\/td>\n<td style=\"padding:8px 12px; border:1px solid #BDBDBD;\">9,8 \u00b1 0,5<\/td>\n<td style=\"padding:8px 12px; border:1px solid #BDBDBD;\">BRY-MO-011<\/td>\n<\/tr>\n<tr style=\"background:#E6E6E6;\">\n<td style=\"padding:8px 12px; border:1px solid #BDBDBD;\">pH bei 1 %<\/td>\n<td style=\"padding:8px 12px; border:1px solid #BDBDBD;\">9,0 \u00b1 0,5<\/td>\n<td style=\"padding:8px 12px; border:1px solid #BDBDBD;\">BRY-MO-011<\/td>\n<\/tr>\n<\/table>\n<\/div>\n<div style=\"font-family:Lato; color:#333;\">\n<div style=\"font-weight:bold; text-transform:uppercase; border-bottom:2px solid #9DBB2F; padding-bottom:6px; margin:30px 0 10px;\">\n    KENNDATEN\n  <\/div>\n<table width=\"100%\" cellpadding=\"0\" cellspacing=\"0\" style=\"border-collapse:collapse; width:100%; max-width:100%;\">\n<tr>\n<th align=\"left\" style=\"background:#7A7A7A; color:#fff; padding:8px 12px; border:1px solid #BDBDBD;\">\n        KENNDATEN\n      <\/th>\n<th align=\"left\" style=\"background:#7A7A7A; color:#fff; padding:8px 12px; border:1px solid #BDBDBD;\">\n        WERTE\n      <\/th>\n<\/tr>\n<tr>\n<td style=\"padding:8px 12px; border:1px solid #BDBDBD;\">L\u00f6slichkeit in Wasser<\/td>\n<td style=\"padding:8px 12px; border:1px solid #BDBDBD;\">Vollkommen l\u00f6slich<\/td>\n<\/tr>\n<tr style=\"background:#E6E6E6;\">\n<td style=\"padding:8px 12px; border:1px solid #BDBDBD;\">Brechungsindex 20 \u00b0C<\/td>\n<td style=\"padding:8px 12px; border:1px solid #BDBDBD;\">1,40<\/td>\n<\/tr>\n<tr>\n<td style=\"padding:8px 12px; border:1px solid #BDBDBD;\">Oberfl\u00e4chenspannung bei 1 % (Dyn\/cm)<\/td>\n<td style=\"padding:8px 12px; border:1px solid #BDBDBD;\">37<\/td>\n<\/tr>\n<\/table>\n<\/div>\n","protected":false},"excerpt":{"rendered":"<ul>\n<li>Reinigungsmittel mit tempor\u00e4rem Schutz zur Entfernung von \u00d6len auf Metallteilen<\/li>\n<li>Spr\u00fch-, Sp\u00fcl- und Tauchstrahlverfahren<\/li>\n<li>Kompatibel mit einer breiten Palette von Metallen<\/li>\n<\/ul>\n","protected":false},"featured_media":2432,"comment_status":"closed","ping_status":"closed","template":"","meta":{"_acf_changed":false,"inline_featured_image":false},"product_brand":[],"product_cat":[595,2864],"product_tag":[4238,2025,2026,4326,4394,2007,2024,4454,4795,4799,4258,4823,4254,4266,4787],"class_list":{"0":"post-10164","1":"product","2":"type-product","3":"status-publish","4":"has-post-thumbnail","6":"industries-antriebsstrang","7":"industries-chassis-rader-und-lenkung","8":"industries-landing-systeme","9":"industries-motoren","10":"product_cat-additive-fertigungslosungen","11":"product_cat-olentfernung-von-verschiedenen-metallkomponenten","12":"product_tag-additive-fertigung-de","13":"product_tag-disper-de","14":"product_tag-disper-10-de","15":"product_tag-greenway","16":"product_tag-olentfernung","17":"product_tag-promoclean-de","18":"product_tag-promoclean-disper-10-de","19":"product_tag-spray","20":"product_tag-spuelen","21":"product_tag-tauchstrahl","22":"product_tag-wasserbad","23":"product_tag-wasserbasiert","24":"product_tag-wasserbasierte-reinigungsfluessigkeiten-de","25":"product_tag-wasserbasierte-spruehreinigung","26":"product_tag-waessrige-tauchstrahlreinigung","27":"pa_application-loesungen-fuer-additive-fertigung","28":"pa_application-oelentfernung","29":"pa_brand-promoclean-de","30":"pa_features-geeignet-fuer-wasserbasierte-anwendungen","31":"pa_features-greenway","32":"pa_processes-spray-auf-wasserbasis","33":"pa_processes-spulung","34":"pa_processes-waessriger-immersionsstrahl","35":"pa_product-category-wasserbasierte-reinigungsfluessigkeiten","37":"first","38":"instock","39":"shipping-taxable","40":"product-type-simple"},"acf":[],"_links":{"self":[{"href":"https:\/\/www.inventec.dehon.com\/de\/wp-json\/wp\/v2\/product\/10164","targetHints":{"allow":["GET"]}}],"collection":[{"href":"https:\/\/www.inventec.dehon.com\/de\/wp-json\/wp\/v2\/product"}],"about":[{"href":"https:\/\/www.inventec.dehon.com\/de\/wp-json\/wp\/v2\/types\/product"}],"replies":[{"embeddable":true,"href":"https:\/\/www.inventec.dehon.com\/de\/wp-json\/wp\/v2\/comments?post=10164"}],"wp:featuredmedia":[{"embeddable":true,"href":"https:\/\/www.inventec.dehon.com\/de\/wp-json\/wp\/v2\/media\/2432"}],"wp:attachment":[{"href":"https:\/\/www.inventec.dehon.com\/de\/wp-json\/wp\/v2\/media?parent=10164"}],"wp:term":[{"taxonomy":"product_brand","embeddable":true,"href":"https:\/\/www.inventec.dehon.com\/de\/wp-json\/wp\/v2\/product_brand?post=10164"},{"taxonomy":"product_cat","embeddable":true,"href":"https:\/\/www.inventec.dehon.com\/de\/wp-json\/wp\/v2\/product_cat?post=10164"},{"taxonomy":"product_tag","embeddable":true,"href":"https:\/\/www.inventec.dehon.com\/de\/wp-json\/wp\/v2\/product_tag?post=10164"}],"curies":[{"name":"wp","href":"https:\/\/api.w.org\/{rel}","templated":true}]}}