{"id":10160,"date":"2021-04-12T09:19:17","date_gmt":"2021-04-12T09:19:17","guid":{"rendered":"https:\/\/www.inventec.dehon.com\/product\/promoclean-tp-188\/"},"modified":"2026-01-27T14:26:43","modified_gmt":"2026-01-27T13:26:43","slug":"promoclean-tp-188","status":"publish","type":"product","link":"https:\/\/www.inventec.dehon.com\/de\/product\/promoclean-tp-188\/","title":{"rendered":"PROMOCLEAN TP 188"},"content":{"rendered":"<p><img decoding=\"async\" src=\"https:\/\/www.inventec.dehon.com\/wp-content\/uploads\/2021\/04\/PROMOCLEAN-canister-blue.png\" alt=\"PROMOCLEAN TP 188\" class=\"responsive-img\" align=\"right\" style=\"border-radius:10px; margin-bottom:10px; margin-top:-10px; margin-left:15px; width:300px\" \/><\/p>\n<h2 style=\"color:#9bc947; margin-bottom:15px\">Entwickelt, um Lacke, Harze, Farben, Kleber, Tinten und Lacke zu entfernen<\/h2>\n<ul>\n<li>Abl\u00f6sen von ausgeh\u00e4rteten oder polymerisierten Substanzen<\/li>\n<li>W\u00e4ssrige Immersion, Sp\u00fclung &amp; L\u00f6sungsmittel-Cosolvent-Verfahren<\/li>\n<li>Umweltfreundlicher Ersatz f\u00fcr NMP und chlorierte L\u00f6sungsmittel<\/li>\n<\/ul>\n<h5>PROMOCLEAN TP 188<\/h5>\n<p>Wurde speziell f\u00fcr die Entfernung von schwer zu entfernenden geh\u00e4rteten oder polymerisierten Substanzen wie Lacken, Harzen, Farben, Klebern, Tinten und Lacken entwickelt. Dank seiner hohen L\u00f6slichkeit in organischen L\u00f6sungsmitteln wie in Wasser kann <strong>PROMOCLEAN TP 188<\/strong> in w\u00e4ssrigen Tauch- und Sp\u00fclprozessen, aber auch in einem separaten Co-L\u00f6sungsmittelprozess eingesetzt werden. Da das Reinigungsmedium keinen pH-Wert hat, sch\u00e4digt es keine empfindlichen Metalle oder Legierungen und ist sicher in der Anwendung. Es ist ein Produkt, das in der Regel pur verwendet wird, aber f\u00fcr bestimmte Anwendungen (z. B. Tintenentfernung) auch mit DI-Wasser verd\u00fcnnt werden kann.<\/p>\n<p>Was die Nachhaltigkeit betrifft, so enth\u00e4lt <strong>PROMOCLEAN TP 188<\/strong> kein CMR, keine aromatischen L\u00f6sungsmittel und keine chlorierten Verbindungen wie n-Methylpyrrolidon, Benzol oder Methylenchlorid.<\/p>\n<div style=\"font-family:Lato; color:#333;\">\n<div style=\"font-weight:bold; text-transform:uppercase; border-bottom:2px solid #9DBB2F; padding-bottom:6px; margin-bottom:10px;\">\n    SPEZIFIKATIONEN\n  <\/div>\n<table width=\"100%\" cellpadding=\"0\" cellspacing=\"0\" style=\"border-collapse:collapse; width:100%; max-width:100%;\">\n<tr>\n<th align=\"left\" style=\"background:#7A7A7A; color:#fff; padding:8px 12px; border:1px solid #BDBDBD;\">\n        SPEZIFIKATIONEN\n      <\/th>\n<th align=\"left\" style=\"background:#7A7A7A; color:#fff; padding:8px 12px; border:1px solid #BDBDBD;\">\n        WERTE\n      <\/th>\n<th align=\"left\" style=\"background:#7A7A7A; color:#fff; padding:8px 12px; border:1px solid #BDBDBD;\">\n        VERFAHREN\n      <\/th>\n<\/tr>\n<tr>\n<td style=\"padding:8px 12px; border:1px solid #BDBDBD;\">Aussehen<\/td>\n<td style=\"padding:8px 12px; border:1px solid #BDBDBD;\">Gelb<\/td>\n<td style=\"padding:8px 12px; border:1px solid #BDBDBD;\">Visuell<\/td>\n<\/tr>\n<tr style=\"background:#E6E6E6;\">\n<td style=\"padding:8px 12px; border:1px solid #BDBDBD;\">Dichte bei 20 \u00b0C (g\/ml)<\/td>\n<td style=\"padding:8px 12px; border:1px solid #BDBDBD;\">1,040 \u00b1 0,010<\/td>\n<td style=\"padding:8px 12px; border:1px solid #BDBDBD;\">BRY-MO-028<\/td>\n<\/tr>\n<tr>\n<td style=\"padding:8px 12px; border:1px solid #BDBDBD;\">Wassergehalt (Gew.-%)<\/td>\n<td style=\"padding:8px 12px; border:1px solid #BDBDBD;\">&lt;0,3<\/td>\n<td style=\"padding:8px 12px; border:1px solid #BDBDBD;\">BRY-MO-044<\/td>\n<\/tr>\n<\/table>\n<\/div>\n<div style=\"font-family:Lato; color:#333;\">\n<div style=\"font-weight:bold; text-transform:uppercase; border-bottom:2px solid #9DBB2F; padding-bottom:6px; margin:30px 0 10px;\">\n    KENNDATEN\n  <\/div>\n<table width=\"100%\" cellpadding=\"0\" cellspacing=\"0\" style=\"border-collapse:collapse; width:100%; max-width:100%;\">\n<tr>\n<th align=\"left\" style=\"background:#7A7A7A; color:#fff; padding:8px 12px; border:1px solid #BDBDBD;\">\n        KENNDATEN\n      <\/th>\n<th align=\"left\" style=\"background:#7A7A7A; color:#fff; padding:8px 12px; border:1px solid #BDBDBD;\">\n        WERTE\n      <\/th>\n<\/tr>\n<tr>\n<td style=\"padding:8px 12px; border:1px solid #BDBDBD;\">L\u00f6slichkeit in Wasser<\/td>\n<td style=\"padding:8px 12px; border:1px solid #BDBDBD;\">Gesamt<\/td>\n<\/tr>\n<tr style=\"background:#E6E6E6;\">\n<td style=\"padding:8px 12px; border:1px solid #BDBDBD;\">L\u00f6slichkeit in Alkohol<\/td>\n<td style=\"padding:8px 12px; border:1px solid #BDBDBD;\">Gesamt<\/td>\n<\/tr>\n<tr>\n<td style=\"padding:8px 12px; border:1px solid #BDBDBD;\">Flammpunkt (\u00b0C)<\/td>\n<td style=\"padding:8px 12px; border:1px solid #BDBDBD;\">+84 \u00b0C<\/td>\n<\/tr>\n<\/table>\n<\/div>\n","protected":false},"excerpt":{"rendered":"<ul>\n<li>Abl\u00f6sen von ausgeh\u00e4rteten oder polymerisierten Substanzen<\/li>\n<li>W\u00e4ssrige Immersion, Sp\u00fclung &amp; L\u00f6sungsmittel-Cosolvent-Verfahren<\/li>\n<li>Umweltfreundlicher Ersatz f\u00fcr NMP und chlorierte L\u00f6sungsmittel<\/li>\n<\/ul>\n","protected":false},"featured_media":2432,"comment_status":"closed","ping_status":"closed","template":"","meta":{"_acf_changed":false,"inline_featured_image":false},"product_brand":[],"product_cat":[692,595,2867,2868],"product_tag":[2141,4238,4282,4326,4430,4752,4422,4748,2139,4795,2064,2140,4470,4262,4258,4254],"class_list":{"0":"post-10160","1":"product","2":"type-product","3":"status-publish","4":"has-post-thumbnail","6":"industries-automobil","7":"industries-luft-und-raumfahrt-verteidigung","8":"industries-medizintechnik","9":"product_cat-abbeizen-entoxidation","10":"product_cat-additive-fertigungslosungen","11":"product_cat-entfernung-von-polierpaste","12":"product_cat-entfernung-von-polymeren-harzen","13":"product_tag-188-de","14":"product_tag-additive-fertigung-de","15":"product_tag-co-losungsmittel","16":"product_tag-greenway","17":"product_tag-harze","18":"product_tag-harzentfernung","19":"product_tag-polymer","20":"product_tag-polymerentfernung","21":"product_tag-promoclean-tp-188-de","22":"product_tag-spuelen","23":"product_tag-tp-de","24":"product_tag-tp-188-de","25":"product_tag-ultraschall","26":"product_tag-ultraschall-wasserbad","27":"product_tag-wasserbad","28":"product_tag-wasserbasierte-reinigungsfluessigkeiten-de","29":"pa_application-entfernung-von-polymeren-harzen","30":"pa_application-loesungen-fuer-additive-fertigung","31":"pa_brand-promoclean-de","32":"pa_features-greenway","33":"pa_processes-co-losungsmittel","34":"pa_processes-spulung","35":"pa_processes-waessrige-ultraschallimmersion","36":"pa_product-category-wasserbasierte-reinigungsfluessigkeiten","38":"first","39":"instock","40":"shipping-taxable","41":"product-type-simple"},"acf":[],"_links":{"self":[{"href":"https:\/\/www.inventec.dehon.com\/de\/wp-json\/wp\/v2\/product\/10160","targetHints":{"allow":["GET"]}}],"collection":[{"href":"https:\/\/www.inventec.dehon.com\/de\/wp-json\/wp\/v2\/product"}],"about":[{"href":"https:\/\/www.inventec.dehon.com\/de\/wp-json\/wp\/v2\/types\/product"}],"replies":[{"embeddable":true,"href":"https:\/\/www.inventec.dehon.com\/de\/wp-json\/wp\/v2\/comments?post=10160"}],"wp:featuredmedia":[{"embeddable":true,"href":"https:\/\/www.inventec.dehon.com\/de\/wp-json\/wp\/v2\/media\/2432"}],"wp:attachment":[{"href":"https:\/\/www.inventec.dehon.com\/de\/wp-json\/wp\/v2\/media?parent=10160"}],"wp:term":[{"taxonomy":"product_brand","embeddable":true,"href":"https:\/\/www.inventec.dehon.com\/de\/wp-json\/wp\/v2\/product_brand?post=10160"},{"taxonomy":"product_cat","embeddable":true,"href":"https:\/\/www.inventec.dehon.com\/de\/wp-json\/wp\/v2\/product_cat?post=10160"},{"taxonomy":"product_tag","embeddable":true,"href":"https:\/\/www.inventec.dehon.com\/de\/wp-json\/wp\/v2\/product_tag?post=10160"}],"curies":[{"name":"wp","href":"https:\/\/api.w.org\/{rel}","templated":true}]}}