{"id":10154,"date":"2021-01-11T16:08:59","date_gmt":"2021-01-11T16:08:59","guid":{"rendered":"https:\/\/www.inventec.dehon.com\/product\/promoclean-tp-1113\/"},"modified":"2026-01-27T16:01:16","modified_gmt":"2026-01-27T15:01:16","slug":"promoclean-tp-1113","status":"publish","type":"product","link":"https:\/\/www.inventec.dehon.com\/de\/product\/promoclean-tp-1113\/","title":{"rendered":"PROMOCLEAN TP 1113"},"content":{"rendered":"<p><img decoding=\"async\" src=\"https:\/\/www.inventec.dehon.com\/wp-content\/uploads\/2021\/04\/PROMOCLEAN-canister-blue.png\" alt=\"PROMOCLEAN TP 1113\" class=\"responsive-img\" align=\"right\" style=\"border-radius:10px; margin-bottom:10px; margin-top:-10px; margin-left:15px; width:300px\" \/><\/p>\n<h2 style=\"color:#9bc947; margin-bottom:15px\">Sicherster Reiniger f\u00fcr Titan<\/h2>\n<ul>\n<li>Entfernung von \u00d6l und Fett<\/li>\n<li>W\u00e4ssriges Immersionsverfahren mit Ultraschall<\/li>\n<li>Hervorragend geeignet f\u00fcr die Reinigung von Titan und Aluminium<\/li>\n<\/ul>\n<h5>PROMOCLEAN TP 1113<\/h5>\n<p>Ist speziell f\u00fcr die Entfernung von \u00d6len und Fetten auf Kohlenwasserstoff- oder Wasserbasis in einem w\u00e4ssrigen Tauchverfahren konzipiert. Trotz seines hohen pH-Werts, der eine effiziente Reinigung erm\u00f6glicht, besch\u00e4digt es keine empfindlichen Metalle oder Legierungen wie Titan, Aluminium, Kupfer oder Messing. Es handelt sich um ein konzentriertes Produkt, das mit DI-Wasser verd\u00fcnnt verwendet wird.<\/p>\n<div style=\"font-family:Lato; color:#333;\">\n<div style=\"font-weight:bold; text-transform:uppercase; border-bottom:2px solid #9DBB2F; padding-bottom:6px; margin-bottom:10px;\">\n    SPEZIFIKATIONEN\n  <\/div>\n<table width=\"100%\" cellpadding=\"0\" cellspacing=\"0\" style=\"border-collapse:collapse; width:100%; max-width:100%;\">\n<tr>\n<th align=\"left\" style=\"background:#7A7A7A; color:#fff; padding:8px 12px; border:1px solid #BDBDBD;\">\n        SPEZIFIKATIONEN\n      <\/th>\n<th align=\"left\" style=\"background:#7A7A7A; color:#fff; padding:8px 12px; border:1px solid #BDBDBD;\">\n        WERTE\n      <\/th>\n<th align=\"left\" style=\"background:#7A7A7A; color:#fff; padding:8px 12px; border:1px solid #BDBDBD;\">\n        METHODEN\n      <\/th>\n<\/tr>\n<tr>\n<td style=\"padding:8px 12px; border:1px solid #BDBDBD;\">Aspekt<\/td>\n<td style=\"padding:8px 12px; border:1px solid #BDBDBD;\">Gelb<\/td>\n<td style=\"padding:8px 12px; border:1px solid #BDBDBD;\">Visuell<\/td>\n<\/tr>\n<tr style=\"background:#E6E6E6;\">\n<td style=\"padding:8px 12px; border:1px solid #BDBDBD;\">Dichte bei 20\u00b0C (g\/ml)<\/td>\n<td style=\"padding:8px 12px; border:1px solid #BDBDBD;\">1,07 +\/- 0,01<\/td>\n<td style=\"padding:8px 12px; border:1px solid #BDBDBD;\">BRY-MO-028<\/td>\n<\/tr>\n<tr>\n<td style=\"padding:8px 12px; border:1px solid #BDBDBD;\">pH-Wert des reinen Produkts<\/td>\n<td style=\"padding:8px 12px; border:1px solid #BDBDBD;\">12,0 +\/- 0,5<\/td>\n<td style=\"padding:8px 12px; border:1px solid #BDBDBD;\">BRY-MO-011<\/td>\n<\/tr>\n<tr style=\"background:#E6E6E6;\">\n<td style=\"padding:8px 12px; border:1px solid #BDBDBD;\">pH bei 1%<\/td>\n<td style=\"padding:8px 12px; border:1px solid #BDBDBD;\">10,5 +\/- 0,5<\/td>\n<td style=\"padding:8px 12px; border:1px solid #BDBDBD;\">BRY-MO-011<\/td>\n<\/tr>\n<\/table>\n<\/div>\n<div style=\"font-family:Lato; color:#333;\">\n<div style=\"font-weight:bold; text-transform:uppercase; border-bottom:2px solid #9DBB2F; padding-bottom:6px; margin:30px 0 10px;\">\n    KENNDATEN\n  <\/div>\n<table width=\"100%\" cellpadding=\"0\" cellspacing=\"0\" style=\"border-collapse:collapse; width:100%; max-width:100%;\">\n<tr>\n<th align=\"left\" style=\"background:#7A7A7A; color:#fff; padding:8px 12px; border:1px solid #BDBDBD;\">\n        KENNDATEN\n      <\/th>\n<th align=\"left\" style=\"background:#7A7A7A; color:#fff; padding:8px 12px; border:1px solid #BDBDBD;\">\n        WERTE\n      <\/th>\n<\/tr>\n<tr>\n<td style=\"padding:8px 12px; border:1px solid #BDBDBD;\">L\u00f6slichkeit in Wasser<\/td>\n<td style=\"padding:8px 12px; border:1px solid #BDBDBD;\">Total l\u00f6slich<\/td>\n<\/tr>\n<tr style=\"background:#E6E6E6;\">\n<td style=\"padding:8px 12px; border:1px solid #BDBDBD;\">Oberfl\u00e4chenspannung bei 1%<\/td>\n<td style=\"padding:8px 12px; border:1px solid #BDBDBD;\">34 Dyn\/cm\u00b2<\/td>\n<\/tr>\n<\/table>\n<\/div>\n","protected":false},"excerpt":{"rendered":"<ul>\n<li>Entfernung von \u00d6l und Fett<\/li>\n<li>W\u00e4ssriges Immersionsverfahren mit Ultraschall<\/li>\n<li>Hervorragend geeignet f\u00fcr die Reinigung von Titan und Aluminium<\/li>\n<\/ul>\n<p><a href=\"https:\/\/www.inventec.dehon.com\/wp-content\/uploads\/2021\/04\/GW-Score-33.png\"><img decoding=\"async\" class=\"alignnone wp-image-15033\" src=\"https:\/\/www.inventec.dehon.com\/wp-content\/uploads\/2021\/04\/GW-Score-33.png\" alt=\"Promoclean TP 1113\" width=\"40\" height=\"34\" \/><\/a><\/p>\n","protected":false},"featured_media":2432,"comment_status":"closed","ping_status":"closed","template":"","meta":{"_acf_changed":false,"inline_featured_image":false},"product_brand":[],"product_cat":[595,2865,2864,411],"product_tag":[2009,4238,5414,4322,4326,4394,2007,2006,2064,2008,4470,4262,4258,4823,4254],"class_list":{"0":"post-10154","1":"product","2":"type-product","3":"status-publish","4":"has-post-thumbnail","6":"industries-antriebsstrang","7":"industries-automobil","8":"industries-chassis-rader-und-lenkung","9":"industries-implantate","10":"industries-landing-systeme","11":"industries-luft-und-raumfahrt-verteidigung","12":"industries-medizintechnik","13":"industries-motoren","14":"product_cat-additive-fertigungslosungen","15":"product_cat-fettentfernung-von-verschiedenen-metallkomponenten","16":"product_cat-olentfernung-von-verschiedenen-metallkomponenten","17":"product_cat-reinigung","18":"product_tag-1113-de","19":"product_tag-additive-fertigung-de","20":"product_tag-entfetten","21":"product_tag-fettentfernung-de","22":"product_tag-greenway","23":"product_tag-olentfernung","24":"product_tag-promoclean-de","25":"product_tag-promoclean-tp-1113-de","26":"product_tag-tp-de","27":"product_tag-tp-1113-de","28":"product_tag-ultraschall","29":"product_tag-ultraschall-wasserbad","30":"product_tag-wasserbad","31":"product_tag-wasserbasiert","32":"product_tag-wasserbasierte-reinigungsfluessigkeiten-de","33":"pa_application-fettentfernung","34":"pa_application-loesungen-fuer-additive-fertigung","35":"pa_application-oelentfernung","36":"pa_brand-promoclean-de","37":"pa_features-geeignet-fuer-wasserbasierte-anwendungen","38":"pa_features-greenway","39":"pa_processes-waessrige-ultraschallimmersion","40":"pa_product-category-wasserbasierte-reinigungsfluessigkeiten","42":"first","43":"instock","44":"shipping-taxable","45":"product-type-simple"},"acf":[],"_links":{"self":[{"href":"https:\/\/www.inventec.dehon.com\/de\/wp-json\/wp\/v2\/product\/10154","targetHints":{"allow":["GET"]}}],"collection":[{"href":"https:\/\/www.inventec.dehon.com\/de\/wp-json\/wp\/v2\/product"}],"about":[{"href":"https:\/\/www.inventec.dehon.com\/de\/wp-json\/wp\/v2\/types\/product"}],"replies":[{"embeddable":true,"href":"https:\/\/www.inventec.dehon.com\/de\/wp-json\/wp\/v2\/comments?post=10154"}],"wp:featuredmedia":[{"embeddable":true,"href":"https:\/\/www.inventec.dehon.com\/de\/wp-json\/wp\/v2\/media\/2432"}],"wp:attachment":[{"href":"https:\/\/www.inventec.dehon.com\/de\/wp-json\/wp\/v2\/media?parent=10154"}],"wp:term":[{"taxonomy":"product_brand","embeddable":true,"href":"https:\/\/www.inventec.dehon.com\/de\/wp-json\/wp\/v2\/product_brand?post=10154"},{"taxonomy":"product_cat","embeddable":true,"href":"https:\/\/www.inventec.dehon.com\/de\/wp-json\/wp\/v2\/product_cat?post=10154"},{"taxonomy":"product_tag","embeddable":true,"href":"https:\/\/www.inventec.dehon.com\/de\/wp-json\/wp\/v2\/product_tag?post=10154"}],"curies":[{"name":"wp","href":"https:\/\/api.w.org\/{rel}","templated":true}]}}