{"id":10143,"date":"2021-04-19T08:28:22","date_gmt":"2021-12-21T12:36:04","guid":{"rendered":"https:\/\/www.inventec.dehon.com\/product\/pca-kit-promoclean-tp-178\/"},"modified":"2025-01-14T09:21:06","modified_gmt":"2025-01-14T09:21:06","slug":"pca-kit-promoclean-tp-178","status":"publish","type":"product","link":"https:\/\/www.inventec.dehon.com\/de\/product\/pca-kit-promoclean-tp-178\/","title":{"rendered":"PCA KIT PROMOCLEAN TP 178"},"content":{"rendered":"<h2 style=\"color: #9bc947; margin-bottom: 15px;\">Sicherung einer konsistenten Reinigungsqualit\u00e4t<\/h2>\n<ul>\n<li>Analysekit zur Prozesssteuerung<\/li>\n<\/ul>\n<h5>PCA KIT PROMOCLEAN TP 178<\/h5>\n<p><img decoding=\"async\" class=\"alignleft\" src=\"https:\/\/www.inventec.dehon.com\/wp-content\/uploads\/2021\/03\/Inventec-PCA-Kit-300x234.jpg\" alt=\"PCA KIT PROMOCLEAN TP 178\" width=\"150\" \/><br \/>\nDank <strong>PCA KIT von INVENTEC<\/strong> kann die Konzentration des Bades gemessen und so bei Bedarf schnell angepasst werden. Die Handhabung und regelm\u00e4\u00dfige Kontrolle des Reinigungsprozesses garantiert eine geradlinige Reinigungsqualit\u00e4t, eine reibungslose Produktion und auch eine vorbeugende Reinigung des Bades.<\/p>\n","protected":false},"excerpt":{"rendered":"<ul>\n<li>Analysekit zur Prozesssteuerung<\/li>\n<\/ul>\n","protected":false},"featured_media":21012,"comment_status":"closed","ping_status":"closed","template":"","meta":{"_acf_changed":false,"inline_featured_image":false},"product_brand":[],"product_cat":[411],"product_tag":[],"class_list":{"0":"post-10143","1":"product","2":"type-product","3":"status-publish","4":"has-post-thumbnail","6":"product_cat-reinigung","8":"first","9":"instock","10":"shipping-taxable","11":"product-type-simple"},"acf":[],"_links":{"self":[{"href":"https:\/\/www.inventec.dehon.com\/de\/wp-json\/wp\/v2\/product\/10143","targetHints":{"allow":["GET"]}}],"collection":[{"href":"https:\/\/www.inventec.dehon.com\/de\/wp-json\/wp\/v2\/product"}],"about":[{"href":"https:\/\/www.inventec.dehon.com\/de\/wp-json\/wp\/v2\/types\/product"}],"replies":[{"embeddable":true,"href":"https:\/\/www.inventec.dehon.com\/de\/wp-json\/wp\/v2\/comments?post=10143"}],"wp:featuredmedia":[{"embeddable":true,"href":"https:\/\/www.inventec.dehon.com\/de\/wp-json\/wp\/v2\/media\/21012"}],"wp:attachment":[{"href":"https:\/\/www.inventec.dehon.com\/de\/wp-json\/wp\/v2\/media?parent=10143"}],"wp:term":[{"taxonomy":"product_brand","embeddable":true,"href":"https:\/\/www.inventec.dehon.com\/de\/wp-json\/wp\/v2\/product_brand?post=10143"},{"taxonomy":"product_cat","embeddable":true,"href":"https:\/\/www.inventec.dehon.com\/de\/wp-json\/wp\/v2\/product_cat?post=10143"},{"taxonomy":"product_tag","embeddable":true,"href":"https:\/\/www.inventec.dehon.com\/de\/wp-json\/wp\/v2\/product_tag?post=10143"}],"curies":[{"name":"wp","href":"https:\/\/api.w.org\/{rel}","templated":true}]}}