{"id":10140,"date":"2021-04-07T13:40:45","date_gmt":"2021-04-07T13:40:45","guid":{"rendered":"https:\/\/www.inventec.dehon.com\/product\/promoclean-tp-1114\/"},"modified":"2026-01-27T16:01:17","modified_gmt":"2026-01-27T15:01:17","slug":"promoclean-tp-1114","status":"publish","type":"product","link":"https:\/\/www.inventec.dehon.com\/de\/product\/promoclean-tp-1114\/","title":{"rendered":"PROMOCLEAN TP 1114"},"content":{"rendered":"<p><img decoding=\"async\" src=\"https:\/\/www.inventec.dehon.com\/wp-content\/uploads\/2021\/04\/PROMOCLEAN-canister-blue.png\" alt=\"PROMOCLEAN TP 1114\" class=\"responsive-img\" align=\"right\" style=\"border-radius:10px; margin-bottom:10px; margin-top:-10px; margin-left:15px; width:300px\" \/><\/p>\n<h2 style=\"color:#9bc947; margin-bottom:15px\">Entfernung von Polierpasten und \u00d6len<\/h2>\n<ul>\n<li>Entfernen von Polierpasten und \u00d6len auf Metallteilen<\/li>\n<li>W\u00e4ssriges Immersionsverfahren mit Ultraschall<\/li>\n<li>Sehr lange Badelaufzeit &amp; tempor\u00e4rer Schutz<\/li>\n<\/ul>\n<h5>PROMOCLEAN TP 1114<\/h5>\n<p>Ist speziell f\u00fcr die Entfernung von polierpasten, Kohlenwasserstoff- und wasserl\u00f6slichen \u00d6len. Es ist f\u00fcr das w\u00e4ssrige Tauchverfahren mit Ultraschallagitation geeignet. Dank seines mittleren pH-Werts sch\u00e4digt es die meisten Eisen- und empfindlichen Nichteisenlegierungen wie Edelstahl, Aluminium, Titan, Kupfer und Messing nicht. Es kann auch auf Edelmetallen wie Gold und Silber verwendet werden. <\/p>\n<p>Dar\u00fcber hinaus bietet <strong>PROMOCLEAN TP 1114<\/strong> durch seine Passivierungseigenschaften einen mittleren tempor\u00e4ren Korrosionsschutz. Dadurch eignet sich das Produkt besonders f\u00fcr den Zwischenbetrieb vor dem n\u00e4chsten Arbeitsschritt, wobei die Teile 1\u20133 Tage lang gesch\u00fctzt bleiben (abh\u00e4ngig von der \u00f6rtlichen Luftfeuchtigkeit und Temperatur).<\/p>\n<p>Falls ein h\u00f6heres Ma\u00df an vor\u00fcbergehendem Schutz erforderlich ist, empfehlen wir <a href=\"https:\/\/www.inventec.dehon.com\/de\/product\/promoclean-tp-1117\/\">PROMOCLEAN TP 1117<\/a>.<\/p>\n<p><strong>PROMOCLEAN TP 1114<\/strong> ist qualifiziert und wird von mehreren Akteuren in der Herstellung von Luxusuhren, Schmuck und medizinischen Teilen verwendet.<\/p>\n<div style=\"font-family:Lato; color:#333;\">\n<div style=\"font-weight:bold; text-transform:uppercase; border-bottom:2px solid #9DBB2F; padding-bottom:6px; margin-bottom:10px;\">\n    SPEZIFIKATIONEN\n  <\/div>\n<table width=\"100%\" cellpadding=\"0\" cellspacing=\"0\" style=\"border-collapse:collapse; width:100%; max-width:100%;\">\n<tr>\n<th align=\"left\" style=\"background:#7A7A7A; color:#fff; padding:8px 12px; border:1px solid #BDBDBD;\">\n        SPEZIFIKATIONEN\n      <\/th>\n<th align=\"left\" style=\"background:#7A7A7A; color:#fff; padding:8px 12px; border:1px solid #BDBDBD;\">\n        WERTE\n      <\/th>\n<th align=\"left\" style=\"background:#7A7A7A; color:#fff; padding:8px 12px; border:1px solid #BDBDBD;\">\n        METHODEN\n      <\/th>\n<\/tr>\n<tr>\n<td style=\"padding:8px 12px; border:1px solid #BDBDBD;\">Aspekt<\/td>\n<td style=\"padding:8px 12px; border:1px solid #BDBDBD;\">Hellbraun<\/td>\n<td style=\"padding:8px 12px; border:1px solid #BDBDBD;\">Visuell<\/td>\n<\/tr>\n<tr style=\"background:#E6E6E6;\">\n<td style=\"padding:8px 12px; border:1px solid #BDBDBD;\">Dichte bei 20\u00b0C (g\/ml)<\/td>\n<td style=\"padding:8px 12px; border:1px solid #BDBDBD;\">1,05 \u00b1 0,01<\/td>\n<td style=\"padding:8px 12px; border:1px solid #BDBDBD;\">BRY-MO-028<\/td>\n<\/tr>\n<tr>\n<td style=\"padding:8px 12px; border:1px solid #BDBDBD;\">pH-Wert des reinen Produkts<\/td>\n<td style=\"padding:8px 12px; border:1px solid #BDBDBD;\">11,0 \u00b1 0,5<\/td>\n<td style=\"padding:8px 12px; border:1px solid #BDBDBD;\">BRY-MO-011<\/td>\n<\/tr>\n<tr style=\"background:#E6E6E6;\">\n<td style=\"padding:8px 12px; border:1px solid #BDBDBD;\">pH bei 1%<\/td>\n<td style=\"padding:8px 12px; border:1px solid #BDBDBD;\">10,1 \u00b1 0,5<\/td>\n<td style=\"padding:8px 12px; border:1px solid #BDBDBD;\">BRY-MO-011<\/td>\n<\/tr>\n<\/table>\n<\/div>\n<div style=\"font-family:Lato; color:#333;\">\n<div style=\"font-weight:bold; text-transform:uppercase; border-bottom:2px solid #9DBB2F; padding-bottom:6px; margin:30px 0 10px;\">\n    KENNDATEN\n  <\/div>\n<table width=\"100%\" cellpadding=\"0\" cellspacing=\"0\" style=\"border-collapse:collapse; width:100%; max-width:100%;\">\n<tr>\n<th align=\"left\" style=\"background:#7A7A7A; color:#fff; padding:8px 12px; border:1px solid #BDBDBD;\">\n        KENNDATEN\n      <\/th>\n<th align=\"left\" style=\"background:#7A7A7A; color:#fff; padding:8px 12px; border:1px solid #BDBDBD;\">\n        WERTE\n      <\/th>\n<\/tr>\n<tr>\n<td style=\"padding:8px 12px; border:1px solid #BDBDBD;\">L\u00f6slichkeit in Wasser<\/td>\n<td style=\"padding:8px 12px; border:1px solid #BDBDBD;\">Total l\u00f6slich<\/td>\n<\/tr>\n<tr style=\"background:#E6E6E6;\">\n<td style=\"padding:8px 12px; border:1px solid #BDBDBD;\">Oberfl\u00e4chenspannung bei 1%<\/td>\n<td style=\"padding:8px 12px; border:1px solid #BDBDBD;\">28 Dyn\/cm2<\/td>\n<\/tr>\n<\/table>\n<\/div>\n","protected":false},"excerpt":{"rendered":"<ul>\n<li>Entfernen von Polierpasten und \u00d6len auf Metallteilen<\/li>\n<li>W\u00e4ssriges Immersionsverfahren mit Ultraschall<\/li>\n<li>Sehr lange Badelaufzeit &amp; tempor\u00e4rer Schutz<\/li>\n<\/ul>\n<p><a href=\"https:\/\/www.inventec.dehon.com\/wp-content\/uploads\/2021\/05\/GW-Score-27.png\"><img decoding=\"async\" class=\"alignnone wp-image-15075\" src=\"https:\/\/www.inventec.dehon.com\/wp-content\/uploads\/2021\/05\/GW-Score-27.png\" alt=\"\" width=\"40\" height=\"34\" \/><\/a><\/p>\n","protected":false},"featured_media":2432,"comment_status":"closed","ping_status":"closed","template":"","meta":{"_acf_changed":false,"inline_featured_image":false},"product_brand":[],"product_cat":[2867,2864],"product_tag":[2063,4326,4394,4418,2007,2061,4815,2064,2062,4470,4262,4258,4823,4254],"class_list":{"0":"post-10140","1":"product","2":"type-product","3":"status-publish","4":"has-post-thumbnail","6":"industries-antriebsstrang","7":"industries-automobil","8":"industries-chassis-rader-und-lenkung","9":"industries-landing-systeme","10":"industries-luft-und-raumfahrt-verteidigung","11":"industries-medizintechnik","12":"industries-motoren","13":"product_cat-entfernung-von-polierpaste","14":"product_cat-olentfernung-von-verschiedenen-metallkomponenten","15":"product_tag-1114-de","16":"product_tag-greenway","17":"product_tag-olentfernung","18":"product_tag-polierpaste-entfernen","19":"product_tag-promoclean-de","20":"product_tag-promoclean-tp-1114-de","21":"product_tag-temporaerer-schutz","22":"product_tag-tp-de","23":"product_tag-tp-1114-de","24":"product_tag-ultraschall","25":"product_tag-ultraschall-wasserbad","26":"product_tag-wasserbad","27":"product_tag-wasserbasiert","28":"product_tag-wasserbasierte-reinigungsfluessigkeiten-de","29":"pa_application-entfernung-von-polierpaste","30":"pa_application-oelentfernung","31":"pa_brand-promoclean-de","32":"pa_features-geeignet-fuer-wasserbasierte-anwendungen","33":"pa_features-greenway","34":"pa_features-mit-temporaerem-schutz","35":"pa_processes-waessrige-ultraschallimmersion","36":"pa_product-category-wasserbasierte-reinigungsfluessigkeiten","38":"first","39":"instock","40":"shipping-taxable","41":"product-type-simple"},"acf":[],"_links":{"self":[{"href":"https:\/\/www.inventec.dehon.com\/de\/wp-json\/wp\/v2\/product\/10140","targetHints":{"allow":["GET"]}}],"collection":[{"href":"https:\/\/www.inventec.dehon.com\/de\/wp-json\/wp\/v2\/product"}],"about":[{"href":"https:\/\/www.inventec.dehon.com\/de\/wp-json\/wp\/v2\/types\/product"}],"replies":[{"embeddable":true,"href":"https:\/\/www.inventec.dehon.com\/de\/wp-json\/wp\/v2\/comments?post=10140"}],"wp:featuredmedia":[{"embeddable":true,"href":"https:\/\/www.inventec.dehon.com\/de\/wp-json\/wp\/v2\/media\/2432"}],"wp:attachment":[{"href":"https:\/\/www.inventec.dehon.com\/de\/wp-json\/wp\/v2\/media?parent=10140"}],"wp:term":[{"taxonomy":"product_brand","embeddable":true,"href":"https:\/\/www.inventec.dehon.com\/de\/wp-json\/wp\/v2\/product_brand?post=10140"},{"taxonomy":"product_cat","embeddable":true,"href":"https:\/\/www.inventec.dehon.com\/de\/wp-json\/wp\/v2\/product_cat?post=10140"},{"taxonomy":"product_tag","embeddable":true,"href":"https:\/\/www.inventec.dehon.com\/de\/wp-json\/wp\/v2\/product_tag?post=10140"}],"curies":[{"name":"wp","href":"https:\/\/api.w.org\/{rel}","templated":true}]}}