{"id":10130,"date":"2021-04-12T11:11:32","date_gmt":"2021-04-12T11:11:32","guid":{"rendered":"https:\/\/www.inventec.dehon.com\/product\/topklean-mc-20d\/"},"modified":"2026-01-29T13:34:26","modified_gmt":"2026-01-29T12:34:26","slug":"topklean-mc-20d","status":"publish","type":"product","link":"https:\/\/www.inventec.dehon.com\/de\/product\/topklean-mc-20d\/","title":{"rendered":"TOPKLEAN MC 20D"},"content":{"rendered":"<p><img decoding=\"async\" src=\"https:\/\/www.inventec.dehon.com\/wp-content\/uploads\/2021\/03\/TOPKLEAN-canister-yellow-1-600x600.jpg\" alt=\"TOPKLEAN MC 20D\" class=\"responsive-img\" align=\"right\" style=\"border-radius:10px; margin-bottom:10px; margin-top:-10px; margin-left:15px; width:300px\" \/><\/p>\n<h2 style=\"color:#9bc947; margin-bottom:15px\">Bester Reiniger f\u00fcr den Vakuumprozess<\/h2>\n<ul>\n<li>Reinigungsmittel zur Entfernung von \u00d6len und Fetten<\/li>\n<li>L\u00f6sungsmittel-Vakuumverfahren<\/li>\n<li>Umweltfreundliche Alternative zu Perchlorethylen und nPB<\/li>\n<\/ul>\n<h5>TOPKLEAN MC 20D<\/h5>\n<p>Speziell entwickelt, um L\u00f6sungsmittel mit hohen Auswirkungen auf die Gesundheit und Sicherheit am Arbeitsplatz wie nPB und Perchlorethylen zu ersetzen und ein Produkt anzubieten, das den aktuellen und zuk\u00fcnftigen Umweltvorschriften entspricht. <\/p>\n<p>Es wird im Vakuumverfahren eingesetzt, um eine umweltfreundliche L\u00f6semittell\u00f6sung zu bieten, ohne Kompromisse bei der hohen Reinigungsleistung einzugehen. Dank seiner F\u00e4higkeit, organische Verbindungen zu l\u00f6sen, kann es Kohlenwasserstoff\u00f6le und -fette von allen Metallen und den meisten in der Industrie verwendeten Kunststoffen entfernen. Es k\u00f6nnte auch eine kleine Menge an wasserl\u00f6slichen \u00d6len entfernen, aber das muss vorher bewertet und getestet werden.<\/p>\n<p><strong>TOPKLEAN MC 20D<\/strong> ist qualifiziert und wird von mehreren Akteuren in der Luft- und Raumfahrtindustrie eingesetzt (z.B. SAFRAN IN 1500B).<\/p>\n<p><!-- SPECIFICATIONS Section --><\/p>\n<div style=\"font-weight:bold; text-transform:uppercase; border-bottom:2px solid #9DBB2F; padding-bottom:6px; margin-bottom:10px;\">\n  SPEZIFIKATIONEN\n<\/div>\n<table width=\"100%\" cellpadding=\"0\" cellspacing=\"0\" style=\"border-collapse:collapse; width:100%; max-width:100%;\">\n<tr>\n<th align=\"left\" style=\"background:#7A7A7A; color:#fff; padding:8px 12px; border:1px solid #BDBDBD;\">SPEZIFIKATIONEN<\/th>\n<th align=\"left\" style=\"background:#7A7A7A; color:#fff; padding:8px 12px; border:1px solid #BDBDBD;\">WERTE<\/th>\n<th align=\"left\" style=\"background:#7A7A7A; color:#fff; padding:8px 12px; border:1px solid #BDBDBD;\">VERFAHREN<\/th>\n<\/tr>\n<tr>\n<td style=\"padding:8px 12px; border:1px solid #BDBDBD;\">Aussehen<\/td>\n<td style=\"padding:8px 12px; border:1px solid #BDBDBD;\">Transparent, farblos<\/td>\n<td style=\"padding:8px 12px; border:1px solid #BDBDBD;\">Visuell<\/td>\n<\/tr>\n<tr style=\"background:#E6E6E6;\">\n<td style=\"padding:8px 12px; border:1px solid #BDBDBD;\">Dichte bei 20 \u00b0C<\/td>\n<td style=\"padding:8px 12px; border:1px solid #BDBDBD;\">880<\/td>\n<td style=\"padding:8px 12px; border:1px solid #BDBDBD;\">ASTM D 4052<\/td>\n<\/tr>\n<tr>\n<td style=\"padding:8px 12px; border:1px solid #BDBDBD;\">S\u00e4ure-Index<\/td>\n<td style=\"padding:8px 12px; border:1px solid #BDBDBD;\">&lt;0,01<\/td>\n<td style=\"padding:8px 12px; border:1px solid #BDBDBD;\">Intern<\/td>\n<\/tr>\n<\/table>\n<p><!-- CHARACTERISTICS Section --><\/p>\n<div style=\"font-weight:bold; text-transform:uppercase; border-bottom:2px solid #9DBB2F; padding-bottom:6px; margin:30px 0 10px 0;\">\n  KENNDATEN\n<\/div>\n<table width=\"100%\" cellpadding=\"0\" cellspacing=\"0\" style=\"border-collapse:collapse; width:100%; max-width:100%;\">\n<tr>\n<th align=\"left\" style=\"background:#7A7A7A; color:#fff; padding:8px 12px; border:1px solid #BDBDBD;\">KENNDATEN<\/th>\n<th align=\"left\" style=\"background:#7A7A7A; color:#fff; padding:8px 12px; border:1px solid #BDBDBD;\">WERTE<\/th>\n<th align=\"left\" style=\"background:#7A7A7A; color:#fff; padding:8px 12px; border:1px solid #BDBDBD;\">VERFAHREN<\/th>\n<\/tr>\n<tr>\n<td style=\"padding:8px 12px; border:1px solid #BDBDBD;\">Siedepunkt (\u00b0C)<\/td>\n<td style=\"padding:8px 12px; border:1px solid #BDBDBD;\">170-180 \u00b0C<\/td>\n<td style=\"padding:8px 12px; border:1px solid #BDBDBD;\">ASTM D1078<\/td>\n<\/tr>\n<tr style=\"background:#E6E6E6;\">\n<td style=\"padding:8px 12px; border:1px solid #BDBDBD;\">Flammpunkt (PMCC)<\/td>\n<td style=\"padding:8px 12px; border:1px solid #BDBDBD;\">&gt;64 \u00b0C<\/td>\n<td style=\"padding:8px 12px; border:1px solid #BDBDBD;\">ASTM D93<\/td>\n<\/tr>\n<tr>\n<td style=\"padding:8px 12px; border:1px solid #BDBDBD;\">Viskosit\u00e4t bei 25 \u00b0C<\/td>\n<td style=\"padding:8px 12px; border:1px solid #BDBDBD;\">1,6 mm\u00b2\/s<\/td>\n<td style=\"padding:8px 12px; border:1px solid #BDBDBD;\">ASTM D445<\/td>\n<\/tr>\n<tr style=\"background:#E6E6E6;\">\n<td style=\"padding:8px 12px; border:1px solid #BDBDBD;\">Oberfl\u00e4chenspannung bei 20 \u00b0C (Dyn\/cm)<\/td>\n<td style=\"padding:8px 12px; border:1px solid #BDBDBD;\">23<\/td>\n<td style=\"padding:8px 12px; border:1px solid #BDBDBD;\">ASTM D971<\/td>\n<\/tr>\n<tr>\n<td style=\"padding:8px 12px; border:1px solid #BDBDBD;\">Relative Verdampungsrate: nBuAc=1<\/td>\n<td style=\"padding:8px 12px; border:1px solid #BDBDBD;\">0,04<\/td>\n<td style=\"padding:8px 12px; border:1px solid #BDBDBD;\">ASTM D3539<\/td>\n<\/tr>\n<tr style=\"background:#E6E6E6;\">\n<td style=\"padding:8px 12px; border:1px solid #BDBDBD;\">Dielektrische Festigkeit<\/td>\n<td style=\"padding:8px 12px; border:1px solid #BDBDBD;\">200 kV\/cm<\/td>\n<td style=\"padding:8px 12px; border:1px solid #BDBDBD;\">DIN\/VDE 0370\/5<\/td>\n<\/tr>\n<tr>\n<td style=\"padding:8px 12px; border:1px solid #BDBDBD;\">Mischbarkeit in Wasser<\/td>\n<td style=\"padding:8px 12px; border:1px solid #BDBDBD;\">Leicht mischbar<\/td>\n<td style=\"padding:8px 12px; border:1px solid #BDBDBD;\">Intern<\/td>\n<\/tr>\n<tr style=\"background:#E6E6E6;\">\n<td style=\"padding:8px 12px; border:1px solid #BDBDBD;\">Relative Dampfdichte bei 20 \u00b0C<\/td>\n<td style=\"padding:8px 12px; border:1px solid #BDBDBD;\">4,6<\/td>\n<td style=\"padding:8px 12px; border:1px solid #BDBDBD;\">Intern<\/td>\n<\/tr>\n<tr>\n<td style=\"padding:8px 12px; border:1px solid #BDBDBD;\">Latente Verdampfungsw\u00e4rme (kJ\/kg bei bp)<\/td>\n<td style=\"padding:8px 12px; border:1px solid #BDBDBD;\">320<\/td>\n<td style=\"padding:8px 12px; border:1px solid #BDBDBD;\">Berechnet<\/td>\n<\/tr>\n<tr style=\"background:#E6E6E6;\">\n<td style=\"padding:8px 12px; border:1px solid #BDBDBD;\">Spezifische W\u00e4rme (kJ\/kg\u00b7K)<\/td>\n<td style=\"padding:8px 12px; border:1px solid #BDBDBD;\">2,0 \/ 2,1<\/td>\n<td style=\"padding:8px 12px; border:1px solid #BDBDBD;\">Berechnet<\/td>\n<\/tr>\n<tr>\n<td style=\"padding:8px 12px; border:1px solid #BDBDBD;\">W\u00e4rmeleitf\u00e4higkeit bei 20 \u00b0C<\/td>\n<td style=\"padding:8px 12px; border:1px solid #BDBDBD;\">0,13 W\/M.K<\/td>\n<td style=\"padding:8px 12px; border:1px solid #BDBDBD;\">Berechnet<\/td>\n<\/tr>\n<\/table>\n","protected":false},"excerpt":{"rendered":"<ul>\n<li>Reinigungsmittel zur Entfernung von \u00d6len und Fetten<\/li>\n<li>L\u00f6sungsmittel-Vakuumverfahren<\/li>\n<li>Umweltfreundliche Alternative zu Perchlorethylen und nPB<\/li>\n<\/ul>\n","protected":false},"featured_media":24450,"comment_status":"closed","ping_status":"closed","template":"","meta":{"_acf_changed":false,"inline_featured_image":false},"product_brand":[],"product_cat":[595,2865,2864,411],"product_tag":[2158,4322,4185,4242,4246,2159,2157,4394,4167,2156,4306,4474],"class_list":{"0":"post-10130","1":"product","2":"type-product","3":"status-publish","4":"has-post-thumbnail","6":"industries-antriebsstrang","7":"industries-chassis-rader-und-lenkung","8":"industries-implantate","9":"industries-landing-systeme","10":"industries-luft-und-raumfahrt-verteidigung","11":"industries-motoren","12":"product_cat-additive-fertigungslosungen","13":"product_cat-fettentfernung-von-verschiedenen-metallkomponenten","14":"product_cat-olentfernung-von-verschiedenen-metallkomponenten","15":"product_cat-reinigung","16":"product_tag-20d-de","17":"product_tag-fettentfernung-de","18":"product_tag-loesungsmittelbasierte-reinigungsfluessigkeiten","19":"product_tag-luft-und-raumfahrt-de","20":"product_tag-luft-und-raumfahrtindustrie-de","21":"product_tag-mc-de","22":"product_tag-mc-20d-de","23":"product_tag-olentfernung","24":"product_tag-safran-in-1500b","25":"product_tag-topklean-mc-20d-de","26":"product_tag-umweltfreundlich-de","27":"product_tag-vakuum-2","28":"pa_application-fettentfernung","29":"pa_application-oelentfernung","30":"pa_brand-topklean-de-2","31":"pa_features-geeignet-fuer-kohlenwasserstoffbasierte-anwendungen","32":"pa_processes-vakuum","33":"pa_product-category-loesungsmittelbasierte-reinigungsfluessigkeiten","35":"first","36":"instock","37":"shipping-taxable","38":"product-type-simple"},"acf":[],"_links":{"self":[{"href":"https:\/\/www.inventec.dehon.com\/de\/wp-json\/wp\/v2\/product\/10130","targetHints":{"allow":["GET"]}}],"collection":[{"href":"https:\/\/www.inventec.dehon.com\/de\/wp-json\/wp\/v2\/product"}],"about":[{"href":"https:\/\/www.inventec.dehon.com\/de\/wp-json\/wp\/v2\/types\/product"}],"replies":[{"embeddable":true,"href":"https:\/\/www.inventec.dehon.com\/de\/wp-json\/wp\/v2\/comments?post=10130"}],"wp:featuredmedia":[{"embeddable":true,"href":"https:\/\/www.inventec.dehon.com\/de\/wp-json\/wp\/v2\/media\/24450"}],"wp:attachment":[{"href":"https:\/\/www.inventec.dehon.com\/de\/wp-json\/wp\/v2\/media?parent=10130"}],"wp:term":[{"taxonomy":"product_brand","embeddable":true,"href":"https:\/\/www.inventec.dehon.com\/de\/wp-json\/wp\/v2\/product_brand?post=10130"},{"taxonomy":"product_cat","embeddable":true,"href":"https:\/\/www.inventec.dehon.com\/de\/wp-json\/wp\/v2\/product_cat?post=10130"},{"taxonomy":"product_tag","embeddable":true,"href":"https:\/\/www.inventec.dehon.com\/de\/wp-json\/wp\/v2\/product_tag?post=10130"}],"curies":[{"name":"wp","href":"https:\/\/api.w.org\/{rel}","templated":true}]}}