{"id":10114,"date":"2021-04-26T08:46:16","date_gmt":"2021-04-26T08:46:16","guid":{"rendered":"https:\/\/www.inventec.dehon.com\/product\/abchimie-42k-uv\/"},"modified":"2026-03-04T09:41:28","modified_gmt":"2026-03-04T08:41:28","slug":"abchimie-42k-uv","status":"publish","type":"product","link":"https:\/\/www.inventec.dehon.com\/de\/product\/abchimie-42k-uv\/","title":{"rendered":"ABCHIMIE 42K-UV"},"content":{"rendered":"<p><img decoding=\"async\" src=\"https:\/\/www.inventec.dehon.com\/wp-content\/uploads\/2021\/03\/AB-CHIMIE-coat-drum-1-600x600.jpg\" alt=\"ABCHIMIE 42K-UV\" class=\"responsive-img\" align=\"right\" style=\"border-radius:10px; margin-bottom:10px; margin-top:-10px; margin-left:15px; width:300px\" \/><\/p>\n<h2 style=\"color: #9bc947; margin-bottom: 15px;\">Schutz vor Feuchtigkeit und hohem elektrischem Druck<\/h2>\n<ul>\n<li>UV-weiches Harz<\/li>\n<li>Hohe Viskosit\u00e4t<\/li>\n<\/ul>\n<h5>ABchimie 42K-UV<\/h5>\n<p>Ist ein weiches, UV-h\u00e4rtendes Einkomponenten-Harz, das auf vielen Untergr\u00fcnden gut haftet. Es kann in hohen Schichtdicken (einige mm) aufgetragen werden. Seine Aush\u00e4rtung erfolgt sofort durch UV-Strahlung. <\/p>\n<p><strong>ABchimie 42K-UV<\/strong> bietet lokalen Schutz f\u00fcr Ihre Komponenten, insbesondere gegen Feuchtigkeit und hohen elektrischen Druck. Sie kann auch eingesetzt werden, um Ihren Systemen mehr Robustheit zu verleihen. Zugelassen nach <strong>UL94 V0<\/strong> (QMJU2-E308681)<\/p>\n<p><a href=\"https:\/\/abchimie.com\/\" target=\"_blank\" rel=\"noopener\"><img decoding=\"async\" class=\"alignnone responsive-img wp-image-2452\" src=\"https:\/\/inventec.dehon.com\/wp-content\/uploads\/2021\/04\/Logo-ABCHIMIE-GR.png\" rel=\"inv-colorbox\" title=\"ABCHIMIE 42K-UV\" alt=\"ABchimie 42K-UV\" width=\"150\" height=\"89\" srcset=\"https:\/\/www.inventec.dehon.com\/wp-content\/uploads\/2021\/04\/Logo-ABCHIMIE-GR.png 6545w, https:\/\/www.inventec.dehon.com\/wp-content\/uploads\/2021\/04\/Logo-ABCHIMIE-GR-300x178.png 300w, https:\/\/www.inventec.dehon.com\/wp-content\/uploads\/2021\/04\/Logo-ABCHIMIE-GR-1024x607.png 1024w, https:\/\/www.inventec.dehon.com\/wp-content\/uploads\/2021\/04\/Logo-ABCHIMIE-GR-768x455.png 768w, https:\/\/www.inventec.dehon.com\/wp-content\/uploads\/2021\/04\/Logo-ABCHIMIE-GR-1536x911.png 1536w, https:\/\/www.inventec.dehon.com\/wp-content\/uploads\/2021\/04\/Logo-ABCHIMIE-GR-2048x1214.png 2048w, https:\/\/www.inventec.dehon.com\/wp-content\/uploads\/2021\/04\/Logo-ABCHIMIE-GR-600x356.png 600w\" sizes=\"(max-width: 150px) 100vw, 150px\" \/><\/a><\/p>\n","protected":false},"excerpt":{"rendered":"<ul>\n<li>UV-weiches Harz<\/li>\n<li>Hohe Viskosit\u00e4t<\/li>\n<\/ul>\n","protected":false},"featured_media":24440,"comment_status":"closed","ping_status":"closed","template":"","meta":{"_acf_changed":false,"inline_featured_image":false},"product_brand":[],"product_cat":[2870,819,2872],"product_tag":[1844,1843,1780,1842,4647,4278,4651,5390,4635,3747,5476,4434,5460,4643,4454,5484,1796,5500,5504,5516,5520,5524,4671,5318,5488],"class_list":{"0":"post-10114","1":"product","2":"type-product","3":"status-publish","4":"has-post-thumbnail","6":"product_cat-abchimie-und-inventec-partnerschaft","7":"product_cat-beschichtungen","8":"product_cat-uv-hartende-konforme-beschichtungen","9":"product_tag-42k-de","10":"product_tag-42k-uv-de","11":"product_tag-abchimie-de","12":"product_tag-abchimie-42k-uv-de","13":"product_tag-aushaertung","14":"product_tag-beschichtungen-de","15":"product_tag-elektronische-bauteile","16":"product_tag-hohe-viskositaet","17":"product_tag-mit-pinsel-auftragen","18":"product_tag-pcb-de","19":"product_tag-quecksilberlampe","20":"product_tag-rohs","21":"product_tag-schutzbeschichtungen","22":"product_tag-selektiv-spruehen","23":"product_tag-spray","24":"product_tag-strahlung","25":"product_tag-uv-de","26":"product_tag-uv-gehaertet","27":"product_tag-uv-lampe","28":"product_tag-uv-quecksilber","29":"product_tag-uv-quecksilberlampe-2","30":"product_tag-uv-strahlung","31":"product_tag-uv-tracer","32":"product_tag-voc-frei-de","33":"product_tag-weiches-harz","34":"pa_application-pcb-elektronische-bauteile","35":"pa_brand-abchimie-de-2","36":"pa_features-uv-tracer-de","37":"pa_features-voc-frei","38":"pa_processes-auftrag-durch-selektives-spruhen","39":"pa_processes-auftrag-mit-pinsel","40":"pa_processes-aushartung-mit-uv-quecksilberlampe","41":"pa_product-category-konforme-beschichtung","43":"first","44":"instock","45":"shipping-taxable","46":"product-type-simple"},"acf":[],"_links":{"self":[{"href":"https:\/\/www.inventec.dehon.com\/de\/wp-json\/wp\/v2\/product\/10114","targetHints":{"allow":["GET"]}}],"collection":[{"href":"https:\/\/www.inventec.dehon.com\/de\/wp-json\/wp\/v2\/product"}],"about":[{"href":"https:\/\/www.inventec.dehon.com\/de\/wp-json\/wp\/v2\/types\/product"}],"replies":[{"embeddable":true,"href":"https:\/\/www.inventec.dehon.com\/de\/wp-json\/wp\/v2\/comments?post=10114"}],"wp:featuredmedia":[{"embeddable":true,"href":"https:\/\/www.inventec.dehon.com\/de\/wp-json\/wp\/v2\/media\/24440"}],"wp:attachment":[{"href":"https:\/\/www.inventec.dehon.com\/de\/wp-json\/wp\/v2\/media?parent=10114"}],"wp:term":[{"taxonomy":"product_brand","embeddable":true,"href":"https:\/\/www.inventec.dehon.com\/de\/wp-json\/wp\/v2\/product_brand?post=10114"},{"taxonomy":"product_cat","embeddable":true,"href":"https:\/\/www.inventec.dehon.com\/de\/wp-json\/wp\/v2\/product_cat?post=10114"},{"taxonomy":"product_tag","embeddable":true,"href":"https:\/\/www.inventec.dehon.com\/de\/wp-json\/wp\/v2\/product_tag?post=10114"}],"curies":[{"name":"wp","href":"https:\/\/api.w.org\/{rel}","templated":true}]}}