{"id":10111,"date":"2021-04-08T08:37:20","date_gmt":"2021-04-08T08:37:20","guid":{"rendered":"https:\/\/www.inventec.dehon.com\/product\/promosolv-dr1\/"},"modified":"2026-01-28T13:58:30","modified_gmt":"2026-01-28T12:58:30","slug":"promosolv-dr1","status":"publish","type":"product","link":"https:\/\/www.inventec.dehon.com\/de\/product\/promosolv-dr1\/","title":{"rendered":"PROMOSOLV DR1"},"content":{"rendered":"<p><img decoding=\"async\" src=\"https:\/\/www.inventec.dehon.com\/wp-content\/uploads\/2021\/03\/PROMOSOLV-drum-colorless-Ecoprog-600x600.png\" alt=\"PROMOSOLV DR1\" class=\"responsive-img\" align=\"right\" style=\"border-radius:10px; margin-bottom:10px; margin-top:-10px; margin-left:15px; width:300px\" \/><\/p>\n<h2 style=\"color:#9bc947; margin-bottom:15px\">Nachhaltiges Sp\u00fclmittel<\/h2>\n<ul>\n<li>L\u00f6sungsmittel zum Absp\u00fclen &amp; fleckenfreies schnelles Trocknen<\/li>\n<li>Co-L\u00f6sungsmittel-Reinigungs- und Trocknungsverfahren<\/li>\n<li>Sehr geringe Auswirkungen auf HSE<\/li>\n<\/ul>\n<h5>PROMOSOLV DR1<\/h5>\n<p>Speziell entwickelt, um L\u00f6sungsmittel mit hoher HSE-Belastung zu ersetzen und ein Produkt anzubieten, das den aktuellen und zuk\u00fcnftigen Umweltvorschriften entspricht. Es wird in Kombination mit unserem TOPKLEAN\u2122-Sortiment verwendet, um eine umweltfreundliche L\u00f6semittell\u00f6sung zu bieten, ohne Kompromisse bei der hohen Reinigungsleistung einzugehen. Die sehr niedrige Oberfl\u00e4chenspannung erm\u00f6glicht das Eindringen in sehr enge R\u00e4ume und stellt sicher, dass die Reinigungschemie nach dem Absp\u00fclen vollst\u00e4ndig entfernt wird.<\/p>\n<p>Dieses Produkt gibt es auch in einer recycelten Version (aus recyceltem L\u00f6sungsmittel) unter dem Namen <strong>PROMOSOLV DR1 T<\/strong>. <\/p>\n<p><strong>PROMOSOLV DR1<\/strong> ist ein direkter Ersatz f\u00fcr <strong>3M Novec 71IPA<\/strong>, das bis Ende 2025 freiwillig aus dem Programm genommen werden soll. Klicken Sie auf den Link f\u00fcr weitere Informationen zur Ank\u00fcndigung des <a href=\"https:\/\/www.inventec.dehon.com\/de\/3m-loesungsmittel-auslaufen-lassen\/\">3M Novec-Auslaufens<\/a>.<\/p>\n<div style=\"font-family:Lato; color:#333;\">\n<div style=\"font-weight:bold; text-transform:uppercase; border-bottom:2px solid #9DBB2F; padding-bottom:6px; margin-bottom:10px;\">\n    Spezifikationen\n  <\/div>\n<table width=\"100%\" cellpadding=\"0\" cellspacing=\"0\" style=\"border-collapse:collapse; width:100%; max-width:100%;\">\n<tr>\n<th align=\"left\" style=\"background:#7A7A7A; color:#fff; padding:8px 12px; border:1px solid #BDBDBD;\">\n        Spezifikationen\n      <\/th>\n<th align=\"left\" style=\"background:#7A7A7A; color:#fff; padding:8px 12px; border:1px solid #BDBDBD;\">\n        Werte\n      <\/th>\n<th align=\"left\" style=\"background:#7A7A7A; color:#fff; padding:8px 12px; border:1px solid #BDBDBD;\">\n        Methoden\n      <\/th>\n<\/tr>\n<tr>\n<td style=\"padding:8px 12px; border:1px solid #BDBDBD;\">Aspekt<\/td>\n<td style=\"padding:8px 12px; border:1px solid #BDBDBD;\">Transparent, farblos<\/td>\n<td style=\"padding:8px 12px; border:1px solid #BDBDBD;\">Visuell<\/td>\n<\/tr>\n<tr style=\"background:#E6E6E6;\">\n<td style=\"padding:8px 12px; border:1px solid #BDBDBD;\">Methoxy-Nonafluorbutan-Ether (%)<\/td>\n<td style=\"padding:8px 12px; border:1px solid #BDBDBD;\">95,5% \u00b1 0,5<\/td>\n<td style=\"padding:8px 12px; border:1px solid #BDBDBD;\">Intern \/ MO.SB.10033<\/td>\n<\/tr>\n<tr>\n<td style=\"padding:8px 12px; border:1px solid #BDBDBD;\">Isopropanol (%)<\/td>\n<td style=\"padding:8px 12px; border:1px solid #BDBDBD;\">4,5% \u00b1 0,5<\/td>\n<td style=\"padding:8px 12px; border:1px solid #BDBDBD;\">Intern \/ MO.SB.10033<\/td>\n<\/tr>\n<\/table>\n<\/div>\n<div style=\"font-family:Lato; color:#333;\">\n<div style=\"font-weight:bold; text-transform:uppercase; border-bottom:2px solid #9DBB2F; padding-bottom:6px; margin:30px 0 10px;\">\n    Kenndaten\n  <\/div>\n<table width=\"100%\" cellpadding=\"0\" cellspacing=\"0\" style=\"border-collapse:collapse; width:100%; max-width:100%;\">\n<tr>\n<th align=\"left\" style=\"background:#7A7A7A; color:#fff; padding:8px 12px; border:1px solid #BDBDBD;\">\n        Kenndaten\n      <\/th>\n<th align=\"left\" style=\"background:#7A7A7A; color:#fff; padding:8px 12px; border:1px solid #BDBDBD;\">\n        PROMOSOLV DR1\n      <\/th>\n<th align=\"left\" style=\"background:#7A7A7A; color:#fff; padding:8px 12px; border:1px solid #BDBDBD;\">\n        PROMOSOLV DR1 T\n      <\/th>\n<\/tr>\n<tr>\n<td style=\"padding:8px 12px; border:1px solid #BDBDBD;\">Siedepunkt<\/td>\n<td style=\"padding:8px 12px; border:1px solid #BDBDBD;\">55\u00b0C \/ 131\u00b0F<\/td>\n<td style=\"padding:8px 12px; border:1px solid #BDBDBD;\">55\u00b0C \/ 131\u00b0F<\/td>\n<\/tr>\n<tr style=\"background:#E6E6E6;\">\n<td style=\"padding:8px 12px; border:1px solid #BDBDBD;\">Gefrierpunkt<\/td>\n<td style=\"padding:8px 12px; border:1px solid #BDBDBD;\">-42\u00b0C \/ -44\u00b0F<\/td>\n<td style=\"padding:8px 12px; border:1px solid #BDBDBD;\">-42\u00b0C \/ -44\u00b0F<\/td>\n<\/tr>\n<tr>\n<td style=\"padding:8px 12px; border:1px solid #BDBDBD;\">Flammpunkt<\/td>\n<td style=\"padding:8px 12px; border:1px solid #BDBDBD;\">Nein<\/td>\n<td style=\"padding:8px 12px; border:1px solid #BDBDBD;\">Nein<\/td>\n<\/tr>\n<tr style=\"background:#E6E6E6;\">\n<td style=\"padding:8px 12px; border:1px solid #BDBDBD;\">Dichte (g\/cm\u00b3)<\/td>\n<td style=\"padding:8px 12px; border:1px solid #BDBDBD;\">1,48<\/td>\n<td style=\"padding:8px 12px; border:1px solid #BDBDBD;\">1,48<\/td>\n<\/tr>\n<tr>\n<td style=\"padding:8px 12px; border:1px solid #BDBDBD;\">Reinheit (% Gewicht)<\/td>\n<td style=\"padding:8px 12px; border:1px solid #BDBDBD;\">>99,5<\/td>\n<td style=\"padding:8px 12px; border:1px solid #BDBDBD;\">>99,0<\/td>\n<\/tr>\n<tr style=\"background:#E6E6E6;\">\n<td style=\"padding:8px 12px; border:1px solid #BDBDBD;\">Oberfl\u00e4chenspannung (dyn\/cm)<\/td>\n<td style=\"padding:8px 12px; border:1px solid #BDBDBD;\">14,5<\/td>\n<td style=\"padding:8px 12px; border:1px solid #BDBDBD;\">14,5<\/td>\n<\/tr>\n<tr>\n<td style=\"padding:8px 12px; border:1px solid #BDBDBD;\">Dampfdruck (kPa)<\/td>\n<td style=\"padding:8px 12px; border:1px solid #BDBDBD;\">27,6<\/td>\n<td style=\"padding:8px 12px; border:1px solid #BDBDBD;\">27,6<\/td>\n<\/tr>\n<tr style=\"background:#E6E6E6;\">\n<td style=\"padding:8px 12px; border:1px solid #BDBDBD;\">Dynamische Viskosit\u00e4t (mPa.s)<\/td>\n<td style=\"padding:8px 12px; border:1px solid #BDBDBD;\">0,75<\/td>\n<td style=\"padding:8px 12px; border:1px solid #BDBDBD;\">0,75<\/td>\n<\/tr>\n<tr>\n<td style=\"padding:8px 12px; border:1px solid #BDBDBD;\">Latente Verdampfungsw\u00e4rme (kJ\/kg @bp)<\/td>\n<td style=\"padding:8px 12px; border:1px solid #BDBDBD;\">165<\/td>\n<td style=\"padding:8px 12px; border:1px solid #BDBDBD;\">165<\/td>\n<\/tr>\n<tr style=\"background:#E6E6E6;\">\n<td style=\"padding:8px 12px; border:1px solid #BDBDBD;\">Spezifische W\u00e4rme (kJ\/kg.K)<\/td>\n<td style=\"padding:8px 12px; border:1px solid #BDBDBD;\">1,17<\/td>\n<td style=\"padding:8px 12px; border:1px solid #BDBDBD;\">1,17<\/td>\n<\/tr>\n<\/table>\n<\/div>\n","protected":false},"excerpt":{"rendered":"<ul>\n<li>L\u00f6sungsmittel zum Absp\u00fclen &amp; fleckenfreies schnelles Trocknen<\/li>\n<li>Co-L\u00f6sungsmittel-Reinigungs- und Trocknungsverfahren<\/li>\n<li>Sehr geringe Auswirkungen auf HSE<\/li>\n<\/ul>\n<p><a href=\"https:\/\/www.inventec.dehon.com\/wp-content\/uploads\/2023\/06\/GW-ECO-FREE-305-WS12.png\"><img decoding=\"async\" class=\"alignnone wp-image-14785\" src=\"https:\/\/www.inventec.dehon.com\/wp-content\/uploads\/2023\/06\/GW-ECO-FREE-305-WS12.png\" alt=\"\" width=\"40\" height=\"34\" \/><\/a><\/p>\n","protected":false},"featured_media":2277,"comment_status":"closed","ping_status":"closed","template":"","meta":{"_acf_changed":false,"inline_featured_image":false},"product_brand":[],"product_cat":[2861,2862,411],"product_tag":[4282,2093,4326,4446,4185,4764,1825,2092,4599],"class_list":{"0":"post-10111","1":"product","2":"type-product","3":"status-publish","4":"has-post-thumbnail","6":"industries-automobil","7":"industries-luft-und-raumfahrt-verteidigung","8":"industries-medizintechnik","9":"product_cat-losungsmittel-zum-spulen","10":"product_cat-losungsmittel-zum-trocknen","11":"product_cat-reinigung","12":"product_tag-co-losungsmittel","13":"product_tag-dr1-de","14":"product_tag-greenway","15":"product_tag-loesungsmittel-trocknung","16":"product_tag-loesungsmittelbasierte-reinigungsfluessigkeiten","17":"product_tag-losungsmittelspulung","18":"product_tag-promosolv-de","19":"product_tag-promosolv-dr1-de","20":"product_tag-recycelbar","21":"pa_brand-promosolv-de-2","22":"pa_features-greenway","23":"pa_features-recycelbar","24":"pa_processes-co-losungsmittel","25":"pa_processes-loesungsmittelspuelung","26":"pa_processes-trocknendes-losungsmittel","27":"pa_product-category-loesungsmittelbasierte-reinigungsfluessigkeiten","29":"first","30":"instock","31":"shipping-taxable","32":"product-type-simple"},"acf":[],"_links":{"self":[{"href":"https:\/\/www.inventec.dehon.com\/de\/wp-json\/wp\/v2\/product\/10111","targetHints":{"allow":["GET"]}}],"collection":[{"href":"https:\/\/www.inventec.dehon.com\/de\/wp-json\/wp\/v2\/product"}],"about":[{"href":"https:\/\/www.inventec.dehon.com\/de\/wp-json\/wp\/v2\/types\/product"}],"replies":[{"embeddable":true,"href":"https:\/\/www.inventec.dehon.com\/de\/wp-json\/wp\/v2\/comments?post=10111"}],"wp:featuredmedia":[{"embeddable":true,"href":"https:\/\/www.inventec.dehon.com\/de\/wp-json\/wp\/v2\/media\/2277"}],"wp:attachment":[{"href":"https:\/\/www.inventec.dehon.com\/de\/wp-json\/wp\/v2\/media?parent=10111"}],"wp:term":[{"taxonomy":"product_brand","embeddable":true,"href":"https:\/\/www.inventec.dehon.com\/de\/wp-json\/wp\/v2\/product_brand?post=10111"},{"taxonomy":"product_cat","embeddable":true,"href":"https:\/\/www.inventec.dehon.com\/de\/wp-json\/wp\/v2\/product_cat?post=10111"},{"taxonomy":"product_tag","embeddable":true,"href":"https:\/\/www.inventec.dehon.com\/de\/wp-json\/wp\/v2\/product_tag?post=10111"}],"curies":[{"name":"wp","href":"https:\/\/api.w.org\/{rel}","templated":true}]}}