{"id":10110,"date":"2021-04-19T16:32:50","date_gmt":"2021-04-19T16:32:50","guid":{"rendered":"https:\/\/www.inventec.dehon.com\/product\/ecofrec-205\/"},"modified":"2026-01-20T13:27:40","modified_gmt":"2026-01-20T12:27:40","slug":"ecofrec-205","status":"publish","type":"product","link":"https:\/\/www.inventec.dehon.com\/de\/product\/ecofrec-205\/","title":{"rendered":"ECOFREC 205"},"content":{"rendered":"<p><img decoding=\"async\" src=\"https:\/\/www.inventec.dehon.com\/wp-content\/uploads\/2021\/04\/ECOFREC-canister-solvent-based-600x600.png\" alt=\"ECOFREC 205\" class=\"responsive-img\" align=\"right\" style=\"border-radius:10px; margin-bottom:10px; margin-top:-10px; margin-left:15px; width:300px\" \/><\/p>\n<h2 style=\"color:#9bc947; margin-bottom:15px\">L\u00f6sungsmittelbasiert mit besten Benetzungseigenschaften<\/h2>\n<ul>\n<li>Fl\u00fcssiges Flussmittel auf L\u00f6sungsmittelbasis ohne Reinigungsmittel<\/li>\n<li>Wellen- und Selektivl\u00f6ten<\/li>\n<li>Hervorragende Benetzung und Kompatibilit\u00e4t mit einer breiten Palette von Leiterplattenveredelungen<\/li>\n<\/ul>\n<h5>ECOFREC 205<\/h5>\n<p>basiert auf unserer neuen Generation von L\u00f6tflussmitteln, die entwickelt wurden, um noch bessere Benetzungseigenschaften unabh\u00e4ngig von der gew\u00e4hlten Leiterplattenveredelung zu erzielen. Es bietet hervorragende L\u00f6tergebnisse sowohl bei bleifreien als auch bei bleihaltigen L\u00f6tungen und sowohl bei Wellen- als auch bei Selektivwellenl\u00f6tungen.<\/p>\n<p>Es handelt sich um einen No-Clean-Alkoholflux, der zum L\u00f6ten entweder mit Luft oder in einer stickstoffkontrollierten Atmosph\u00e4re empfohlen wird.<\/p>\n<p><!-- EIGENSCHAFTEN Section --><\/p>\n<div style=\"font-weight:bold; border-bottom:2px solid #9DBB2F; padding-bottom:6px; margin-bottom:10px;\">\n  EIGENSCHAFTEN\n<\/div>\n<table width=\"100%\" cellpadding=\"0\" cellspacing=\"0\" style=\"border-collapse:collapse; width:100%; max-width:100%;\">\n<tr>\n<th align=\"left\" style=\"background:#7A7A7A; color:#fff; padding:8px 12px; border:1px solid #BDBDBD;\">SPEZIFIKATIONEN<\/th>\n<th align=\"left\" style=\"background:#7A7A7A; color:#fff; padding:8px 12px; border:1px solid #BDBDBD;\">ECOFREC 205<\/th>\n<\/tr>\n<tr>\n<td style=\"padding:8px 12px; border:1px solid #BDBDBD;\">Aussehen<\/td>\n<td style=\"padding:8px 12px; border:1px solid #BDBDBD;\">Farbl\u00fcssigkeit<\/td>\n<\/tr>\n<tr style=\"background:#E6E6E6;\">\n<td style=\"padding:8px 12px; border:1px solid #BDBDBD;\">Feststoffgehalt<\/td>\n<td style=\"padding:8px 12px; border:1px solid #BDBDBD;\">4,2<\/td>\n<\/tr>\n<tr>\n<td style=\"padding:8px 12px; border:1px solid #BDBDBD;\">S\u00e4urezahl (mg KOH\/g)<\/td>\n<td style=\"padding:8px 12px; border:1px solid #BDBDBD;\">33-37<\/td>\n<\/tr>\n<tr style=\"background:#E6E6E6;\">\n<td style=\"padding:8px 12px; border:1px solid #BDBDBD;\">Dichte bei 20\u00b0C (g\/mL)<\/td>\n<td style=\"padding:8px 12px; border:1px solid #BDBDBD;\">0,795 \u2013 0,811<\/td>\n<\/tr>\n<tr>\n<td style=\"padding:8px 12px; border:1px solid #BDBDBD;\">Halogengehalt<\/td>\n<td style=\"padding:8px 12px; border:1px solid #BDBDBD;\">Kein Halogen<\/td>\n<\/tr>\n<tr style=\"background:#E6E6E6;\">\n<td style=\"padding:8px 12px; border:1px solid #BDBDBD;\">Flammpunkt<\/td>\n<td style=\"padding:8px 12px; border:1px solid #BDBDBD;\">16\u00b0C\/61\u00b0F<\/td>\n<\/tr>\n<\/table>\n<p><!-- CHARAKTERISTIKEN Section --><\/p>\n<div style=\"font-weight:bold; border-bottom:2px solid #9DBB2F; padding-bottom:6px; margin:30px 0 10px 0;\">\n  CHARAKTERISTIKEN\n<\/div>\n<table width=\"100%\" cellpadding=\"0\" cellspacing=\"0\" style=\"border-collapse:collapse; width:100%; max-width:100%;\">\n<tr>\n<th align=\"left\" style=\"background:#7A7A7A; color:#fff; padding:8px 12px; border:1px solid #BDBDBD;\">CHARAKTERISTIKEN<\/th>\n<th align=\"left\" style=\"background:#7A7A7A; color:#fff; padding:8px 12px; border:1px solid #BDBDBD;\">WERTE<\/th>\n<th align=\"left\" style=\"background:#7A7A7A; color:#fff; padding:8px 12px; border:1px solid #BDBDBD;\">METHODE<\/th>\n<\/tr>\n<tr>\n<td style=\"padding:8px 12px; border:1px solid #BDBDBD;\">Flussmittelklassifizierung<\/td>\n<td style=\"padding:8px 12px; border:1px solid #BDBDBD;\">ORL0<\/td>\n<td style=\"padding:8px 12px; border:1px solid #BDBDBD;\">ANSI\/J-STD-004<\/td>\n<\/tr>\n<tr style=\"background:#E6E6E6;\">\n<td style=\"padding:8px 12px; border:1px solid #BDBDBD;\">Kupferspiegel<\/td>\n<td style=\"padding:8px 12px; border:1px solid #BDBDBD;\">Bestanden<\/td>\n<td style=\"padding:8px 12px; border:1px solid #BDBDBD;\">ANSI\/J-STD-004<\/td>\n<\/tr>\n<tr>\n<td style=\"padding:8px 12px; border:1px solid #BDBDBD;\">Chromatpapier<\/td>\n<td style=\"padding:8px 12px; border:1px solid #BDBDBD;\">Bestanden<\/td>\n<td style=\"padding:8px 12px; border:1px solid #BDBDBD;\">ANSI\/J-STD-004<\/td>\n<\/tr>\n<tr style=\"background:#E6E6E6;\">\n<td style=\"padding:8px 12px; border:1px solid #BDBDBD;\">SIR (IPC)<\/td>\n<td style=\"padding:8px 12px; border:1px solid #BDBDBD;\">Bestanden<\/td>\n<td style=\"padding:8px 12px; border:1px solid #BDBDBD;\">ANSI\/J-STD-004<\/td>\n<\/tr>\n<tr>\n<td style=\"padding:8px 12px; border:1px solid #BDBDBD;\">Bono Korrosionstest (85\u00b0C \/ 85% RH \u2013 15 Tage)<\/td>\n<td style=\"padding:8px 12px; border:1px solid #BDBDBD;\">Bestanden<\/td>\n<td style=\"padding:8px 12px; border:1px solid #BDBDBD;\">Inventec Verfahren<\/td>\n<\/tr>\n<\/table>\n","protected":false},"excerpt":{"rendered":"<ul>\n<li>Fl\u00fcssiges Flussmittel auf L\u00f6sungsmittelbasis ohne Reinigungsmittel.<\/li>\n<li>Wellen- und Selektivl\u00f6ten.<\/li>\n<li>Hervorragende Benetzung und Kompatibilit\u00e4t mit einer breiten Palette von Leiterplattenveredelungen.<\/li>\n<\/ul>\n","protected":false},"featured_media":3048,"comment_status":"closed","ping_status":"closed","template":"","meta":{"_acf_changed":false,"inline_featured_image":false},"product_brand":[],"product_cat":[2844,2846,2843],"product_tag":[1365,5095,5083,1364,5035,5294,4611,932,5322,5302,931,5326,5298,548],"class_list":{"0":"post-10110","1":"product","2":"type-product","3":"status-publish","4":"has-post-thumbnail","6":"product_cat-flussmittel-fur-das-selektivloten","7":"product_cat-flussmittel-fur-das-verzinnen","8":"product_cat-flussmittel-fur-das-wellenloten","9":"product_tag-205-de","10":"product_tag-blei","11":"product_tag-bleifrei","12":"product_tag-ecofrec-205-de","13":"product_tag-exzellente-benetzung","14":"product_tag-flussiges-flussmittel","15":"product_tag-loesungsmittelbasiert","16":"product_tag-lotflussmittel","17":"product_tag-luft","18":"product_tag-selektiv","19":"product_tag-selektivloten","20":"product_tag-stickstoff","21":"product_tag-welle","22":"product_tag-wellenloten","23":"pa_brand-ecofrec-de-2","24":"pa_features-loesungsmittelbasiert","25":"pa_processes-wellen-und-selektivloeten","26":"pa_product-category-fluessigflussmittel","28":"first","29":"instock","30":"shipping-taxable","31":"product-type-simple"},"acf":[],"_links":{"self":[{"href":"https:\/\/www.inventec.dehon.com\/de\/wp-json\/wp\/v2\/product\/10110","targetHints":{"allow":["GET"]}}],"collection":[{"href":"https:\/\/www.inventec.dehon.com\/de\/wp-json\/wp\/v2\/product"}],"about":[{"href":"https:\/\/www.inventec.dehon.com\/de\/wp-json\/wp\/v2\/types\/product"}],"replies":[{"embeddable":true,"href":"https:\/\/www.inventec.dehon.com\/de\/wp-json\/wp\/v2\/comments?post=10110"}],"wp:featuredmedia":[{"embeddable":true,"href":"https:\/\/www.inventec.dehon.com\/de\/wp-json\/wp\/v2\/media\/3048"}],"wp:attachment":[{"href":"https:\/\/www.inventec.dehon.com\/de\/wp-json\/wp\/v2\/media?parent=10110"}],"wp:term":[{"taxonomy":"product_brand","embeddable":true,"href":"https:\/\/www.inventec.dehon.com\/de\/wp-json\/wp\/v2\/product_brand?post=10110"},{"taxonomy":"product_cat","embeddable":true,"href":"https:\/\/www.inventec.dehon.com\/de\/wp-json\/wp\/v2\/product_cat?post=10110"},{"taxonomy":"product_tag","embeddable":true,"href":"https:\/\/www.inventec.dehon.com\/de\/wp-json\/wp\/v2\/product_tag?post=10110"}],"curies":[{"name":"wp","href":"https:\/\/api.w.org\/{rel}","templated":true}]}}