{"id":10101,"date":"2021-01-15T12:04:28","date_gmt":"2021-01-15T12:04:28","guid":{"rendered":"https:\/\/www.inventec.dehon.com\/product\/ecorel-free-jp32\/"},"modified":"2026-01-21T11:12:11","modified_gmt":"2026-01-21T10:12:11","slug":"ecorel-free-jp32","status":"publish","type":"product","link":"https:\/\/www.inventec.dehon.com\/de\/product\/ecorel-free-jp32\/","title":{"rendered":"ECOREL FREE JP32"},"content":{"rendered":"<p><img decoding=\"async\" src=\"https:\/\/www.inventec.dehon.com\/wp-content\/uploads\/2021\/01\/Ecorel-Free-syringe-1-600x600.png\" alt=\"ECOREL FREE JP32\" class=\"responsive-img\" align=\"right\" style=\"border-radius:10px; margin-bottom:14px; margin-top:-10px; margin-left:15px; width:300px\" \/><\/p>\n<h2 style=\"color:#9bc947; margin-bottom:15px\">L\u00f6tpaste f\u00fcr Jet-Druckmaschinen<\/h2>\n<ul>\n<li>Sac 305 L\u00f6tpaste<\/li>\n<li>Jet-Druckverfahren<\/li>\n<li>Leicht reinigbare flussmittelr\u00fcckst\u00e4nde<\/li>\n<\/ul>\n<h5>ECOREL FREE JP32<\/h5>\n<p>Ist eine SAC305-L\u00f6tpaste, die speziell f\u00fcr den Einsatz auf Jet-Druckger\u00e4ten entwickelt wurde und kontinuierliche und gleichm\u00e4\u00dfige L\u00f6tpastenablagerungen gew\u00e4hrleistet. Obwohl das Flussmittel chemisch inert ist, l\u00e4sst es sich leicht mit Wasser oder L\u00f6sungsmitteln reinigen. Es ist f\u00fcr die Verwendung auf Jet-Druckger\u00e4ten von Mycronic, Vermes, Essemtec und Musashi optimiert.<\/p>\n<p><a href=\"https:\/\/www.inventec.dehon.com\/wp-content\/uploads\/2021\/01\/ECOREL_FREE_JP32_Graph.jpg\" rel=\"inv-colorbox\" title=\"ECOREL FREE JP32\"><img decoding=\"async\" src=\"https:\/\/www.inventec.dehon.com\/wp-content\/uploads\/2021\/01\/ECOREL_FREE_JP32_Graph.jpg\" alt=\"ECOREL FREE JP32 Graph\" width=\"350\" class=\"responsive-img graph\" align=\"left\" style=\"margin-top: -20px; margin-right: 20px; margin-bottom: 5px;\" \/><\/a><\/p>\n<p>Das Diagramm stellt unsere rheologische Messung dar, die die sehr gute thixotrope Erholung von <strong>ECOREL FREE JP32<\/strong> zeigt. Stabile Viskosit\u00e4tserholung nach hoher Scherbelastung der Lotpaste garantiert gleichm\u00e4\u00dfige Volumendepots.<BR><BR><BR><\/p>\n<p><!-- MERKMALE Section --><\/p>\n<div style=\"font-weight:bold; text-transform:uppercase; border-bottom:2px solid #9DBB2F; padding-bottom:6px; margin-bottom:10px;\">\n  MERKMALE\n<\/div>\n<p><!-- TYP 5 JET-DRUCKOPTIONEN --><\/p>\n<div style=\"font-weight:bold; text-transform:uppercase; margin:20px 0 10px 0;\">\n  TYP 5 JET-DRUCKOPTIONEN\n<\/div>\n<table width=\"100%\" cellpadding=\"0\" cellspacing=\"0\" style=\"border-collapse:collapse; width:100%; max-width:100%;\">\n<tr>\n<th align=\"left\" style=\"background:#7A7A7A; color:#fff; padding:8px 12px; border:1px solid #BDBDBD;\">\n      SPEZIFIKATIONEN\n    <\/th>\n<th align=\"left\" style=\"background:#7A7A7A; color:#fff; padding:8px 12px; border:1px solid #BDBDBD;\">\n      ECOREL FREE JP32 84.0T5\n    <\/th>\n<th align=\"left\" style=\"background:#7A7A7A; color:#fff; padding:8px 12px; border:1px solid #BDBDBD;\">\n      ECOREL FREE JP32 85.0T5\n    <\/th>\n<\/tr>\n<tr>\n<td style=\"padding:8px 12px; border:1px solid #BDBDBD;\">Legierung<\/td>\n<td style=\"padding:8px 12px; border:1px solid #BDBDBD;\">Sn96,5Ag3Cu0,5<\/td>\n<td style=\"padding:8px 12px; border:1px solid #BDBDBD;\">Sn96,5Ag3Cu0,5<\/td>\n<\/tr>\n<tr style=\"background:#E6E6E6;\">\n<td style=\"padding:8px 12px; border:1px solid #BDBDBD;\">Schmelzpunkt<\/td>\n<td style=\"padding:8px 12px; border:1px solid #BDBDBD;\">217\u00b0C\/423\u00b0F<\/td>\n<td style=\"padding:8px 12px; border:1px solid #BDBDBD;\">217\u00b0C\/423\u00b0F<\/td>\n<\/tr>\n<tr>\n<td style=\"padding:8px 12px; border:1px solid #BDBDBD;\">Metallgehalt (%)<\/td>\n<td style=\"padding:8px 12px; border:1px solid #BDBDBD;\">84<\/td>\n<td style=\"padding:8px 12px; border:1px solid #BDBDBD;\">85<\/td>\n<\/tr>\n<tr style=\"background:#E6E6E6;\">\n<td style=\"padding:8px 12px; border:1px solid #BDBDBD;\">R\u00fcckst\u00e4nde nach dem Reflow (w\/w)<\/td>\n<td style=\"padding:8px 12px; border:1px solid #BDBDBD;\">Ungef\u00e4hr 5 %<\/td>\n<td style=\"padding:8px 12px; border:1px solid #BDBDBD;\">Ungef\u00e4hr 5 %<\/td>\n<\/tr>\n<tr>\n<td style=\"padding:8px 12px; border:1px solid #BDBDBD;\">Halogengehalt<\/td>\n<td style=\"padding:8px 12px; border:1px solid #BDBDBD;\">Kein Halogen<\/td>\n<td style=\"padding:8px 12px; border:1px solid #BDBDBD;\">Kein Halogen<\/td>\n<\/tr>\n<tr style=\"background:#E6E6E6;\">\n<td style=\"padding:8px 12px; border:1px solid #BDBDBD;\">Korngr\u00f6\u00dfe<\/td>\n<td style=\"padding:8px 12px; border:1px solid #BDBDBD;\">15\u201325 Mikrometer \/ Typ 5<\/td>\n<td style=\"padding:8px 12px; border:1px solid #BDBDBD;\">15\u201325 Mikrometer \/ Typ 5<\/td>\n<\/tr>\n<tr>\n<td style=\"padding:8px 12px; border:1px solid #BDBDBD;\">Spiralpumpe* Viskosit\u00e4t (Pa.s 25\u00b0C)<\/td>\n<td style=\"padding:8px 12px; border:1px solid #BDBDBD;\">**Typisch 90<\/td>\n<td style=\"padding:8px 12px; border:1px solid #BDBDBD;\">**Typisch 90<\/td>\n<\/tr>\n<tr style=\"background:#E6E6E6;\">\n<td style=\"padding:8px 12px; border:1px solid #BDBDBD;\">Spritze<\/td>\n<td style=\"padding:8px 12px; border:1px solid #BDBDBD;\">Iwashita<\/td>\n<td style=\"padding:8px 12px; border:1px solid #BDBDBD;\">EFD<\/td>\n<\/tr>\n<tr>\n<td style=\"padding:8px 12px; border:1px solid #BDBDBD;\">Speziell f\u00fcr Ger\u00e4te<\/td>\n<td style=\"padding:8px 12px; border:1px solid #BDBDBD;\">Mycronic<\/td>\n<td style=\"padding:8px 12px; border:1px solid #BDBDBD;\">\n      Vermes<br \/>Essemtec<br \/>Musashi\n    <\/td>\n<\/tr>\n<\/table>\n<p style=\"font-size:10px; margin-top:5px;\">\n  *Die zum Testen der Spiralpumpeviskosit\u00e4t verwendete Ger\u00e4t ist Malcom mit einer Drehzahl von 10 U\/min.<br \/>\n  **Leichte Anpassungen der Viskosit\u00e4t nach Abschluss des vollst\u00e4ndigen Industrialisierungstestverfahrens m\u00f6glich.\n<\/p>\n<p><!-- TYP 6 JET-DRUCKOPTIONEN --><\/p>\n<div style=\"font-weight:bold; text-transform:uppercase; margin:20px 0 10px 0;\">\n  TYP 6 JET-DRUCKOPTIONEN\n<\/div>\n<table width=\"100%\" cellpadding=\"0\" cellspacing=\"0\" style=\"border-collapse:collapse; width:100%; max-width:100%;\">\n<tr>\n<th align=\"left\" style=\"background:#7A7A7A; color:#fff; padding:8px 12px; border:1px solid #BDBDBD;\">\n      SPEZIFIKATIONEN\n    <\/th>\n<th align=\"left\" style=\"background:#7A7A7A; color:#fff; padding:8px 12px; border:1px solid #BDBDBD;\">\n      ECOREL FREE JP32 84.0T6\n    <\/th>\n<th align=\"left\" style=\"background:#7A7A7A; color:#fff; padding:8px 12px; border:1px solid #BDBDBD;\">\n      ECOREL FREE JP32 82.0T6\n    <\/th>\n<th align=\"left\" style=\"background:#7A7A7A; color:#fff; padding:8px 12px; border:1px solid #BDBDBD;\">\n      ECOREL FREE JP32 80.0T6\n    <\/th>\n<th align=\"left\" style=\"background:#7A7A7A; color:#fff; padding:8px 12px; border:1px solid #BDBDBD;\">\n      ECOREL FREE JP32 78.0T6\n    <\/th>\n<\/tr>\n<tr>\n<td style=\"padding:8px 12px; border:1px solid #BDBDBD;\">Legierung<\/td>\n<td style=\"padding:8px 12px; border:1px solid #BDBDBD;\">Sn96,5Ag3Cu0,5<\/td>\n<td style=\"padding:8px 12px; border:1px solid #BDBDBD;\">Sn96,5Ag3Cu0,5<\/td>\n<td style=\"padding:8px 12px; border:1px solid #BDBDBD;\">Sn96,5Ag3Cu0,5<\/td>\n<td style=\"padding:8px 12px; border:1px solid #BDBDBD;\">Sn96,5Ag3Cu0,5<\/td>\n<\/tr>\n<tr style=\"background:#E6E6E6;\">\n<td style=\"padding:8px 12px; border:1px solid #BDBDBD;\">Schmelzpunkt<\/td>\n<td style=\"padding:8px 12px; border:1px solid #BDBDBD;\">217\u00b0C\/423\u00b0F<\/td>\n<td style=\"padding:8px 12px; border:1px solid #BDBDBD;\">217\u00b0C\/423\u00b0F<\/td>\n<td style=\"padding:8px 12px; border:1px solid #BDBDBD;\">217\u00b0C\/423\u00b0F<\/td>\n<td style=\"padding:8px 12px; border:1px solid #BDBDBD;\">217\u00b0C\/423\u00b0F<\/td>\n<\/tr>\n<tr>\n<td style=\"padding:8px 12px; border:1px solid #BDBDBD;\">Metallgehalt (%)<\/td>\n<td style=\"padding:8px 12px; border:1px solid #BDBDBD;\">84<\/td>\n<td style=\"padding:8px 12px; border:1px solid #BDBDBD;\">82<\/td>\n<td style=\"padding:8px 12px; border:1px solid #BDBDBD;\">80<\/td>\n<td style=\"padding:8px 12px; border:1px solid #BDBDBD;\">78<\/td>\n<\/tr>\n<tr style=\"background:#E6E6E6;\">\n<td style=\"padding:8px 12px; border:1px solid #BDBDBD;\">R\u00fcckst\u00e4nde nach dem Reflow (w\/w)<\/td>\n<td style=\"padding:8px 12px; border:1px solid #BDBDBD;\">Ungef\u00e4hr 5 %<\/td>\n<td style=\"padding:8px 12px; border:1px solid #BDBDBD;\">Ungef\u00e4hr 5 %<\/td>\n<td style=\"padding:8px 12px; border:1px solid #BDBDBD;\">Ungef\u00e4hr 5 %<\/td>\n<td style=\"padding:8px 12px; border:1px solid #BDBDBD;\">Ungef\u00e4hr 5 %<\/td>\n<\/tr>\n<tr>\n<td style=\"padding:8px 12px; border:1px solid #BDBDBD;\">Halogengehalt<\/td>\n<td style=\"padding:8px 12px; border:1px solid #BDBDBD;\">Kein Halogen<\/td>\n<td style=\"padding:8px 12px; border:1px solid #BDBDBD;\">Kein Halogen<\/td>\n<td style=\"padding:8px 12px; border:1px solid #BDBDBD;\">Kein Halogen<\/td>\n<td style=\"padding:8px 12px; border:1px solid #BDBDBD;\">Kein Halogen<\/td>\n<\/tr>\n<tr style=\"background:#E6E6E6;\">\n<td style=\"padding:8px 12px; border:1px solid #BDBDBD;\">Korngr\u00f6\u00dfe<\/td>\n<td style=\"padding:8px 12px; border:1px solid #BDBDBD;\">15\u201325 Mikrometer \/ Typ 6<\/td>\n<td style=\"padding:8px 12px; border:1px solid #BDBDBD;\">15\u201325 Mikrometer \/ Typ 6<\/td>\n<td style=\"padding:8px 12px; border:1px solid #BDBDBD;\">15\u201325 Mikrometer \/ Typ 6<\/td>\n<td style=\"padding:8px 12px; border:1px solid #BDBDBD;\">15\u201325 Mikrometer \/ Typ 6<\/td>\n<\/tr>\n<tr>\n<td style=\"padding:8px 12px; border:1px solid #BDBDBD;\">Spiralpumpe* Viskosit\u00e4t (Pa.s 25\u00b0C)<\/td>\n<td style=\"padding:8px 12px; border:1px solid #BDBDBD;\">**Typisch 90<\/td>\n<td style=\"padding:8px 12px; border:1px solid #BDBDBD;\">**Typisch 90<\/td>\n<td style=\"padding:8px 12px; border:1px solid #BDBDBD;\">**Typisch 90<\/td>\n<td style=\"padding:8px 12px; border:1px solid #BDBDBD;\">**Typisch 90<\/td>\n<\/tr>\n<tr style=\"background:#E6E6E6;\">\n<td style=\"padding:8px 12px; border:1px solid #BDBDBD;\">Spritze<\/td>\n<td style=\"padding:8px 12px; border:1px solid #BDBDBD;\">Iwashita<\/td>\n<td style=\"padding:8px 12px; border:1px solid #BDBDBD;\">EFD<\/td>\n<td style=\"padding:8px 12px; border:1px solid #BDBDBD;\">EFD<\/td>\n<td style=\"padding:8px 12px; border:1px solid #BDBDBD;\">EFD<\/td>\n<\/tr>\n<tr>\n<td style=\"padding:8px 12px; border:1px solid #BDBDBD;\">Speziell f\u00fcr Ger\u00e4te<\/td>\n<td style=\"padding:8px 12px; border:1px solid #BDBDBD;\">Mycronic<br \/>Musashi<\/td>\n<td style=\"padding:8px 12px; border:1px solid #BDBDBD;\">Vermes<br \/>Essemtec<br \/>Musashi<\/td>\n<td style=\"padding:8px 12px; border:1px solid #BDBDBD;\">Vermes<br \/>Essemtec<br \/>Musashi<\/td>\n<td style=\"padding:8px 12px; border:1px solid #BDBDBD;\">Vermes<br \/>Essemtec<br \/>Musashi<\/td>\n<\/tr>\n<\/table>\n<p style=\"font-size:10px; margin-top:5px;\">\n  *Die zum Testen der Spiralpumpeviskosit\u00e4t verwendete Ger\u00e4t ist Malcom mit einer Drehzahl von 10 U\/min.<br \/>\n  **Leichte Anpassungen der Viskosit\u00e4t nach Abschluss des vollst\u00e4ndigen Industrialisierungstestverfahrens m\u00f6glich.\n<\/p>\n<p><!-- KENNDATEN TABLE --><\/p>\n<div style=\"font-weight:bold; text-transform:uppercase; margin:20px 0 10px 0;\">\n  KENNDATEN\n<\/div>\n<table width=\"100%\" cellpadding=\"0\" cellspacing=\"0\" style=\"border-collapse:collapse; width:100%; max-width:100%;\">\n<tr>\n<th align=\"left\" style=\"background:#7A7A7A; color:#fff; padding:8px 12px; border:1px solid #BDBDBD;\">\n      KENNDATEN\n    <\/th>\n<th align=\"left\" style=\"background:#7A7A7A; color:#fff; padding:8px 12px; border:1px solid #BDBDBD;\">\n      WERTE\n    <\/th>\n<th align=\"left\" style=\"background:#7A7A7A; color:#fff; padding:8px 12px; border:1px solid #BDBDBD;\">\n      TEST-METHODE\n    <\/th>\n<\/tr>\n<tr>\n<td style=\"padding:8px 12px; border:1px solid #BDBDBD;\">Flussmittelklassifizierung<\/td>\n<td style=\"padding:8px 12px; border:1px solid #BDBDBD;\">ROL0<\/td>\n<td style=\"padding:8px 12px; border:1px solid #BDBDBD;\">ANSI\/J-STD-004<\/td>\n<\/tr>\n<tr style=\"background:#E6E6E6;\">\n<td style=\"padding:8px 12px; border:1px solid #BDBDBD;\">113<\/td>\n<td style=\"padding:8px 12px; border:1px solid #BDBDBD;\">ISO 9454<\/td>\n<td style=\"padding:8px 12px; border:1px solid #BDBDBD;\">ISO 9454<\/td>\n<\/tr>\n<tr>\n<td style=\"padding:8px 12px; border:1px solid #BDBDBD;\">Lotperlenbildungstest<\/td>\n<td style=\"padding:8px 12px; border:1px solid #BDBDBD;\">OK<\/td>\n<td style=\"padding:8px 12px; border:1px solid #BDBDBD;\">ANSI\/J-STD-005<\/td>\n<\/tr>\n<tr style=\"background:#E6E6E6;\">\n<td style=\"padding:8px 12px; border:1px solid #BDBDBD;\">Kupferspiegeltest<\/td>\n<td style=\"padding:8px 12px; border:1px solid #BDBDBD;\">OK<\/td>\n<td style=\"padding:8px 12px; border:1px solid #BDBDBD;\">ANSI\/J-STD-004<\/td>\n<\/tr>\n<tr>\n<td style=\"padding:8px 12px; border:1px solid #BDBDBD;\">Kupferkorrosionstest<\/td>\n<td style=\"padding:8px 12px; border:1px solid #BDBDBD;\">OK<\/td>\n<td style=\"padding:8px 12px; border:1px solid #BDBDBD;\">ANSI\/J-STD-004<\/td>\n<\/tr>\n<tr style=\"background:#E6E6E6;\">\n<td style=\"padding:8px 12px; border:1px solid #BDBDBD;\">SIR (IPC)<\/td>\n<td style=\"padding:8px 12px; border:1px solid #BDBDBD;\">OK<\/td>\n<td style=\"padding:8px 12px; border:1px solid #BDBDBD;\">ANSI\/J-STD-004<\/td>\n<\/tr>\n<\/table>\n","protected":false},"excerpt":{"rendered":"<ul>\n<li>Sac 305 bleifreie L\u00f6tpaste<\/li>\n<li>Jet-Druckverfahren<\/li>\n<li>Konsistente Lotpastenablagerungen<\/li>\n<\/ul>\n<p><a href=\"https:\/\/www.inventec.dehon.com\/wp-content\/uploads\/2021\/05\/Capture-decran-2024-06-12-155257.png\"><img decoding=\"async\" class=\"alignleft size-full wp-image-17391\" src=\"https:\/\/www.inventec.dehon.com\/wp-content\/uploads\/2021\/05\/Capture-decran-2024-06-12-155257.png\" alt=\"\" width=\"289\" height=\"256\" \/><\/a><\/p>\n","protected":false},"featured_media":3484,"comment_status":"closed","ping_status":"closed","template":"","meta":{"_acf_changed":false,"inline_featured_image":false},"product_brand":[],"product_cat":[2836,2840],"product_tag":[5095,5103,5099,1283,1284,5079,1285,5198,5214,5154,5166,5167,5194,3998,5210,5222,5226,3999,5230,5245,5246],"class_list":{"0":"post-10101","1":"product","2":"type-product","3":"status-publish","4":"has-post-thumbnail","6":"product_cat-losungen-fur-jet-druck-und-lotpastendosierung","7":"product_cat-lotpastenlosungen-fur-die-miniaturisierung","8":"product_tag-blei","9":"product_tag-bleihaltige-loetpaste","10":"product_tag-bleilegierung","11":"product_tag-ecorel-free-jp32-de","12":"product_tag-free-de","13":"product_tag-jet-druck","14":"product_tag-jp32-de","15":"product_tag-legierung-sac-305","16":"product_tag-lotpaste","17":"product_tag-pulver","18":"product_tag-pulver-typ-5","19":"product_tag-pulver-typ-6","20":"product_tag-sac-305","21":"product_tag-smt-de","22":"product_tag-smt-loten","23":"product_tag-t5","24":"product_tag-t6","25":"product_tag-tht-de","26":"product_tag-tht-loten","27":"product_tag-typ-5","28":"product_tag-typ-6","29":"pa_application-smt-thtloeten","30":"pa_brand-ecorel-de-2","31":"pa_features-legierung-bleifrei","32":"pa_features-legierung-sac-305","33":"pa_features-pulver-typ-5","34":"pa_features-pulver-typ-6-oder-hoeher","35":"pa_processes-jet-druck","36":"pa_product-category-lotpasten","38":"first","39":"instock","40":"shipping-taxable","41":"product-type-simple"},"acf":[],"_links":{"self":[{"href":"https:\/\/www.inventec.dehon.com\/de\/wp-json\/wp\/v2\/product\/10101","targetHints":{"allow":["GET"]}}],"collection":[{"href":"https:\/\/www.inventec.dehon.com\/de\/wp-json\/wp\/v2\/product"}],"about":[{"href":"https:\/\/www.inventec.dehon.com\/de\/wp-json\/wp\/v2\/types\/product"}],"replies":[{"embeddable":true,"href":"https:\/\/www.inventec.dehon.com\/de\/wp-json\/wp\/v2\/comments?post=10101"}],"wp:featuredmedia":[{"embeddable":true,"href":"https:\/\/www.inventec.dehon.com\/de\/wp-json\/wp\/v2\/media\/3484"}],"wp:attachment":[{"href":"https:\/\/www.inventec.dehon.com\/de\/wp-json\/wp\/v2\/media?parent=10101"}],"wp:term":[{"taxonomy":"product_brand","embeddable":true,"href":"https:\/\/www.inventec.dehon.com\/de\/wp-json\/wp\/v2\/product_brand?post=10101"},{"taxonomy":"product_cat","embeddable":true,"href":"https:\/\/www.inventec.dehon.com\/de\/wp-json\/wp\/v2\/product_cat?post=10101"},{"taxonomy":"product_tag","embeddable":true,"href":"https:\/\/www.inventec.dehon.com\/de\/wp-json\/wp\/v2\/product_tag?post=10101"}],"curies":[{"name":"wp","href":"https:\/\/api.w.org\/{rel}","templated":true}]}}