{"id":10087,"date":"2021-04-07T15:24:25","date_gmt":"2021-04-07T15:24:25","guid":{"rendered":"https:\/\/www.inventec.dehon.com\/product\/promoclean-tp-1117\/"},"modified":"2026-01-27T16:01:20","modified_gmt":"2026-01-27T15:01:20","slug":"promoclean-tp-1117","status":"publish","type":"product","link":"https:\/\/www.inventec.dehon.com\/de\/product\/promoclean-tp-1117\/","title":{"rendered":"PROMOCLEAN TP 1117"},"content":{"rendered":"<p><img decoding=\"async\" src=\"https:\/\/www.inventec.dehon.com\/wp-content\/uploads\/2021\/04\/PROMOCLEAN-canister-blue.png\" alt=\"PROMOCLEAN TP 1117\" class=\"responsive-img\" align=\"right\" style=\"border-radius:10px; margin-bottom:10px; margin-top:-10px; margin-left:15px; width:300px\" \/><\/p>\n<h2 style=\"color:#9bc947; margin-bottom:15px\">Entfernung von Polierpasten und \u00d6len<\/h2>\n<ul>\n<li>Reinigungsmittel zum Entfernen von Polierpasten und \u00d6len auf Metallteilen<\/li>\n<li>W\u00e4ssriges Eintauchverfahren mit Ultraschall<\/li>\n<li>Kompatibel mit einer breiten Palette von Metallen &amp; tempor\u00e4rer Schutz<\/li>\n<\/ul>\n<h5>PROMOCLEAN TP 1117<\/h5>\n<p>Wurde speziell f\u00fcr die Entfernung von Polierpasten, Kohlenwasserstoffen und wasserl\u00f6slichen \u00d6len entwickelt. Dank seiner hervorragenden Benetzungseigenschaften ist es f\u00fcr das Eintauchen in w\u00e4ssrige Fl\u00fcssigkeiten mit Ultraschall geeignet. Dank seines mittleren pH-Wertes besch\u00e4digt es die meisten empfindlichen Metalle oder Legierungen wie Inox, Eisenlegierungen, Titan, Kupfer, Messing oder Leichtmetalllegierungen nicht. Ebenso kann es f\u00fcr Edelmetalle wie Gold und Silber verwendet werden. Es ist ein konzentriertes Produkt, das mit Leitungswasser oder DI-Wasser verd\u00fcnnt verwendet wird.<\/p>\n<p>Zus\u00e4tzlich bietet <strong>PROMOCLEAN TP 1117<\/strong> dank seiner Passivierungseigenschaften einen tempor\u00e4ren Schutz. Dadurch eignet sich das Produkt besonders f\u00fcr die Zwischenreinigung vor dem n\u00e4chsten Arbeitsschritt und die Endreinigung, wobei die Teile einige Tage lang gesch\u00fctzt bleiben.<\/p>\n<p><strong>PROMOCLEAN TP 1117<\/strong> ist qualifiziert und wird von mehreren Akteuren in der mikromechanischen Industrie verwendet, z. B. bei der Herstellung von Uhren, Schmuck und medizinischen Teilen.<\/p>\n<div style=\"font-family:Lato; color:#333;\">\n<div style=\"font-weight:bold; text-transform:uppercase; border-bottom:2px solid #9DBB2F; padding-bottom:6px; margin-bottom:10px;\">\n    SPEZIFIKATIONEN\n  <\/div>\n<table width=\"100%\" cellpadding=\"0\" cellspacing=\"0\" style=\"border-collapse:collapse; width:100%; max-width:100%;\">\n<tr>\n<th align=\"left\" style=\"background:#7A7A7A; color:#fff; padding:8px 12px; border:1px solid #BDBDBD;\">\n        SPEZIFIKATIONEN\n      <\/th>\n<th align=\"left\" style=\"background:#7A7A7A; color:#fff; padding:8px 12px; border:1px solid #BDBDBD;\">\n        WERTE\n      <\/th>\n<th align=\"left\" style=\"background:#7A7A7A; color:#fff; padding:8px 12px; border:1px solid #BDBDBD;\">\n        METHODEN\n      <\/th>\n<\/tr>\n<tr>\n<td style=\"padding:8px 12px; border:1px solid #BDBDBD;\">Aspekt<\/td>\n<td style=\"padding:8px 12px; border:1px solid #BDBDBD;\">Hellbraun<\/td>\n<td style=\"padding:8px 12px; border:1px solid #BDBDBD;\">Visuell<\/td>\n<\/tr>\n<tr style=\"background:#E6E6E6;\">\n<td style=\"padding:8px 12px; border:1px solid #BDBDBD;\">Dichte bei 20\u00b0C (g\/ml)<\/td>\n<td style=\"padding:8px 12px; border:1px solid #BDBDBD;\">1,05 \u00b1 0,01<\/td>\n<td style=\"padding:8px 12px; border:1px solid #BDBDBD;\">BRY-MO-028<\/td>\n<\/tr>\n<tr>\n<td style=\"padding:8px 12px; border:1px solid #BDBDBD;\">pH-Wert des reinen Produkts<\/td>\n<td style=\"padding:8px 12px; border:1px solid #BDBDBD;\">10,8 \u00b1 0,5<\/td>\n<td style=\"padding:8px 12px; border:1px solid #BDBDBD;\">BRY-MO-011<\/td>\n<\/tr>\n<\/table>\n<\/div>\n<div style=\"font-family:Lato; color:#333;\">\n<div style=\"font-weight:bold; text-transform:uppercase; border-bottom:2px solid #9DBB2F; padding-bottom:6px; margin:30px 0 10px;\">\n    KENNDATEN\n  <\/div>\n<table width=\"100%\" cellpadding=\"0\" cellspacing=\"0\" style=\"border-collapse:collapse; width:100%; max-width:100%;\">\n<tr>\n<th align=\"left\" style=\"background:#7A7A7A; color:#fff; padding:8px 12px; border:1px solid #BDBDBD;\">\n        KENNDATEN\n      <\/th>\n<th align=\"left\" style=\"background:#7A7A7A; color:#fff; padding:8px 12px; border:1px solid #BDBDBD;\">\n        WERTE\n      <\/th>\n<\/tr>\n<tr>\n<td style=\"padding:8px 12px; border:1px solid #BDBDBD;\">L\u00f6slichkeit in Wasser<\/td>\n<td style=\"padding:8px 12px; border:1px solid #BDBDBD;\">Total l\u00f6slich<\/td>\n<\/tr>\n<tr style=\"background:#E6E6E6;\">\n<td style=\"padding:8px 12px; border:1px solid #BDBDBD;\">Oberfl\u00e4chenspannung bei 1%<\/td>\n<td style=\"padding:8px 12px; border:1px solid #BDBDBD;\">28 Dyn\/cm2<\/td>\n<\/tr>\n<\/table>\n<\/div>\n","protected":false},"excerpt":{"rendered":"<ul>\n<li>Reinigungsmittel zum Entfernen von Polierpasten und \u00d6len auf Metallteilen<\/li>\n<li>W\u00e4ssriges Eintauchverfahren mit Ultraschall<\/li>\n<li>Kompatibel mit einer breiten Palette von Metallen &amp; tempor\u00e4rer Schutz<\/li>\n<\/ul>\n<p><a href=\"https:\/\/www.inventec.dehon.com\/wp-content\/uploads\/2021\/04\/GW-Score-37.png\"><img decoding=\"async\" class=\"alignnone size-full wp-image-15145\" src=\"https:\/\/www.inventec.dehon.com\/wp-content\/uploads\/2021\/04\/GW-Score-37.png\" alt=\"\" width=\"278\" height=\"236\" \/><\/a><\/p>\n","protected":false},"featured_media":2432,"comment_status":"closed","ping_status":"closed","template":"","meta":{"_acf_changed":false,"inline_featured_image":false},"product_brand":[],"product_cat":[2867,2864],"product_tag":[2081,4394,4410,4418,2007,2079,4815,2064,2080,4470,4262,4258,4823,4254],"class_list":{"0":"post-10087","1":"product","2":"type-product","3":"status-publish","4":"has-post-thumbnail","6":"industries-antriebsstrang","7":"industries-chassis-rader-und-lenkung","8":"industries-landing-systeme","9":"industries-motoren","10":"product_cat-entfernung-von-polierpaste","11":"product_cat-olentfernung-von-verschiedenen-metallkomponenten","12":"product_tag-1117-de","13":"product_tag-olentfernung","14":"product_tag-partikelfrei","15":"product_tag-polierpaste-entfernen","16":"product_tag-promoclean-de","17":"product_tag-promoclean-tp-1117-de","18":"product_tag-temporaerer-schutz","19":"product_tag-tp-de","20":"product_tag-tp-1117-de","21":"product_tag-ultraschall","22":"product_tag-ultraschall-wasserbad","23":"product_tag-wasserbad","24":"product_tag-wasserbasiert","25":"product_tag-wasserbasierte-reinigungsfluessigkeiten-de","26":"pa_application-entfernung-von-polierpaste","27":"pa_application-oelentfernung","28":"pa_application-partikelentfernung","29":"pa_brand-promoclean-de","30":"pa_features-geeignet-fuer-wasserbasierte-anwendungen","31":"pa_features-mit-temporaerem-schutz","32":"pa_processes-waessrige-ultraschallimmersion","33":"pa_product-category-wasserbasierte-reinigungsfluessigkeiten","35":"first","36":"instock","37":"shipping-taxable","38":"product-type-simple"},"acf":[],"_links":{"self":[{"href":"https:\/\/www.inventec.dehon.com\/de\/wp-json\/wp\/v2\/product\/10087","targetHints":{"allow":["GET"]}}],"collection":[{"href":"https:\/\/www.inventec.dehon.com\/de\/wp-json\/wp\/v2\/product"}],"about":[{"href":"https:\/\/www.inventec.dehon.com\/de\/wp-json\/wp\/v2\/types\/product"}],"replies":[{"embeddable":true,"href":"https:\/\/www.inventec.dehon.com\/de\/wp-json\/wp\/v2\/comments?post=10087"}],"wp:featuredmedia":[{"embeddable":true,"href":"https:\/\/www.inventec.dehon.com\/de\/wp-json\/wp\/v2\/media\/2432"}],"wp:attachment":[{"href":"https:\/\/www.inventec.dehon.com\/de\/wp-json\/wp\/v2\/media?parent=10087"}],"wp:term":[{"taxonomy":"product_brand","embeddable":true,"href":"https:\/\/www.inventec.dehon.com\/de\/wp-json\/wp\/v2\/product_brand?post=10087"},{"taxonomy":"product_cat","embeddable":true,"href":"https:\/\/www.inventec.dehon.com\/de\/wp-json\/wp\/v2\/product_cat?post=10087"},{"taxonomy":"product_tag","embeddable":true,"href":"https:\/\/www.inventec.dehon.com\/de\/wp-json\/wp\/v2\/product_tag?post=10087"}],"curies":[{"name":"wp","href":"https:\/\/api.w.org\/{rel}","templated":true}]}}