{"id":10062,"date":"2021-04-27T06:18:02","date_gmt":"2021-12-21T12:35:00","guid":{"rendered":"https:\/\/www.inventec.dehon.com\/product\/ecorel-frei-0307-vm\/"},"modified":"2023-05-09T09:20:35","modified_gmt":"2023-05-09T09:20:35","slug":"ecorel-frei-0307-vm","status":"publish","type":"product","link":"https:\/\/www.inventec.dehon.com\/de\/product\/ecorel-frei-0307-vm\/","title":{"rendered":"Ecorel\u2122 Frei 0307-VM"},"content":{"rendered":"<ul>\n<li>SAC0307 bleifreie legierte L\u00f6tpaste<\/li>\n<li>Kein sauberer Smt-Druckprozess<\/li>\n<li>Gro\u00dfserienproduktion &amp; robuste Montage<\/li>\n<\/ul>\n<p>ECOREL Free 0307-VM (&#8222;Valued Manufacturing&#8220;) &#8222;) wurde speziell entwickelt, um Elektronik in hohen St\u00fcckzahlen mit einer insgesamt ausgewogenen L\u00f6tpastenleistung zu versorgen und einen stabilen Montageprozess zu gew\u00e4hrleisten. Es handelt sich um eine No-Clean-Lotpaste, die die metallurgischen Eigenschaften und Kostenvorteile einer silberarmen Legierung mit der leistungsstarken Chemie der ECOREL\u2122-Reihe kombiniert. Zudem sorgt eine niedrige Silberlegierung f\u00fcr eine bessere Sturz- und Sto\u00dffestigkeit.<\/p>\n","protected":false},"excerpt":{"rendered":"<ul>\n<li>SAC0307 bleifreie legierte L\u00f6tpaste<\/li>\n<li>Kein sauberer Smt-Druckprozess<\/li>\n<li>Gro\u00dfserienproduktion &amp; robuste Montage<\/li>\n<\/ul>\n","protected":false},"featured_media":2227,"comment_status":"closed","ping_status":"closed","template":"","meta":{"_acf_changed":false,"inline_featured_image":false},"product_brand":[],"product_cat":[943],"product_tag":[],"class_list":{"0":"post-10062","1":"product","2":"type-product","3":"status-publish","4":"has-post-thumbnail","6":"product_cat-uncategorized-de","7":"pa_brand-ecorel-de-2","8":"pa_features-legierung-kein-wenig-silber","9":"pa_features-robuste-montage","10":"pa_processes-druck","11":"pa_product-category-lotpasten","13":"first","14":"instock","15":"shipping-taxable","16":"product-type-simple"},"acf":[],"_links":{"self":[{"href":"https:\/\/www.inventec.dehon.com\/de\/wp-json\/wp\/v2\/product\/10062","targetHints":{"allow":["GET"]}}],"collection":[{"href":"https:\/\/www.inventec.dehon.com\/de\/wp-json\/wp\/v2\/product"}],"about":[{"href":"https:\/\/www.inventec.dehon.com\/de\/wp-json\/wp\/v2\/types\/product"}],"replies":[{"embeddable":true,"href":"https:\/\/www.inventec.dehon.com\/de\/wp-json\/wp\/v2\/comments?post=10062"}],"wp:featuredmedia":[{"embeddable":true,"href":"https:\/\/www.inventec.dehon.com\/de\/wp-json\/wp\/v2\/media\/2227"}],"wp:attachment":[{"href":"https:\/\/www.inventec.dehon.com\/de\/wp-json\/wp\/v2\/media?parent=10062"}],"wp:term":[{"taxonomy":"product_brand","embeddable":true,"href":"https:\/\/www.inventec.dehon.com\/de\/wp-json\/wp\/v2\/product_brand?post=10062"},{"taxonomy":"product_cat","embeddable":true,"href":"https:\/\/www.inventec.dehon.com\/de\/wp-json\/wp\/v2\/product_cat?post=10062"},{"taxonomy":"product_tag","embeddable":true,"href":"https:\/\/www.inventec.dehon.com\/de\/wp-json\/wp\/v2\/product_tag?post=10062"}],"curies":[{"name":"wp","href":"https:\/\/api.w.org\/{rel}","templated":true}]}}