{"id":10055,"date":"2021-04-16T07:26:30","date_gmt":"2021-04-16T07:26:30","guid":{"rendered":"https:\/\/www.inventec.dehon.com\/product\/3m-novec-7100\/"},"modified":"2026-01-30T09:28:23","modified_gmt":"2026-01-30T08:28:23","slug":"3m-novec-7100","status":"publish","type":"product","link":"https:\/\/www.inventec.dehon.com\/de\/product\/3m-novec-7100\/","title":{"rendered":"3M NOVEC 7100"},"content":{"rendered":"<p><img decoding=\"async\" src=\"https:\/\/www.inventec.dehon.com\/wp-content\/uploads\/2021\/04\/Novec-drum-colorless.phase-outpng-1-600x600.jpg\" alt=\"3M NOVEC 7100\" class=\"responsive-img\" align=\"right\" style=\"border-radius:10px; margin-bottom:10px; margin-top:-10px; margin-left:15px; width:300px\" \/><\/p>\n<h2 style=\"color: #9bc947; margin-bottom: 15px;\">L\u00f6sungsmittelbasierte Reinigungsfl\u00fcssigkeit<\/h2>\n<ul>\n<li>L\u00f6sungsmittel zur Entfernung von leichten \u00d6len &amp; Partikeln \/ Sp\u00fclen &amp; fleckenlose Schnelltrocknung<\/li>\n<li>Mono-L\u00f6sungsmittel, Co-L\u00f6sungsmittel, Sp\u00fcl- und Trocknungsverfahren<\/li>\n<li>Sehr geringe Auswirkungen auf HSE und sehr geringe Oberfl\u00e4chenspannung<\/li>\n<\/ul>\n<hr \/>\n<h4>WICHTIGER HINWEIS:<BR> AUSLAUF DER 3M\u2122 PRODUKTE<\/h4>\n<p>\u26a0\ufe0f 3M\u2122 gab im Dezember 2022 bekannt, dass alle Novec\u2122-Produkte bis Ende 2025 auslaufen und nicht mehr erh\u00e4ltlich sein werden. Keine Sorge, Inventec hat einen Drop-in-Ersatz f\u00fcr dieses Produkt, aber wir empfehlen, uns so schnell wie m\u00f6glich zu kontaktieren, um Lieferunterbrechungen zu minimieren.<\/p>\n<p>Wenn Sie mehr \u00fcber das Auslaufen von 3M\u2122-Produkten erfahren m\u00f6chten, klicken Sie hier<a href=\"https:\/\/www.inventec.dehon.com\/de\/auf-der-suche-nach-einem-ersatz-fuer-3m-novec\/\"> Verkn\u00fcpfung<\/a> .<\/p>\n<p><span style=\"color: #003366;\">UNSERE ALTERNATIVE(N):<\/span><\/p>\n<ul>\n<li><a href=\"https:\/\/www.inventec.dehon.com\/de\/product\/promosolv-dr3\/\">PROMOSOLV DR3<\/a><\/li>\n<li><a href=\"https:\/\/www.inventec.dehon.com\/de\/product\/promosolv-neo-a1\/\">PROMOSOLV NEO A1<\/a> -&gt; KEIN GWP &amp; PFAS-FREI<\/li>\n<\/ul>\n<hr \/>\n<h5>3M Novec 7100<\/h5>\n<p><strong>3M Novec 7100<\/strong> Engineered Fluid, Methoxy-Nonfluorbutan (C4F9OCH3), ist eine klare, farblose und geruchsarme Fl\u00fcssigkeit, die in vielen Anwendungen ozonabbauende Substanzen (ODS) und Verbindungen mit hohem Treibhauspotenzial (GWP) ersetzen soll.<\/p>\n<p>Der hohe Siedepunkt und die niedrige Oberfl\u00e4chenspannung von <strong>Novec 7100<\/strong> Fluid machen es ideal f\u00fcr den Einsatz in Dampfentfettungsanwendungen als reine (azeotrope) Komponente oder als Co-L\u00f6sungsmittel f\u00fcr Teilereiniger. Dar\u00fcber hinaus ist es aufgrund seiner chemischen und thermischen Stabilit\u00e4t, seiner Nichtentflammbarkeit und seiner geringen Toxizit\u00e4t f\u00fcr viele andere industrielle Anwendungen und Speziall\u00f6sungsmittel geeignet.<\/p>\n<p><a title=\"Schreiben von 3M -Inventec autorisierter Distributor f\u00fcr den EMEA-Raum\" href=\"https:\/\/www.inventec.dehon.com\/wp-content\/uploads\/2021\/10\/3M-Authorized-EMEA-Distributor_Inventec.pdf\" target=\"_blank\" rel=\"noopener\">Schreiben von 3M &#8211; Inventec autorisierter Distributor f\u00fcr den EMEA-Raum<\/a><\/p>\n<p><a href=\"https:\/\/inventec.dehon.com\/wp-content\/uploads\/2021\/04\/LOGO-3M-Novec.png\" rel=\"inv-colorbox\" title=\"3M NOVEC 7100\"><img decoding=\"async\" class=\"alignnone wp-image-2102 size-medium\" src=\"https:\/\/inventec.dehon.com\/wp-content\/uploads\/2021\/04\/LOGO-3M-Novec-300x150.png\" alt=\"3M Novec 7100\" width=\"300\" height=\"150\" srcset=\"https:\/\/www.inventec.dehon.com\/wp-content\/uploads\/2021\/04\/LOGO-3M-Novec-300x150.png 300w, https:\/\/www.inventec.dehon.com\/wp-content\/uploads\/2021\/04\/LOGO-3M-Novec.png 318w\" sizes=\"(max-width: 300px) 100vw, 300px\" \/><\/a><\/p>\n","protected":false},"excerpt":{"rendered":"<ul>\n<li>Leichte \u00d6le &amp; Partikel Reinigung \/ Sp\u00fclung &amp; fleckenfreie schnelle Trocknung<\/li>\n<li>Mono-L\u00f6sungsmittel, Co-L\u00f6sungsmittel, Sp\u00fcl- und Trocknungsverfahren<\/li>\n<li>Sehr geringe Auswirkungen auf HSE und sehr geringe Oberfl\u00e4chenspannung<\/li>\n<\/ul>\n<p>Alternative:<small> <\/small><a href=\"https:\/\/www.inventec.dehon.com\/de\/product\/promosolv-neo-a1\/\"><small>PROMOSOLV NEO A1<\/small><\/a><\/p>\n<p><a href=\"https:\/\/www.inventec.dehon.com\/de\/auf-der-suche-nach-einem-ersatz-fuer-3m-novec\/\" class=\"btn btn-lg btn-primary rounded-pill\" style=\"margin-top:5px; color:#FFFFFF;\">Alle 3M Novec Ersatzstoffe ansehen<\/a><\/p>\n","protected":false},"featured_media":15445,"comment_status":"closed","ping_status":"closed","template":"","meta":{"_acf_changed":false,"inline_featured_image":false},"product_brand":[],"product_cat":[752,2861,2862,411,753],"product_tag":[],"class_list":{"0":"post-10055","1":"product","2":"type-product","3":"status-publish","4":"has-post-thumbnail","6":"industries-aerosysteme","7":"industries-automobil","8":"industries-luft-und-raumfahrt-verteidigung","9":"industries-medizintechnik","10":"industries-sauerstoffinstallationen","11":"product_cat-entfernung-von-partikeln","12":"product_cat-losungsmittel-zum-spulen","13":"product_cat-losungsmittel-zum-trocknen","14":"product_cat-reinigung","15":"product_cat-sauerstoff-teilereinigung","16":"pa_application-oelentfernung","17":"pa_application-partikelentfernung","18":"pa_application-reinigung-von-sauerstoffsystemen","19":"pa_brand-3m-novec-de-2","20":"pa_features-fuer-fluorierte-oele-fette","21":"pa_features-recycelbar","22":"pa_processes-co-losungsmittel","23":"pa_processes-mono-losungsmittel","24":"pa_processes-spulung","25":"pa_processes-trocknendes-losungsmittel","26":"pa_product-category-loesungsmittelbasierte-reinigungsfluessigkeiten","28":"first","29":"instock","30":"shipping-taxable","31":"product-type-simple"},"acf":[],"_links":{"self":[{"href":"https:\/\/www.inventec.dehon.com\/de\/wp-json\/wp\/v2\/product\/10055","targetHints":{"allow":["GET"]}}],"collection":[{"href":"https:\/\/www.inventec.dehon.com\/de\/wp-json\/wp\/v2\/product"}],"about":[{"href":"https:\/\/www.inventec.dehon.com\/de\/wp-json\/wp\/v2\/types\/product"}],"replies":[{"embeddable":true,"href":"https:\/\/www.inventec.dehon.com\/de\/wp-json\/wp\/v2\/comments?post=10055"}],"wp:featuredmedia":[{"embeddable":true,"href":"https:\/\/www.inventec.dehon.com\/de\/wp-json\/wp\/v2\/media\/15445"}],"wp:attachment":[{"href":"https:\/\/www.inventec.dehon.com\/de\/wp-json\/wp\/v2\/media?parent=10055"}],"wp:term":[{"taxonomy":"product_brand","embeddable":true,"href":"https:\/\/www.inventec.dehon.com\/de\/wp-json\/wp\/v2\/product_brand?post=10055"},{"taxonomy":"product_cat","embeddable":true,"href":"https:\/\/www.inventec.dehon.com\/de\/wp-json\/wp\/v2\/product_cat?post=10055"},{"taxonomy":"product_tag","embeddable":true,"href":"https:\/\/www.inventec.dehon.com\/de\/wp-json\/wp\/v2\/product_tag?post=10055"}],"curies":[{"name":"wp","href":"https:\/\/api.w.org\/{rel}","templated":true}]}}