{"id":10052,"date":"2021-04-29T11:45:45","date_gmt":"2021-04-29T11:45:45","guid":{"rendered":"https:\/\/www.inventec.dehon.com\/product\/promosolv-70\/"},"modified":"2026-01-29T10:45:30","modified_gmt":"2026-01-29T09:45:30","slug":"promosolv-70","status":"publish","type":"product","link":"https:\/\/www.inventec.dehon.com\/de\/product\/promosolv-70\/","title":{"rendered":"PROMOSOLV 70"},"content":{"rendered":"<p><img decoding=\"async\" src=\"https:\/\/www.inventec.dehon.com\/wp-content\/uploads\/2021\/03\/PROMOSOLV-drum-colorless-Ecoprog-600x600.png\" alt=\"PROMOSOLV 70\" class=\"responsive-img\" align=\"right\" style=\"border-radius:10px; margin-bottom:10px; margin-top:-10px; margin-left:15px; width:300px\" \/><\/p>\n<h2 style=\"color:#9bc947; margin-bottom:15px\">Der sicherste Dampffasenreiniger<\/h2>\n<ul>\n<li>L\u00f6sungsmittel f\u00fcr Entfettung und Entwachsung<\/li>\n<li>Verfahren in der Dampfphase (Monol\u00f6sungsmittel)<\/li>\n<li>Ausgezeichnete Reinigungsleistung und geringe HSE-Auswirkungen<\/li>\n<li>Ersatz f\u00fcr 3M Novec 71DE, Novec 72DE, Novec 73DE<\/li>\n<\/ul>\n<h5>PROMOSOLV 70<\/h5>\n<p>Speziell entwickelt als Drop-in-Ersatz f\u00fcr Trichlorethylen, NPB und andere L\u00f6sungsmittel mit hohen Auswirkungen auf Gesundheit, Sicherheit und Umwelt. W\u00e4hrend die Auswirkungen auf die Gesundheit und Sicherheit erheblich reduziert werden, ist die Entfettungsleistung gleich hoch.<\/p>\n<p>Es ist f\u00fcr die Entfernung von schweren \u00d6len, Fetten, Wachsen, Partikeln und fluorierten Schmierstoffen bestimmt. Je nach Art der polymerisierten Materialien k\u00f6nnen auch einige Lacke, Klebstoffe, Tinten und Farben entfernt werden. <strong>PROMOSOLV 70<\/strong> ist mit allen Metallen vertr\u00e4glich, auch mit sehr empfindlichen Metallen. Es ist auch mit den meisten Kunststoffen und Elastomeren gut vertr\u00e4glich, muss jedoch vor der Verwendung validiert werden. Die sehr niedrige Oberfl\u00e4chenspannung erm\u00f6glicht es, in sehr enge oder schwer zug\u00e4ngliche R\u00e4ume einzudringen und sie zu reinigen.<\/p>\n<p><strong>PROMOSOLV 70<\/strong> ist qualifiziert und wird von mehreren Akteuren in der Luft- und Raumfahrtindustrie eingesetzt (z.B. SAFRAN IN 1500B).<\/p>\n<p>Dieses Produkt gibt es auch in einer recycelten Version (aus recyceltem L\u00f6sungsmittel) unter dem Namen <strong>PROMOSOLV 70 T<\/strong>.<\/p>\n<p><strong>PROMOSOLV 70<\/strong> ersetzt direkt die Produkte <strong>3M Novec 71DE, Novec 72DE und Novec 73DE<\/strong>, deren freiwillige R\u00fccknahme f\u00fcr Ende 2025 geplant ist. Klicken Sie auf den Link f\u00fcr weitere Informationen zur Ank\u00fcndigung \u00fcber das <a href=\"https:\/\/www.inventec.dehon.com\/de\/3m-loesungsmittel-auslaufen-lassen\/\">Ende der 3M Novec-Produkte<\/a>.<\/p>\n<p><!-- SPECIFICATIONS Section --><\/p>\n<div style=\"font-weight:bold; text-transform:uppercase; border-bottom:2px solid #9DBB2F; padding-bottom:6px; margin-bottom:10px;\">\n  SPEZIFIKATIONEN\n<\/div>\n<table width=\"100%\" cellpadding=\"0\" cellspacing=\"0\" style=\"border-collapse:collapse; width:100%; max-width:100%;\">\n<tr>\n<th align=\"left\" style=\"background:#7A7A7A; color:#fff; padding:8px 12px; border:1px solid #BDBDBD;\">SPEZIFIKATIONEN<\/th>\n<th align=\"left\" style=\"background:#7A7A7A; color:#fff; padding:8px 12px; border:1px solid #BDBDBD;\">WERTE<\/th>\n<th align=\"left\" style=\"background:#7A7A7A; color:#fff; padding:8px 12px; border:1px solid #BDBDBD;\">METHODEN<\/th>\n<\/tr>\n<tr>\n<td style=\"padding:8px 12px; border:1px solid #BDBDBD;\">Aspekt<\/td>\n<td style=\"padding:8px 12px; border:1px solid #BDBDBD;\">Transparent, farblos<\/td>\n<td style=\"padding:8px 12px; border:1px solid #BDBDBD;\">Visuell<\/td>\n<\/tr>\n<tr style=\"background:#E6E6E6;\">\n<td style=\"padding:8px 12px; border:1px solid #BDBDBD;\">Methoxy-nonafluorbutanether<\/td>\n<td style=\"padding:8px 12px; border:1px solid #BDBDBD;\">30,0% \u00b1 1,0<\/td>\n<td style=\"padding:8px 12px; border:1px solid #BDBDBD;\">Intern \/ MO.SB.10033<\/td>\n<\/tr>\n<tr>\n<td style=\"padding:8px 12px; border:1px solid #BDBDBD;\">1,2-Transdichlorethylen<\/td>\n<td style=\"padding:8px 12px; border:1px solid #BDBDBD;\">70,0% \u00b1 1,0<\/td>\n<td style=\"padding:8px 12px; border:1px solid #BDBDBD;\">Intern \/ MO.SB.10033<\/td>\n<\/tr>\n<\/table>\n<p><!-- CHARACTERISTICS Section --><\/p>\n<div style=\"font-weight:bold; text-transform:uppercase; border-bottom:2px solid #9DBB2F; padding-bottom:6px; margin:30px 0 10px 0;\">\n  KENNDATEN\n<\/div>\n<table width=\"100%\" cellpadding=\"0\" cellspacing=\"0\" style=\"border-collapse:collapse; width:100%; max-width:100%;\">\n<tr>\n<th align=\"left\" style=\"background:#7A7A7A; color:#fff; padding:8px 12px; border:1px solid #BDBDBD;\">KENNDATEN<\/th>\n<th align=\"left\" style=\"background:#7A7A7A; color:#fff; padding:8px 12px; border:1px solid #BDBDBD;\">WERTE<\/th>\n<\/tr>\n<tr>\n<td style=\"padding:8px 12px; border:1px solid #BDBDBD;\">Siedepunkt (\u00b0C\/\u00b0F)<\/td>\n<td style=\"padding:8px 12px; border:1px solid #BDBDBD;\">43 \/ 109<\/td>\n<\/tr>\n<tr style=\"background:#E6E6E6;\">\n<td style=\"padding:8px 12px; border:1px solid #BDBDBD;\">Oberfl\u00e4chenspannung (dyn \/ cm)<\/td>\n<td style=\"padding:8px 12px; border:1px solid #BDBDBD;\">14<\/td>\n<\/tr>\n<tr>\n<td style=\"padding:8px 12px; border:1px solid #BDBDBD;\">Flammpunkt<\/td>\n<td style=\"padding:8px 12px; border:1px solid #BDBDBD;\">keine<\/td>\n<\/tr>\n<tr style=\"background:#E6E6E6;\">\n<td style=\"padding:8px 12px; border:1px solid #BDBDBD;\">Dichte (g\/cm3)<\/td>\n<td style=\"padding:8px 12px; border:1px solid #BDBDBD;\">1,28<\/td>\n<\/tr>\n<tr>\n<td style=\"padding:8px 12px; border:1px solid #BDBDBD;\">Reinheit (% Gewicht)<\/td>\n<td style=\"padding:8px 12px; border:1px solid #BDBDBD;\">&gt;99,5<\/td>\n<\/tr>\n<tr style=\"background:#E6E6E6;\">\n<td style=\"padding:8px 12px; border:1px solid #BDBDBD;\">GWP<\/td>\n<td style=\"padding:8px 12px; border:1px solid #BDBDBD;\">96<\/td>\n<\/tr>\n<tr>\n<td style=\"padding:8px 12px; border:1px solid #BDBDBD;\">Dynamische Viskosit\u00e4t (mPa.s)<\/td>\n<td style=\"padding:8px 12px; border:1px solid #BDBDBD;\">0,50<\/td>\n<\/tr>\n<tr style=\"background:#E6E6E6;\">\n<td style=\"padding:8px 12px; border:1px solid #BDBDBD;\">Dampfdruck (kPa)<\/td>\n<td style=\"padding:8px 12px; border:1px solid #BDBDBD;\">65<\/td>\n<\/tr>\n<\/table>\n","protected":false},"excerpt":{"rendered":"<ul>\n<li>L\u00f6sungsmittel f\u00fcr Entfettung und Entwachsung<\/li>\n<li>Verfahren in der Dampfphase (Monol\u00f6sungsmittel)<\/li>\n<li>Ausgezeichnete Reinigungsleistung und geringe HSE-Auswirkungen<\/li>\n<li>Ersatz f\u00fcr 3M Novec 71DE, Novec 72DE, Novec 73DE<\/li>\n<\/ul>\n<p><a href=\"https:\/\/www.inventec.dehon.com\/wp-content\/uploads\/2021\/04\/GW-Score-40.png\"><img decoding=\"async\" class=\"alignnone size-full wp-image-15225\" src=\"https:\/\/www.inventec.dehon.com\/wp-content\/uploads\/2021\/04\/GW-Score-40.png\" alt=\"\" width=\"278\" height=\"236\" \/><\/a><\/p>\n","protected":false},"featured_media":2277,"comment_status":"closed","ping_status":"closed","template":"","meta":{"_acf_changed":false,"inline_featured_image":false},"product_brand":[],"product_cat":[595,752,2867,2869,2865,2864,411,753],"product_tag":[2209,4768,4322,4185,4370,4394,4418,1825,2208,4599,4740,4728,4732,4736,4482,4486],"class_list":{"0":"post-10052","1":"product","2":"type-product","3":"status-publish","4":"has-post-thumbnail","6":"industries-aerosysteme","7":"industries-antriebsstrang","8":"industries-chassis-rader-und-lenkung","9":"industries-landing-systeme","10":"industries-motoren","11":"industries-sauerstoffinstallationen","12":"product_cat-additive-fertigungslosungen","13":"product_cat-entfernung-von-partikeln","14":"product_cat-entfernung-von-polierpaste","15":"product_cat-entfernung-von-wachs","16":"product_cat-fettentfernung-von-verschiedenen-metallkomponenten","17":"product_cat-olentfernung-von-verschiedenen-metallkomponenten","18":"product_cat-reinigung","19":"product_cat-sauerstoff-teilereinigung","20":"product_tag-70-de","21":"product_tag-dampfphase","22":"product_tag-fettentfernung-de","23":"product_tag-loesungsmittelbasierte-reinigungsfluessigkeiten","24":"product_tag-mono-losungsmittel","25":"product_tag-olentfernung","26":"product_tag-polierpaste-entfernen","27":"product_tag-promosolv-de","28":"product_tag-promosolv-70-de","29":"product_tag-recycelbar","30":"product_tag-reinigung-von-sauerstoffsystemen-de","31":"product_tag-sauerstoff","32":"product_tag-sauerstoffreinigung","33":"product_tag-sauerstoffsysteme","34":"product_tag-wachs-de","35":"product_tag-wachs-entfernen","36":"pa_application-entfernung-von-polierpaste","37":"pa_application-entfernung-von-wachs","38":"pa_application-fettentfernung","39":"pa_application-oelentfernung","40":"pa_application-reinigung-von-sauerstoffsystemen","41":"pa_brand-promosolv-de-2","42":"pa_features-geeignet-fuer-kohlenwasserstoffbasierte-anwendungen","43":"pa_features-recycelbar","44":"pa_processes-mono-losungsmittel","45":"pa_product-category-loesungsmittelbasierte-reinigungsfluessigkeiten","47":"first","48":"instock","49":"shipping-taxable","50":"product-type-simple"},"acf":[],"_links":{"self":[{"href":"https:\/\/www.inventec.dehon.com\/de\/wp-json\/wp\/v2\/product\/10052","targetHints":{"allow":["GET"]}}],"collection":[{"href":"https:\/\/www.inventec.dehon.com\/de\/wp-json\/wp\/v2\/product"}],"about":[{"href":"https:\/\/www.inventec.dehon.com\/de\/wp-json\/wp\/v2\/types\/product"}],"replies":[{"embeddable":true,"href":"https:\/\/www.inventec.dehon.com\/de\/wp-json\/wp\/v2\/comments?post=10052"}],"wp:featuredmedia":[{"embeddable":true,"href":"https:\/\/www.inventec.dehon.com\/de\/wp-json\/wp\/v2\/media\/2277"}],"wp:attachment":[{"href":"https:\/\/www.inventec.dehon.com\/de\/wp-json\/wp\/v2\/media?parent=10052"}],"wp:term":[{"taxonomy":"product_brand","embeddable":true,"href":"https:\/\/www.inventec.dehon.com\/de\/wp-json\/wp\/v2\/product_brand?post=10052"},{"taxonomy":"product_cat","embeddable":true,"href":"https:\/\/www.inventec.dehon.com\/de\/wp-json\/wp\/v2\/product_cat?post=10052"},{"taxonomy":"product_tag","embeddable":true,"href":"https:\/\/www.inventec.dehon.com\/de\/wp-json\/wp\/v2\/product_tag?post=10052"}],"curies":[{"name":"wp","href":"https:\/\/api.w.org\/{rel}","templated":true}]}}