{"id":10050,"date":"2021-05-11T08:57:20","date_gmt":"2021-05-11T08:57:20","guid":{"rendered":"https:\/\/www.inventec.dehon.com\/product\/3m-novec-2704\/"},"modified":"2026-01-19T16:22:24","modified_gmt":"2026-01-19T15:22:24","slug":"3m-novec-2704","status":"publish","type":"product","link":"https:\/\/www.inventec.dehon.com\/de\/product\/3m-novec-2704\/","title":{"rendered":"3M NOVEC 2704"},"content":{"rendered":"<p><img decoding=\"async\" src=\"https:\/\/www.inventec.dehon.com\/wp-content\/uploads\/2021\/04\/Novec-drum-colorless.phase-outpng-1-600x600.jpg\" alt=\"3M NOVEC 2704\" class=\"responsive-img\" align=\"right\" style=\"border-radius:10px; margin-bottom:10px; margin-top:-10px; margin-left:15px; width:300px\" \/><\/p>\n<h2 style=\"color: #9bc947; margin-bottom: 15px;\">Ultrad\u00fcnne elektronische Beschichtung<\/h2>\n<ul>\n<li>Ultrad\u00fcnne hydrophobe und oleophobe Beschichtung mit UV-Tracer<\/li>\n<li>Tauch- und Spritzverfahren<\/li>\n<li>Einfacher und schneller Prozess<\/li>\n<\/ul>\n<hr \/>\n<h4>WICHTIGER HINWEIS:<BR> AUSLAUF VON 3M\u2122 PRODUKTEN<\/h4>\n<p>\u26a0\ufe0f 3M\u2122 hat im Dezember 2022 angek\u00fcndigt, dass alle Novec\u2122 Produkte bis Ende 2025 auslaufen und nicht mehr verf\u00fcgbar sein werden. Keine Sorge, Inventec hat einen Ersatz f\u00fcr dieses Produkt, aber wir empfehlen, uns so bald wie m\u00f6glich zu kontaktieren, um Versorgungsunterbrechungen zu minimieren.<\/p>\n<p>Wenn Sie mehr \u00fcber den Auslauf der 3M\u2122 Produkte erfahren m\u00f6chten, klicken Sie auf diesen <a href=\"https:\/\/www.inventec.dehon.com\/de\/auf-der-suche-nach-einem-ersatz-fuer-3m-novec\/beschichtungslosungen-fuer-den-ersatz-von-3m-novec\/\">Link<\/a>.<\/p>\n<p>UNSERE ALTERNATIVE(N) :<\/p>\n<ul>\n<li><a href=\"https:\/\/www.inventec.dehon.com\/de\/product\/promosolv-coat-ut10-uv\/\">PROMOSOLV COAT UT10-UV<\/a><\/li>\n<\/ul>\n<hr \/>\n<h5>3M Novec 2704<\/h5>\n<p><strong>3M Novec 2704<\/strong> Electronic Grade Coating (EGC) ist ein fluoriertes Einkomponenten-Polymer, verd\u00fcnnt in <strong>3M Novec 7200<\/strong> Entwickelt Fluid, ein segregiertes Hydrofluorether-L\u00f6sungsmittel, das eine Beschichtungsl\u00f6sung mit niedriger Viskosit\u00e4t und geringer Oberfl\u00e4chenspannung liefert. Konzipiert f\u00fcr Feuchtigkeit und Korrosionsschutz von Leiterplatten und elektronischen Bauteilen, es trocknet zu einer ultrad\u00fcnnen, transparenten Beschichtung mit ausgezeichnete hydrophobe und oleophobe Eigenschaften. Es muss nicht ausgeh\u00e4rtet werden und ist leicht zu verarbeiten.<\/p>\n<p>Die Beschichtung <strong>3M Novec 2704<\/strong> ist nichtentflammbar, nicht ozonabbauend, mit geringer Toxizit\u00e4t, niedrigem GWP-Wert, RoHS-konform und mit niedrigem VOC-Gehalt.* Die Beschichtung enth\u00e4lt eine Gelb-orangefarbener Farbstoff, der in das Polymer eingearbeitet ist und unter UV-Licht fluoresziert, um die Pr\u00fcfung der Beschichtung und der Qualit\u00e4t zu erleichtern Kontrolle des Beschichtungsprozesses.<\/p>\n<p><a title=\"Letter from 3M - Inventec authorized distributor for EMEA area\" href=\"https:\/\/www.inventec.dehon.com\/wp-content\/uploads\/2021\/10\/3M-Authorized-EMEA-Distributor_Inventec.pdf\" target=\"_blank\" rel=\"noopener\">Letter from 3M &#8211; Inventec authorized distributor for EMEA area<\/a><\/p>\n<p><a href=\"https:\/\/inventec.dehon.com\/wp-content\/uploads\/2021\/04\/LOGO-3M-Novec.png\" rel=\"inv-colorbox\" title=\"3M NOVEC 2704\"><img decoding=\"async\" class=\"alignnone wp-image-2102 size-medium\" src=\"https:\/\/inventec.dehon.com\/wp-content\/uploads\/2021\/04\/LOGO-3M-Novec-300x150.png\" alt=\"3M Novec 2704\" width=\"300\" height=\"150\" srcset=\"https:\/\/www.inventec.dehon.com\/wp-content\/uploads\/2021\/04\/LOGO-3M-Novec-300x150.png 300w, https:\/\/www.inventec.dehon.com\/wp-content\/uploads\/2021\/04\/LOGO-3M-Novec.png 318w\" sizes=\"(max-width: 300px) 100vw, 300px\" \/><\/a><\/p>\n","protected":false},"excerpt":{"rendered":"<ul>\n<li>Ultrad\u00fcnne hydrophobe und oleophobe Beschichtung mit UV-Tracer<\/li>\n<li>Tauch- und Spritzverfahren<\/li>\n<li>Einfacher und schneller Prozess<\/li>\n<\/ul>\n<p><span style=\"color: #99cc00;\">Alternative:<\/span> <a href=\"https:\/\/www.inventec.dehon.com\/de\/product\/promosolv-coat-ut10-uv\/\"><small>PROMOSOLV COAT UT10-UV<\/small><\/a><\/p>\n<p><a href=\"https:\/\/www.inventec.dehon.com\/de\/auf-der-suche-nach-einem-ersatz-fuer-3m-novec\/\" class=\"btn btn-lg btn-primary rounded-pill\" style=\"margin-top:5px; color:#FFFFFF;\">Alle 3M Novec Ersatzstoffe ansehen<\/a><\/p>\n","protected":false},"featured_media":15445,"comment_status":"closed","ping_status":"closed","template":"","meta":{"_acf_changed":false,"inline_featured_image":false},"product_brand":[],"product_cat":[819,820],"product_tag":[1921,1907,1905,1920,4278,4667],"class_list":{"0":"post-10050","1":"product","2":"type-product","3":"status-publish","4":"has-post-thumbnail","6":"industries-beleuchtung","7":"industries-horgerate-gerate","8":"product_cat-beschichtungen","9":"product_cat-ultra-dunne-beschichtungen","10":"product_tag-2704-de","11":"product_tag-3m-de","12":"product_tag-3m-novec-de","13":"product_tag-3m-novec-2704-de","14":"product_tag-beschichtungen-de","15":"product_tag-ultradunne-beschichtungen","16":"pa_application-pcb-elektronische-bauteile","17":"pa_brand-3m-novec-de-2","18":"pa_features-durchloetbar-und-reparierbar","19":"pa_features-uv-tracer-de","20":"pa_processes-auftrag-durch-selektives-spruhen","21":"pa_processes-auftrag-durch-tauchen","22":"pa_processes-auftrag-mit-pinsel","23":"pa_processes-aushaertung-bei-raumtemperatur","24":"pa_product-category-ultradunne-beschichtungen","26":"first","27":"instock","28":"shipping-taxable","29":"product-type-simple"},"acf":[],"_links":{"self":[{"href":"https:\/\/www.inventec.dehon.com\/de\/wp-json\/wp\/v2\/product\/10050","targetHints":{"allow":["GET"]}}],"collection":[{"href":"https:\/\/www.inventec.dehon.com\/de\/wp-json\/wp\/v2\/product"}],"about":[{"href":"https:\/\/www.inventec.dehon.com\/de\/wp-json\/wp\/v2\/types\/product"}],"replies":[{"embeddable":true,"href":"https:\/\/www.inventec.dehon.com\/de\/wp-json\/wp\/v2\/comments?post=10050"}],"wp:featuredmedia":[{"embeddable":true,"href":"https:\/\/www.inventec.dehon.com\/de\/wp-json\/wp\/v2\/media\/15445"}],"wp:attachment":[{"href":"https:\/\/www.inventec.dehon.com\/de\/wp-json\/wp\/v2\/media?parent=10050"}],"wp:term":[{"taxonomy":"product_brand","embeddable":true,"href":"https:\/\/www.inventec.dehon.com\/de\/wp-json\/wp\/v2\/product_brand?post=10050"},{"taxonomy":"product_cat","embeddable":true,"href":"https:\/\/www.inventec.dehon.com\/de\/wp-json\/wp\/v2\/product_cat?post=10050"},{"taxonomy":"product_tag","embeddable":true,"href":"https:\/\/www.inventec.dehon.com\/de\/wp-json\/wp\/v2\/product_tag?post=10050"}],"curies":[{"name":"wp","href":"https:\/\/api.w.org\/{rel}","templated":true}]}}