{"id":10036,"date":"2021-04-19T07:16:45","date_gmt":"2021-04-19T07:16:45","guid":{"rendered":"https:\/\/www.inventec.dehon.com\/product\/promoclean-disper-15\/"},"modified":"2026-01-28T11:48:59","modified_gmt":"2026-01-28T10:48:59","slug":"promoclean-disper-15","status":"publish","type":"product","link":"https:\/\/www.inventec.dehon.com\/de\/product\/promoclean-disper-15\/","title":{"rendered":"PROMOCLEAN DISPER 15"},"content":{"rendered":"<p><img decoding=\"async\" src=\"https:\/\/www.inventec.dehon.com\/wp-content\/uploads\/2021\/04\/PROMOCLEAN-canister-blue.png\" alt=\"PROMOCLEAN DISPER 15\" class=\"responsive-img\" align=\"right\" style=\"border-radius:10px; margin-bottom:10px; margin-top:-10px; margin-left:15px; width:300px\" \/><\/p>\n<h2 style=\"color:#9bc947; margin-bottom:15px\">Reinigungsmittel zur \u00d6lentfernung<\/h2>\n<ul>\n<li>Reinigungsmittel mit tempor\u00e4rem Schutz zur Entfernung von \u00d6len auf Metallteilen<\/li>\n<li>Polyvalentes Verfahren: Spritz-, Sp\u00fcl- und Tauch-Ultraschall<\/li>\n<li>Kompatibel mit einer breiten Palette von Metallen<\/li>\n<\/ul>\n<h5>PROMOCLEAN DISPER 15<\/h5>\n<p>Ist speziell f\u00fcr die Entfernung aller Arten von \u00d6len konzipiert. Dank seiner ausgezeichneten Antischaumeigenschaften ist es f\u00fcr das Bespr\u00fchen mit Wasser, das Sp\u00fclen oder das Eintauchen mit Ultraschall geeignet. <strong>PROMOCLEAN DISPER 15<\/strong> bietet nicht nur eine hohe Reinigungsleistung und ist mit den meisten in der mechanischen Industrie verwendeten Metallen vertr\u00e4glich, sondern bietet aufgrund seiner Passivierungseigenschaften auch einen vor\u00fcbergehenden Korrosionsschutz, wodurch es sich besonders f\u00fcr Eisenteile eignet. Es ist ein konzentriertes Produkt, das mit Leitungswasser oder DI-Wasser verd\u00fcnnt verwendet wird.<\/p>\n<p><strong>PROMOCLEAN DISPER 15<\/strong> ist qualifiziert und wird von mehreren Akteuren in der Luft- und Raumfahrtindustrie verwendet (PV 8238 Messier Dowty). Es ist f\u00fcr die Entfettung vor der Verchromung oder Kadmiumbeschichtung zugelassen.<\/p>\n<div style=\"font-family:Lato; color:#333;\">\n<div style=\"font-weight:bold; text-transform:uppercase; border-bottom:2px solid #9DBB2F; padding-bottom:6px; margin-bottom:10px;\">\n    Spezifikationen\n  <\/div>\n<table width=\"100%\" cellpadding=\"0\" cellspacing=\"0\" style=\"border-collapse:collapse; width:100%; max-width:100%;\">\n<tr>\n<th align=\"left\" style=\"background:#7A7A7A; color:#fff; padding:8px 12px; border:1px solid #BDBDBD;\">\n        Spezifikationen\n      <\/th>\n<th align=\"left\" style=\"background:#7A7A7A; color:#fff; padding:8px 12px; border:1px solid #BDBDBD;\">\n        Werte\n      <\/th>\n<th align=\"left\" style=\"background:#7A7A7A; color:#fff; padding:8px 12px; border:1px solid #BDBDBD;\">\n        Methoden\n      <\/th>\n<\/tr>\n<tr>\n<td style=\"padding:8px 12px; border:1px solid #BDBDBD;\">Aspekt<\/td>\n<td style=\"padding:8px 12px; border:1px solid #BDBDBD;\">Gelb<\/td>\n<td style=\"padding:8px 12px; border:1px solid #BDBDBD;\">Visuell<\/td>\n<\/tr>\n<tr style=\"background:#E6E6E6;\">\n<td style=\"padding:8px 12px; border:1px solid #BDBDBD;\">Dichte bei 20\u00b0C (g\/ml)<\/td>\n<td style=\"padding:8px 12px; border:1px solid #BDBDBD;\">1,12 \u00b1 0,01<\/td>\n<td style=\"padding:8px 12px; border:1px solid #BDBDBD;\">BRY-MO-028<\/td>\n<\/tr>\n<tr>\n<td style=\"padding:8px 12px; border:1px solid #BDBDBD;\">pH des reinen Produkts<\/td>\n<td style=\"padding:8px 12px; border:1px solid #BDBDBD;\">9,9 \u00b1 0,5<\/td>\n<td style=\"padding:8px 12px; border:1px solid #BDBDBD;\">BRY-MO-011<\/td>\n<\/tr>\n<tr style=\"background:#E6E6E6;\">\n<td style=\"padding:8px 12px; border:1px solid #BDBDBD;\">pH bei 1%<\/td>\n<td style=\"padding:8px 12px; border:1px solid #BDBDBD;\">9,1 \u00b1 0,5<\/td>\n<td style=\"padding:8px 12px; border:1px solid #BDBDBD;\">BRY-MO-011<\/td>\n<\/tr>\n<\/table>\n<\/div>\n<div style=\"font-family:Lato; color:#333;\">\n<div style=\"font-weight:bold; text-transform:uppercase; border-bottom:2px solid #9DBB2F; padding-bottom:6px; margin:30px 0 10px;\">\n    Kenndaten\n  <\/div>\n<table width=\"100%\" cellpadding=\"0\" cellspacing=\"0\" style=\"border-collapse:collapse; width:100%; max-width:100%;\">\n<tr>\n<th align=\"left\" style=\"background:#7A7A7A; color:#fff; padding:8px 12px; border:1px solid #BDBDBD;\">\n        Kenndaten\n      <\/th>\n<th align=\"left\" style=\"background:#7A7A7A; color:#fff; padding:8px 12px; border:1px solid #BDBDBD;\">\n        Werte\n      <\/th>\n<\/tr>\n<tr>\n<td style=\"padding:8px 12px; border:1px solid #BDBDBD;\">L\u00f6slichkeit in Wasser<\/td>\n<td style=\"padding:8px 12px; border:1px solid #BDBDBD;\">Vollst\u00e4ndig l\u00f6slich<\/td>\n<\/tr>\n<tr style=\"background:#E6E6E6;\">\n<td style=\"padding:8px 12px; border:1px solid #BDBDBD;\">Brechungsindex bei 20\u00b0C<\/td>\n<td style=\"padding:8px 12px; border:1px solid #BDBDBD;\">1,42<\/td>\n<\/tr>\n<tr>\n<td style=\"padding:8px 12px; border:1px solid #BDBDBD;\">Oberfl\u00e4chenspannung bei 1% (dynes \/ cm)<\/td>\n<td style=\"padding:8px 12px; border:1px solid #BDBDBD;\">34<\/td>\n<\/tr>\n<\/table>\n<\/div>\n","protected":false},"excerpt":{"rendered":"<ul>\n<li>Reinigungsmittel mit tempor\u00e4rem Schutz zur Entfernung von \u00d6len auf Metallteilen<\/li>\n<li>Polyvalentes Verfahren: Spritz-, Sp\u00fcl- und Tauch-Ultraschall<\/li>\n<li>Kompatibel mit einer breiten Palette von Metallen<\/li>\n<\/ul>\n","protected":false},"featured_media":2432,"comment_status":"closed","ping_status":"closed","template":"","meta":{"_acf_changed":false,"inline_featured_image":false},"product_brand":[],"product_cat":[2864,411],"product_tag":[2025,2173,4394,2007,2172,4454,4795,4799,4815,4470,4262,4258,4254,4266,4787],"class_list":{"0":"post-10036","1":"product","2":"type-product","3":"status-publish","4":"has-post-thumbnail","6":"industries-antriebsstrang","7":"industries-chassis-rader-und-lenkung","8":"industries-landing-systeme","9":"industries-motoren","10":"product_cat-olentfernung-von-verschiedenen-metallkomponenten","11":"product_cat-reinigung","12":"product_tag-disper-de","13":"product_tag-disper-15-de","14":"product_tag-olentfernung","15":"product_tag-promoclean-de","16":"product_tag-promoclean-disper-15-de","17":"product_tag-spray","18":"product_tag-spuelen","19":"product_tag-tauchstrahl","20":"product_tag-temporaerer-schutz","21":"product_tag-ultraschall","22":"product_tag-ultraschall-wasserbad","23":"product_tag-wasserbad","24":"product_tag-wasserbasierte-reinigungsfluessigkeiten-de","25":"product_tag-wasserbasierte-spruehreinigung","26":"product_tag-waessrige-tauchstrahlreinigung","27":"pa_application-oelentfernung","28":"pa_brand-promoclean-de","29":"pa_features-mit-temporaerem-schutz","30":"pa_processes-spray-auf-wasserbasis","31":"pa_processes-spulung","32":"pa_processes-waessrige-ultraschallimmersion","33":"pa_processes-waessriger-immersionsstrahl","34":"pa_product-category-wasserbasierte-reinigungsfluessigkeiten","36":"first","37":"instock","38":"shipping-taxable","39":"product-type-simple"},"acf":[],"_links":{"self":[{"href":"https:\/\/www.inventec.dehon.com\/de\/wp-json\/wp\/v2\/product\/10036","targetHints":{"allow":["GET"]}}],"collection":[{"href":"https:\/\/www.inventec.dehon.com\/de\/wp-json\/wp\/v2\/product"}],"about":[{"href":"https:\/\/www.inventec.dehon.com\/de\/wp-json\/wp\/v2\/types\/product"}],"replies":[{"embeddable":true,"href":"https:\/\/www.inventec.dehon.com\/de\/wp-json\/wp\/v2\/comments?post=10036"}],"wp:featuredmedia":[{"embeddable":true,"href":"https:\/\/www.inventec.dehon.com\/de\/wp-json\/wp\/v2\/media\/2432"}],"wp:attachment":[{"href":"https:\/\/www.inventec.dehon.com\/de\/wp-json\/wp\/v2\/media?parent=10036"}],"wp:term":[{"taxonomy":"product_brand","embeddable":true,"href":"https:\/\/www.inventec.dehon.com\/de\/wp-json\/wp\/v2\/product_brand?post=10036"},{"taxonomy":"product_cat","embeddable":true,"href":"https:\/\/www.inventec.dehon.com\/de\/wp-json\/wp\/v2\/product_cat?post=10036"},{"taxonomy":"product_tag","embeddable":true,"href":"https:\/\/www.inventec.dehon.com\/de\/wp-json\/wp\/v2\/product_tag?post=10036"}],"curies":[{"name":"wp","href":"https:\/\/api.w.org\/{rel}","templated":true}]}}