{"id":10019,"date":"2021-04-21T17:27:08","date_gmt":"2021-04-21T17:27:08","guid":{"rendered":"https:\/\/www.inventec.dehon.com\/product\/abchimie-avr80-ba\/"},"modified":"2026-03-04T09:41:16","modified_gmt":"2026-03-04T08:41:16","slug":"abchimie-avr80-ba","status":"publish","type":"product","link":"https:\/\/www.inventec.dehon.com\/de\/product\/abchimie-avr80-ba\/","title":{"rendered":"ABCHIMIE AVR80 BA"},"content":{"rendered":"<p><img decoding=\"async\" src=\"https:\/\/www.inventec.dehon.com\/wp-content\/uploads\/2021\/03\/AB-CHIMIE-coat-drum-1-600x600.jpg\" alt=\"ABCHIMIE AVR80 BA\" class=\"responsive-img\" align=\"right\" style=\"border-radius:10px; margin-bottom:10px; margin-top:-10px; margin-left:15px; width:300px\" \/><\/p>\n<h2 style=\"color:#9bc947; margin-bottom:15px\">Ungiftige, flexible Acrylbeschichtung zum Schutz von Elektronik<\/h2>\n<ul>\n<li>Acryl Konforme Beschichtung<\/li>\n<li>Selektives Spritzen, Spritzpistole, Tauchen und Pinselverfahren<\/li>\n<li>Ungiftig &amp; Aush\u00e4rtung bei Raumtemperatur<\/li>\n<\/ul>\n<h5>ABCHIMIE AVR80 BA<\/h5>\n<p>Ist eine ungiftige, flexible, transparente Acrylbeschichtung f\u00fcr den Schutz elektronischer Schaltkreise, die h\u00f6chsten Widerstandsanforderungen gen\u00fcgt. Sie kann durch selektives Spr\u00fchen, mit der Spritzpistole, getaucht oder geb\u00fcrstet erfolgen. Zugelassen nach <strong>UL94 V0<\/strong> (Datei E308681)<\/p>\n<h5>Andere Zulassungen und Spezifikationen:<\/h5>\n<p>NF EN 61086-2; NF EN 45545; NF EN 16101; NF EN 16102 Zulassungen, erf\u00fcllt IPC-CC-830 und MIL-I-46058C,<\/p>\n<p><a href=\"https:\/\/www.abchimie.com\/\" target=\"_blank\" rel=\"noopener\"><img decoding=\"async\" class=\"alignnone responsive-img wp-image-2452\" src=\"https:\/\/inventec.dehon.com\/wp-content\/uploads\/2021\/04\/Logo-ABCHIMIE-GR.png\" rel=\"inv-colorbox\" title=\"ABCHIMIE AVR80 BA\" alt=\"ABCHIMIE AVR80 BA\" width=\"150\" height=\"89\" srcset=\"https:\/\/www.inventec.dehon.com\/wp-content\/uploads\/2021\/04\/Logo-ABCHIMIE-GR.png 6545w, https:\/\/www.inventec.dehon.com\/wp-content\/uploads\/2021\/04\/Logo-ABCHIMIE-GR-300x178.png 300w, https:\/\/www.inventec.dehon.com\/wp-content\/uploads\/2021\/04\/Logo-ABCHIMIE-GR-1024x607.png 1024w, https:\/\/www.inventec.dehon.com\/wp-content\/uploads\/2021\/04\/Logo-ABCHIMIE-GR-768x455.png 768w, https:\/\/www.inventec.dehon.com\/wp-content\/uploads\/2021\/04\/Logo-ABCHIMIE-GR-1536x911.png 1536w, https:\/\/www.inventec.dehon.com\/wp-content\/uploads\/2021\/04\/Logo-ABCHIMIE-GR-2048x1214.png 2048w, https:\/\/www.inventec.dehon.com\/wp-content\/uploads\/2021\/04\/Logo-ABCHIMIE-GR-600x356.png 600w\" sizes=\"(max-width: 150px) 100vw, 150px\" \/><\/a><\/p>\n","protected":false},"excerpt":{"rendered":"<ul>\n<li>Acryl Konforme Beschichtung<\/li>\n<li>Selektives Spritzen, Spritzpistole, Tauchen und Pinselverfahren<\/li>\n<li>Ungiftig &amp; Aush\u00e4rtung bei Raumtemperatur<\/li>\n<\/ul>\n","protected":false},"featured_media":24440,"comment_status":"closed","ping_status":"closed","template":"","meta":{"_acf_changed":false,"inline_featured_image":false},"product_brand":[],"product_cat":[2870,819,2871],"product_tag":[2500,1780,1807,5444,5448,5496,4647,1808,1809,4639,4651,4659,4635,3747,4655,5460,4643,4454,5492,5468,5464,4390,4671,5472],"class_list":{"0":"post-10019","1":"product","2":"type-product","3":"status-publish","4":"has-post-thumbnail","6":"industries-automatisierung","7":"industries-automobil","8":"industries-luft-und-raumfahrt-verteidigung","9":"industries-medizintechnik","10":"product_cat-abchimie-und-inventec-partnerschaft","11":"product_cat-beschichtungen","12":"product_cat-warmehartende-konforme-beschichtungen","13":"product_tag-80-de","14":"product_tag-abchimie-de","15":"product_tag-abchimie-avr80-ba-de","16":"product_tag-acryl","17":"product_tag-acryl-schutzbeschichtung","18":"product_tag-auftrag-mit-spritzpistole","19":"product_tag-aushaertung","20":"product_tag-avr80-de","21":"product_tag-ba-de","22":"product_tag-durch-eintauchen-auftragen","23":"product_tag-elektronische-bauteile","24":"product_tag-loetstellenreparierbar","25":"product_tag-mit-pinsel-auftragen","26":"product_tag-pcb-de","27":"product_tag-reparierbar","28":"product_tag-schutzbeschichtungen","29":"product_tag-selektiv-spruehen","30":"product_tag-spray","31":"product_tag-spritzpistole","32":"product_tag-tauchbeschichtung","33":"product_tag-thermische-aushaertung","34":"product_tag-ungiftig","35":"product_tag-uv-tracer","36":"product_tag-waerme","37":"pa_application-pcb-elektronische-bauteile","38":"pa_brand-abchimie-de-2","39":"pa_features-durchloetbar-und-reparierbar","40":"pa_features-uv-tracer-de","41":"pa_processes-auftrag-durch-selektives-spruhen","42":"pa_processes-auftrag-durch-tauchen","43":"pa_processes-auftrag-mit-pinsel","44":"pa_processes-auftrag-mit-spritzpistole","45":"pa_processes-aushartung-durch-warme","46":"pa_product-category-konforme-beschichtung","48":"first","49":"instock","50":"shipping-taxable","51":"product-type-simple"},"acf":[],"_links":{"self":[{"href":"https:\/\/www.inventec.dehon.com\/de\/wp-json\/wp\/v2\/product\/10019","targetHints":{"allow":["GET"]}}],"collection":[{"href":"https:\/\/www.inventec.dehon.com\/de\/wp-json\/wp\/v2\/product"}],"about":[{"href":"https:\/\/www.inventec.dehon.com\/de\/wp-json\/wp\/v2\/types\/product"}],"replies":[{"embeddable":true,"href":"https:\/\/www.inventec.dehon.com\/de\/wp-json\/wp\/v2\/comments?post=10019"}],"wp:featuredmedia":[{"embeddable":true,"href":"https:\/\/www.inventec.dehon.com\/de\/wp-json\/wp\/v2\/media\/24440"}],"wp:attachment":[{"href":"https:\/\/www.inventec.dehon.com\/de\/wp-json\/wp\/v2\/media?parent=10019"}],"wp:term":[{"taxonomy":"product_brand","embeddable":true,"href":"https:\/\/www.inventec.dehon.com\/de\/wp-json\/wp\/v2\/product_brand?post=10019"},{"taxonomy":"product_cat","embeddable":true,"href":"https:\/\/www.inventec.dehon.com\/de\/wp-json\/wp\/v2\/product_cat?post=10019"},{"taxonomy":"product_tag","embeddable":true,"href":"https:\/\/www.inventec.dehon.com\/de\/wp-json\/wp\/v2\/product_tag?post=10019"}],"curies":[{"name":"wp","href":"https:\/\/api.w.org\/{rel}","templated":true}]}}