{"id":10014,"date":"2021-04-22T07:16:36","date_gmt":"2021-04-22T07:16:36","guid":{"rendered":"https:\/\/www.inventec.dehon.com\/product\/abchimie-dva-ba\/"},"modified":"2026-03-04T09:41:25","modified_gmt":"2026-03-04T08:41:25","slug":"abchimie-dva-ba","status":"publish","type":"product","link":"https:\/\/www.inventec.dehon.com\/de\/product\/abchimie-dva-ba\/","title":{"rendered":"ABCHIMIE DVA BA"},"content":{"rendered":"<p><img decoding=\"async\" src=\"https:\/\/www.inventec.dehon.com\/wp-content\/uploads\/2021\/03\/AB-CHIMIE-coat-drum-1-600x600.jpg\" alt=\"ABCHIMIE DVA BA\" class=\"responsive-img\" align=\"right\" style=\"border-radius:10px; margin-bottom:10px; margin-top:-10px; margin-left:15px; width:300px\" \/><\/p>\n<h2 style=\"color: #9bc947; margin-bottom: 15px;\">Anwendungen von Acryl-Konforme Beschichtungen<\/h2>\n<ul>\n<li>Acrylverd\u00fcnner zum Verd\u00fcnnen der <a href=\"https:\/\/www.inventec.dehon.com\/de\/product\/abchimie-avr80-ba\/\"><strong>ABCHIMIE AVR80 BA<\/strong><\/a>-Beschichtung<\/li>\n<li>Selektives Spr\u00fchen, Tauchen und Pinselverfahren<\/li>\n<li>Ungiftig<\/li>\n<\/ul>\n<h5>ABCHIMIE DVA BA<\/h5>\n<p>Ist ein ungiftiges L\u00f6semittelgemisch, das f\u00fcr die Verwendung mit allen acrylbasierten Schutzlacken entwickelt wurde. Speziell f\u00fcr <a href=\"https:\/\/www.inventec.dehon.com\/de\/product\/abchimie-avr80-ba\/\"><strong>ABCHIMIE AVR80 BA<\/strong><\/a>-Acrylbeschichtung verwendet. Die Hauptverwendung der Verd\u00fcnner ist die Verd\u00fcnnung der Beschichtungen f\u00fcr die Tauch- und Spritzbeschichtung.<\/p>\n<p><a href=\"https:\/\/abchimie.com\/\" target=\"_blank\" rel=\"noopener\"><img decoding=\"async\" class=\"alignnone responsive-img wp-image-2452\" src=\"https:\/\/inventec.dehon.com\/wp-content\/uploads\/2021\/04\/Logo-ABCHIMIE-GR.png\" rel=\"inv-colorbox\" title=\"ABCHIMIE DVA BA\" alt=\"ABCHIMIE DVA BA\" width=\"150\" height=\"89\" srcset=\"https:\/\/www.inventec.dehon.com\/wp-content\/uploads\/2021\/04\/Logo-ABCHIMIE-GR.png 6545w, https:\/\/www.inventec.dehon.com\/wp-content\/uploads\/2021\/04\/Logo-ABCHIMIE-GR-300x178.png 300w, https:\/\/www.inventec.dehon.com\/wp-content\/uploads\/2021\/04\/Logo-ABCHIMIE-GR-1024x607.png 1024w, https:\/\/www.inventec.dehon.com\/wp-content\/uploads\/2021\/04\/Logo-ABCHIMIE-GR-768x455.png 768w, https:\/\/www.inventec.dehon.com\/wp-content\/uploads\/2021\/04\/Logo-ABCHIMIE-GR-1536x911.png 1536w, https:\/\/www.inventec.dehon.com\/wp-content\/uploads\/2021\/04\/Logo-ABCHIMIE-GR-2048x1214.png 2048w, https:\/\/www.inventec.dehon.com\/wp-content\/uploads\/2021\/04\/Logo-ABCHIMIE-GR-600x356.png 600w\" sizes=\"(max-width: 150px) 100vw, 150px\" \/><\/a><\/p>\n","protected":false},"excerpt":{"rendered":"<ul>\n<li>Acrylverd\u00fcnner zum Verd\u00fcnnen der AVR80 BA-Beschichtung<\/li>\n<li>Selektives Spr\u00fchen, Tauchen und Pinselverfahren<\/li>\n<li>Ungiftig<\/li>\n<\/ul>\n","protected":false},"featured_media":24440,"comment_status":"closed","ping_status":"closed","template":"","meta":{"_acf_changed":false,"inline_featured_image":false},"product_brand":[],"product_cat":[2870,819,2871],"product_tag":[1780,1872,5444,5452,1809,4278,4639,1874,1873,5406,4635,5456,4434,4643,4454,5468,4390,4663],"class_list":{"0":"post-10014","1":"product","2":"type-product","3":"status-publish","4":"has-post-thumbnail","6":"product_cat-abchimie-und-inventec-partnerschaft","7":"product_cat-beschichtungen","8":"product_cat-warmehartende-konforme-beschichtungen","9":"product_tag-abchimie-de","10":"product_tag-abchimie-dva-ba-de","11":"product_tag-acryl","12":"product_tag-acrylverduenner","13":"product_tag-ba-de","14":"product_tag-beschichtungen-de","15":"product_tag-durch-eintauchen-auftragen","16":"product_tag-dva-de","17":"product_tag-dva-ba-de","18":"product_tag-halogenfrei","19":"product_tag-mit-pinsel-auftragen","20":"product_tag-pinselauftrag","21":"product_tag-rohs","22":"product_tag-selektiv-spruehen","23":"product_tag-spray","24":"product_tag-tauchbeschichtung","25":"product_tag-ungiftig","26":"product_tag-verdunner","27":"pa_brand-abchimie-de-2","28":"pa_processes-auftrag-durch-selektives-spruhen","29":"pa_processes-auftrag-durch-tauchen","30":"pa_processes-auftrag-mit-pinsel","31":"pa_product-category-verduenner","33":"first","34":"instock","35":"shipping-taxable","36":"product-type-simple"},"acf":[],"_links":{"self":[{"href":"https:\/\/www.inventec.dehon.com\/de\/wp-json\/wp\/v2\/product\/10014","targetHints":{"allow":["GET"]}}],"collection":[{"href":"https:\/\/www.inventec.dehon.com\/de\/wp-json\/wp\/v2\/product"}],"about":[{"href":"https:\/\/www.inventec.dehon.com\/de\/wp-json\/wp\/v2\/types\/product"}],"replies":[{"embeddable":true,"href":"https:\/\/www.inventec.dehon.com\/de\/wp-json\/wp\/v2\/comments?post=10014"}],"wp:featuredmedia":[{"embeddable":true,"href":"https:\/\/www.inventec.dehon.com\/de\/wp-json\/wp\/v2\/media\/24440"}],"wp:attachment":[{"href":"https:\/\/www.inventec.dehon.com\/de\/wp-json\/wp\/v2\/media?parent=10014"}],"wp:term":[{"taxonomy":"product_brand","embeddable":true,"href":"https:\/\/www.inventec.dehon.com\/de\/wp-json\/wp\/v2\/product_brand?post=10014"},{"taxonomy":"product_cat","embeddable":true,"href":"https:\/\/www.inventec.dehon.com\/de\/wp-json\/wp\/v2\/product_cat?post=10014"},{"taxonomy":"product_tag","embeddable":true,"href":"https:\/\/www.inventec.dehon.com\/de\/wp-json\/wp\/v2\/product_tag?post=10014"}],"curies":[{"name":"wp","href":"https:\/\/api.w.org\/{rel}","templated":true}]}}