{"id":10000,"date":"2021-04-26T09:16:10","date_gmt":"2021-04-26T09:16:10","guid":{"rendered":"https:\/\/www.inventec.dehon.com\/product\/abchimie-42k-uv-led\/"},"modified":"2026-03-04T09:41:36","modified_gmt":"2026-03-04T08:41:36","slug":"abchimie-42k-uv-led","status":"publish","type":"product","link":"https:\/\/www.inventec.dehon.com\/de\/product\/abchimie-42k-uv-led\/","title":{"rendered":"ABCHIMIE 42K-UV LED"},"content":{"rendered":"<p><img decoding=\"async\" src=\"https:\/\/www.inventec.dehon.com\/wp-content\/uploads\/2021\/03\/AB-CHIMIE-coat-drum-1-600x600.jpg\" alt=\"ABCHIMIE 42K-UV LED\" class=\"responsive-img\" align=\"right\" style=\"border-radius:10px; margin-bottom:10px; margin-top:-10px; margin-left:15px; width:300px\" \/><\/p>\n<h2 style=\"color: #9bc947; margin-bottom: 15px;\">Schutz vor Feuchtigkeit und hohem elektrischem Druck<\/h2>\n<ul>\n<li>UV-LED-Weichharz<\/li>\n<li>Hohe Viskosit\u00e4t<\/li>\n<\/ul>\n<h5>ABchimie 42K-UV LED<\/h5>\n<p>Ist ein weiches, UV-h\u00e4rtendes Einkomponentenharz, das auf vielen Untergr\u00fcnden gut haftet. Es kann in hohen Schichtdicken (einige mm) aufgetragen werden. Seine Aush\u00e4rtung erfolgt sofort mit UV-LED-Strahlen.<\/p>\n<p><strong>ABchimie 42K-UV LED<\/strong> bietet einen lokalen Schutz f\u00fcr Ihre Komponenten, insbesondere gegen Feuchtigkeit und hohen elektrischen Druck. Sie kann auch eingesetzt werden, um Ihren Systemen mehr Robustheit zu verleihen. Zugelassen nach <strong>UL94 V0<\/strong> (QMJU2-E308681)<\/p>\n<p><a href=\"https:\/\/abchimie.com\/\" target=\"_blank\" rel=\"noopener\"><img decoding=\"async\" class=\"alignnone responsive-img wp-image-2452\" src=\"https:\/\/inventec.dehon.com\/wp-content\/uploads\/2021\/04\/Logo-ABCHIMIE-GR.png\" rel=\"inv-colorbox\" title=\"ABCHIMIE 42K-UV LED\" alt=\"ABchimie 42K-UV LED\" width=\"150\" height=\"89\" srcset=\"https:\/\/www.inventec.dehon.com\/wp-content\/uploads\/2021\/04\/Logo-ABCHIMIE-GR.png 6545w, https:\/\/www.inventec.dehon.com\/wp-content\/uploads\/2021\/04\/Logo-ABCHIMIE-GR-300x178.png 300w, https:\/\/www.inventec.dehon.com\/wp-content\/uploads\/2021\/04\/Logo-ABCHIMIE-GR-1024x607.png 1024w, https:\/\/www.inventec.dehon.com\/wp-content\/uploads\/2021\/04\/Logo-ABCHIMIE-GR-768x455.png 768w, https:\/\/www.inventec.dehon.com\/wp-content\/uploads\/2021\/04\/Logo-ABCHIMIE-GR-1536x911.png 1536w, https:\/\/www.inventec.dehon.com\/wp-content\/uploads\/2021\/04\/Logo-ABCHIMIE-GR-2048x1214.png 2048w, https:\/\/www.inventec.dehon.com\/wp-content\/uploads\/2021\/04\/Logo-ABCHIMIE-GR-600x356.png 600w\" sizes=\"(max-width: 150px) 100vw, 150px\" \/><\/a><\/p>\n","protected":false},"excerpt":{"rendered":"<ul>\n<li>UV-LED-Weichharz<\/li>\n<li>Hohe Viskosit\u00e4t<\/li>\n<\/ul>\n","protected":false},"featured_media":24440,"comment_status":"closed","ping_status":"closed","template":"","meta":{"_acf_changed":false,"inline_featured_image":false},"product_brand":[],"product_cat":[2870,819,2872],"product_tag":[1844,1843,1859,1780,1857,4647,4278,4651,5390,1858,4635,3747,4434,5460,4643,4454,5484,1796,1782,5508,5512,4671,5318,5488],"class_list":{"0":"post-10000","1":"product","2":"type-product","3":"status-publish","4":"has-post-thumbnail","6":"product_cat-abchimie-und-inventec-partnerschaft","7":"product_cat-beschichtungen","8":"product_cat-uv-hartende-konforme-beschichtungen","9":"product_tag-42k-de","10":"product_tag-42k-uv-de","11":"product_tag-42k-uv-led-de","12":"product_tag-abchimie-de","13":"product_tag-abchimie-42k-uv-led-de","14":"product_tag-aushaertung","15":"product_tag-beschichtungen-de","16":"product_tag-elektronische-bauteile","17":"product_tag-hohe-viskositaet","18":"product_tag-led-de","19":"product_tag-mit-pinsel-auftragen","20":"product_tag-pcb-de","21":"product_tag-rohs","22":"product_tag-schutzbeschichtungen","23":"product_tag-selektiv-spruehen","24":"product_tag-spray","25":"product_tag-strahlung","26":"product_tag-uv-de","27":"product_tag-uv-led-de","28":"product_tag-uv-led-strahlung","29":"product_tag-uv-led-weichharz","30":"product_tag-uv-tracer","31":"product_tag-voc-frei-de","32":"product_tag-weiches-harz","33":"pa_application-pcb-elektronische-bauteile","34":"pa_brand-abchimie-de-2","35":"pa_features-uv-tracer-de","36":"pa_features-voc-frei","37":"pa_processes-auftrag-durch-selektives-spruhen","38":"pa_processes-auftrag-mit-pinsel","39":"pa_processes-aushartung-mit-uv-led","40":"pa_product-category-konforme-beschichtung","42":"first","43":"instock","44":"shipping-taxable","45":"product-type-simple"},"acf":[],"_links":{"self":[{"href":"https:\/\/www.inventec.dehon.com\/de\/wp-json\/wp\/v2\/product\/10000","targetHints":{"allow":["GET"]}}],"collection":[{"href":"https:\/\/www.inventec.dehon.com\/de\/wp-json\/wp\/v2\/product"}],"about":[{"href":"https:\/\/www.inventec.dehon.com\/de\/wp-json\/wp\/v2\/types\/product"}],"replies":[{"embeddable":true,"href":"https:\/\/www.inventec.dehon.com\/de\/wp-json\/wp\/v2\/comments?post=10000"}],"wp:featuredmedia":[{"embeddable":true,"href":"https:\/\/www.inventec.dehon.com\/de\/wp-json\/wp\/v2\/media\/24440"}],"wp:attachment":[{"href":"https:\/\/www.inventec.dehon.com\/de\/wp-json\/wp\/v2\/media?parent=10000"}],"wp:term":[{"taxonomy":"product_brand","embeddable":true,"href":"https:\/\/www.inventec.dehon.com\/de\/wp-json\/wp\/v2\/product_brand?post=10000"},{"taxonomy":"product_cat","embeddable":true,"href":"https:\/\/www.inventec.dehon.com\/de\/wp-json\/wp\/v2\/product_cat?post=10000"},{"taxonomy":"product_tag","embeddable":true,"href":"https:\/\/www.inventec.dehon.com\/de\/wp-json\/wp\/v2\/product_tag?post=10000"}],"curies":[{"name":"wp","href":"https:\/\/api.w.org\/{rel}","templated":true}]}}