{"id":7513,"date":"2021-12-03T07:24:29","date_gmt":"2021-12-03T07:24:29","guid":{"rendered":"https:\/\/www.inventec.dehon.com\/lageplan\/"},"modified":"2026-01-06T10:55:21","modified_gmt":"2026-01-06T09:55:21","slug":"lageplan","status":"publish","type":"page","link":"https:\/\/www.inventec.dehon.com\/de\/lageplan\/","title":{"rendered":"Lageplan"},"content":{"rendered":"<h5>Wir haben hart daran gearbeitet, Ihnen die beste Kundenerfahrung zu bieten, wenn Sie unsere Inventec Website besuchen und Ihnen unsere L\u00f6t-, Reinigungs- und Beschichtungsprodukte und -dienstleistungen f\u00fcr Industrien, die nach hochzuverl\u00e4ssigen L\u00f6sungen suchen, pr\u00e4sentieren.<\/h5>\n<h5>Sollten Sie sich dennoch verirren, hilft Ihnen diese Seite, den Weg zu finden.<\/h5>\n<p>&nbsp;<\/p>\n<h4 class=\"mb-3\"><a href=\"https:\/\/www.inventec.dehon.com\/de\/\">Homepage<\/a><\/h4>\n<h4>L\u00f6sungen<\/h4>\n<ul>\n<li><a href=\"https:\/\/www.inventec.dehon.com\/de\/solutions\/loten\/\">L\u00f6ten<\/a>\n<ul>\n<li><a href=\"https:\/\/www.inventec.dehon.com\/de\/solutions\/loten\/smt-lotpasten\/\">SMT-L\u00f6tpasten<\/a>\n<ul>\n<li><a href=\"https:\/\/www.inventec.dehon.com\/de\/solutions\/loten\/hochzuverlassige-smt-lotpasten\/\">Hochzuverl\u00e4ssige L\u00f6tpasten<\/a><\/li>\n<li><a href=\"https:\/\/www.inventec.dehon.com\/de\/solutions\/loten\/losungen-fur-jet-druck-und-lotpastendosierung\/\">L\u00f6sungen f\u00fcr Jet-Druck und L\u00f6tpastendosierung<\/a><\/li>\n<li><a href=\"https:\/\/www.inventec.dehon.com\/de\/solutions\/loten\/losungen-fur-silberarmen-und-silberfreien-lotpasten\/\">Silberarme und silberfreie Lotpaste<\/a><\/li>\n<li><a href=\"https:\/\/www.inventec.dehon.com\/de\/solutions\/loten\/losungen-fur-niedertemperatur-lotpasten\/\">Niedertemperatur-L\u00f6tpasten<\/a><\/li>\n<li><a href=\"https:\/\/www.inventec.dehon.com\/de\/solutions\/loten\/lotpastenlosungen-mit-geringer-hohlraumbildung\/\">Lotpaste mit geringer Hohlraumbildung<\/a><\/li>\n<li><a href=\"https:\/\/www.inventec.dehon.com\/de\/solutions\/loten\/lotpastenlosungen-fur-die-miniaturisierung\/\">Lotpastenl\u00f6sungen f\u00fcr die Miniaturisierung<\/a><\/li>\n<li><a href=\"https:\/\/www.inventec.dehon.com\/de\/solutions\/loten\/lotpastelosungen-fur-hochvolumen-leiterplattenbestuckung\/\">Robuste Lotpaste f\u00fcr die Baugruppenmontage<\/a><\/li>\n<li><a href=\"https:\/\/www.inventec.dehon.com\/de\/solutions\/loten\/losungen-fur-wasserlosliche-lotpaste\/\">Wasserl\u00f6sliche L\u00f6tpasten<\/a><\/li>\n<\/ul>\n<\/li>\n<li><a href=\"https:\/\/www.inventec.dehon.com\/de\/solutions\/loten\/lotflussmittel\/\">L\u00f6tflussmittel<\/a>\n<ul>\n<li><a href=\"https:\/\/www.inventec.dehon.com\/de\/solutions\/loten\/flussmittel-fur-das-wellenloten\/\">Wellenl\u00f6t-Flussmittel<\/a><\/li>\n<li><a href=\"https:\/\/www.inventec.dehon.com\/de\/solutions\/loten\/flussmittel-fur-das-selektivloten\/\">Selektivl\u00f6t-Flussmittel<\/a><\/li>\n<li><a href=\"https:\/\/www.inventec.dehon.com\/de\/solutions\/loten\/tacky-flux-hochviskose-flussmittellosungen\/\">Tacky Flux<\/a><\/li>\n<li><a href=\"https:\/\/www.inventec.dehon.com\/de\/solutions\/loten\/flussmittel-fur-das-verzinnen\/\">Verzinnungs-Flussmittel<\/a><\/li>\n<\/ul>\n<li><a href=\"https:\/\/www.inventec.dehon.com\/de\/solutions\/loten\/halbleiter-losungen\/\">Halbleiter-L\u00f6sungen<\/a>\n<ul>\n<li><a href=\"https:\/\/www.inventec.dehon.com\/de\/solutions\/loten\/ball-attach-verpackungsprozess-fur-halbleiter\/\">Ball-Attach-Prozess<\/a><\/li>\n<li><a href=\"https:\/\/www.inventec.dehon.com\/de\/solutions\/loten\/die-attach-verpackungsprozess-fur-halbleiter\/\">Die-Attach-Prozess<\/a><\/li>\n<li><a href=\"https:\/\/www.inventec.dehon.com\/de\/solutions\/loten\/flip-chip-und-csp-verpackungsprozess-fur-halbleiter\/\">Flip Chip &amp; CSP<\/a><\/li>\n<li><a href=\"https:\/\/www.inventec.dehon.com\/de\/solutions\/loten\/pop-montageprozess-fur-halbleiter\/\">PoP-Montage<\/a><\/li>\n<li><a href=\"https:\/\/www.inventec.dehon.com\/de\/solutions\/loten\/system-in-package-fertigungsprozess-fur-halbleiter\/\">System-in-Package (SIP)<\/a><\/li>\n<li><a href=\"https:\/\/www.inventec.dehon.com\/de\/solutions\/loten\/gehausemontage-fur-halbleiter\/\">Geh\u00e4usemontage<\/a><\/li>\n<\/ul>\n<\/li>\n<li><a href=\"https:\/\/www.inventec.dehon.com\/de\/solutions\/loten\/sinterlosungen\/\">Sinterl\u00f6sungen<\/a><\/li>\n<li><a href=\"https:\/\/www.inventec.dehon.com\/de\/solutions\/loten\/losungen-fur-nacharbeit-und-reparatur\/\">L\u00f6sungen f\u00fcr Nacharbeit und Reparatur<\/a>\n<ul>\n<li><a href=\"https:\/\/www.inventec.dehon.com\/de\/solutions\/loten\/reparaturlosungen-fur-lotflussmittel\/\">Reparaturl\u00f6sungen f\u00fcr L\u00f6tflussmittel<\/a><\/li>\n<li><a href=\"https:\/\/www.inventec.dehon.com\/de\/solutions\/loten\/reparaturlosungen-fur-lotpaste\/\">Reparaturl\u00f6sungen f\u00fcr L\u00f6tpaste<\/a><\/li>\n<\/ul>\n<\/li>\n<li><a href=\"https:\/\/www.inventec.dehon.com\/de\/solutions\/loten\/ec-rat-korrosionsdetektion\/\">EC-RAT Korrosionsdetektion<\/a>\n<ul>\n<li><a href=\"https:\/\/www.inventec.dehon.com\/de\/solutions\/loten\/ec-rat-korrosionsdetektion\/#inventec-ueber-ec-rat\">\u00dcber EC-RAT<\/a><\/li>\n<li><a href=\"https:\/\/www.inventec.dehon.com\/de\/solutions\/loten\/ec-rat-korrosionsdetektion\/#inventec-quantiflux\">QUANTIFLUX<\/a><\/li>\n<li><a href=\"https:\/\/www.inventec.dehon.com\/de\/solutions\/loten\/ec-rat-korrosionsdetektion\/#inventec-residues-rat\">RESIDUES RAT<\/a><\/li>\n<li><a href=\"https:\/\/www.inventec.dehon.com\/de\/solutions\/loten\/ec-rat-korrosionsdetektion\/#inventec-tin-rat\">TIN RAT<\/a><\/li>\n<\/ul>\n<\/li>\n<\/ul>\n<\/li>\n<li><a href=\"https:\/\/www.inventec.dehon.com\/de\/solutions\/reinigung\/\">Reinigung<\/a>\n<ul>\n<li><a href=\"https:\/\/www.inventec.dehon.com\/de\/solutions\/reinigung\/reinigung-von-elektronik-und-halbleitern\/\">Reinigung von Elektronik und Halbleitern<\/a>\n<ul>\n<li><a href=\"https:\/\/www.inventec.dehon.com\/de\/solutions\/reinigung\/reinigung-und-flussmittelentfernung-von-leiterplatten\/\">Reinigung und Flussmittelentfernung von Leiterplatten<\/a><\/li>\n<li><a href=\"https:\/\/www.inventec.dehon.com\/de\/solutions\/reinigung\/reinigung-von-leistungselektronik\/\">Reinigung von Leistungselektronik<\/a><\/li>\n<li><a href=\"https:\/\/www.inventec.dehon.com\/de\/solutions\/reinigung\/reinigung-von-halbleiterverpackungen\/\">Reinigung von Halbleiterverpackunge<\/a><\/li>\n<li><a href=\"https:\/\/www.inventec.dehon.com\/de\/solutions\/reinigung\/reinigung-von-wartungsarbeiten\/\">Reinigung von Wartungsarbeiten<\/a><\/li>\n<li><a href=\"https:\/\/www.inventec.dehon.com\/de\/solutions\/reinigung\/reinigung-von-smt-kleber\/\">Reinigung von SMT-Kleber<\/a><\/li>\n<li><a href=\"https:\/\/www.inventec.dehon.com\/de\/solutions\/reinigung\/reinigung-von-fehldrucken-und-schablonen\/\">Reinigung von Fehldrucken und Schablonen<\/a><\/li>\n<\/ul>\n<\/li>\n<li><a href=\"https:\/\/www.inventec.dehon.com\/de\/solutions\/reinigung\/losungsmittel-zum-spulen-und-trocknen\/\">L\u00f6sungsmittel zum Sp\u00fclen und Trocknen<\/a>\n<ul>\n<li><a href=\"https:\/\/www.inventec.dehon.com\/de\/solutions\/reinigung\/losungsmittel-zum-spulen\/\">L\u00f6sungsmittel zum Sp\u00fclen<\/a><\/li>\n<li><a href=\"https:\/\/www.inventec.dehon.com\/de\/solutions\/reinigung\/losungsmittel-zum-trocknen\/\">L\u00f6sungsmittel zum Trocknen<\/a><\/li>\n<\/ul>\n<\/li>\n<li><a href=\"https:\/\/www.inventec.dehon.com\/de\/solutions\/reinigung\/entfettung\/\">Entfettung und Wachsentfernung<\/a>\n<ul>\n<li><a href=\"https:\/\/www.inventec.dehon.com\/de\/solutions\/reinigung\/olentfernung-von-verschiedenen-metallkomponenten\/\">\u00d6lentfernung<\/a><\/li>\n<li><a href=\"https:\/\/www.inventec.dehon.com\/de\/solutions\/reinigung\/fettentfernung-von-verschiedenen-metallkomponenten\/\">Fettentfernung<\/a><\/li>\n<li><a href=\"https:\/\/www.inventec.dehon.com\/de\/solutions\/reinigung\/entfernung-von-wachs\/\">Entfernung von Wachs<\/a><\/li>\n<\/ul>\n<\/li>\n<li><a href=\"https:\/\/www.inventec.dehon.com\/de\/solutions\/reinigung\/entfernung-von-partikeln\/\">Entfernung von Partikeln<\/a><\/li>\n<li><a href=\"https:\/\/www.inventec.dehon.com\/de\/solutions\/reinigung\/abbeizen-entoxidation\/\">Abbeizen &#038; Entoxidation<\/a><\/li>\n<li><a href=\"https:\/\/www.inventec.dehon.com\/de\/solutions\/reinigung\/entfernung-von-poliermitteln\/\">Entfernung von Poliermitteln<\/a>\n<ul>\n<li><a href=\"https:\/\/www.inventec.dehon.com\/de\/solutions\/reinigung\/entfernung-von-diamant-poliersuspension\/\">Entfernung von Diamant-Poliersuspension<\/a><\/li>\n<li><a href=\"https:\/\/www.inventec.dehon.com\/de\/solutions\/reinigung\/entfernung-von-polierpaste\/\">Entfernung von Polierpaste<\/a><\/li>\n<\/ul>\n<\/li>\n<li><a href=\"https:\/\/www.inventec.dehon.com\/de\/solutions\/reinigung\/entfernung-von-polymeren-harzen\/\">Entfernung von Polymeren &#038; Harzen<\/a><\/li>\n<li><a href=\"https:\/\/www.inventec.dehon.com\/de\/solutions\/reinigung\/sauerstoff-teilereinigung\/\">Sauerstoff Teilereinigung<\/a><\/li>\n<li><a href=\"https:\/\/www.inventec.dehon.com\/de\/solutions\/reinigung\/additive-fertigungslosungen\/\">Additive Fertigungsl\u00f6sungen<\/a><\/li>\n<\/ul>\n<\/li>\n<li><a href=\"https:\/\/www.inventec.dehon.com\/de\/solutions\/beschichtungen\/\">Beschichtungen<\/a>\n<ul>\n<li><a href=\"https:\/\/www.inventec.dehon.com\/de\/solutions\/beschichtungen\/konforme-beschichtungen\/\">Konforme Beschichtungen<\/a>\n<ul>\n<li><a href=\"https:\/\/www.inventec.dehon.com\/de\/solutions\/beschichtungen\/abchimie-und-inventec-partnerschaft\/\">ABchimie &amp; Inventec Partnerschaft<\/a><\/li>\n<li><a href=\"https:\/\/www.inventec.dehon.com\/de\/solutions\/beschichtungen\/warmehartende-konforme-beschichtungen\/\">W\u00e4rmeh\u00e4rtende konforme Beschichtungen<\/a><\/li>\n<li><a href=\"https:\/\/www.inventec.dehon.com\/de\/solutions\/beschichtungen\/uv-hartende-konforme-beschichtungen\/\">UV-h\u00e4rtende konforme Beschichtungen<\/a><\/li>\n<\/ul>\n<\/li>\n<li><a href=\"https:\/\/www.inventec.dehon.com\/de\/solutions\/beschichtungen\/ultra-dunne-beschichtungen\/\">Ultra-d\u00fcnne Beschichtungen<\/a><\/li>\n<\/ul>\n<\/li>\n<li><a href=\"https:\/\/www.inventec.dehon.com\/de\/solutions\/kuhlung\/\">K\u00fchlung<\/a>\n<ul>\n<li><a href=\"https:\/\/www.inventec.dehon.com\/de\/solutions\/kuhlung\/eintauchkuhlung\/\">Eintauchk\u00fchlung<\/a>\n<li><a href=\"https:\/\/www.inventec.dehon.com\/de\/solutions\/kuhlung\/direktkuhlung\/\">Direktk\u00fchlung<\/a>\n<\/li>\n<li><a href=\"https:\/\/www.inventec.dehon.com\/de\/solutions\/kuhlung\/kaltwassersatze\/\">Kaltwassers\u00e4tze<\/a>\n<li><a href=\"https:\/\/www.inventec.dehon.com\/de\/solutions\/kuhlung\/dielektrische-prufung\/\">Dielektrische Pr\u00fcfung<\/a>\n<\/li>\n<\/ul>\n<\/li>\n<li><a href=\"https:\/\/www.inventec.dehon.com\/de\/dienstleistungen\/\">Dienstleistungen<\/a>\n<ul>\n<li><a href=\"https:\/\/www.inventec.dehon.com\/de\/dienstleistungen\/ecoprogram\/\">Ecoprogramm<\/a><\/li>\n<li><a href=\"https:\/\/www.inventec.dehon.com\/de\/dienstleistungen\/kostenfreier-reinigungstest\/\">Kostenfreier Reinigungstest<\/a><\/li>\n<\/ul>\n<\/li>\n<\/ul>\n<h4>Branchen<\/h4>\n<ul>\n<li><a href=\"https:\/\/inventec.dehon.com\/industries\/automotive\/\">Automobil<\/a>\n<ul>\n<li><a href=\"https:\/\/www.inventec.dehon.com\/de\/industries\/antriebsstrang\/\">Antriebsstrang<\/a><\/li>\n<li><a href=\"https:\/\/www.inventec.dehon.com\/de\/industries\/komfort-fahrhilfe-adas\/\">Komfort und Fahrassistenz (ADAS)<\/a><\/li>\n<li><a href=\"https:\/\/www.inventec.dehon.com\/de\/industries\/batteriepaket-ladeanschluss\/\">Batteriepaket &amp; Ladeanschluss<\/a><\/li>\n<li><a href=\"https:\/\/inventec.dehon.com\/industries\/charging-station\/\">Ladestation<\/a><\/li>\n<li><a href=\"https:\/\/www.inventec.dehon.com\/de\/industries\/chassis-rader-und-lenkung\/\">Chassis, R\u00e4der und Lenkung<\/a><\/li>\n<li><a href=\"https:\/\/www.inventec.dehon.com\/de\/industries\/beleuchtung\/\">Beleuchtung<\/a><\/li>\n<\/ul>\n<\/li>\n<li><a href=\"https:\/\/www.inventec.dehon.com\/de\/industries\/luft-und-raumfahrt-verteidigung\/\">Luft- und Raumfahrt &amp; Verteidigung<\/a>\n<ul>\n<li><a href=\"https:\/\/inventec.dehon.com\/industries\/aerosystems\/\">Aerosysteme<\/a><\/li>\n<li><a href=\"https:\/\/www.inventec.dehon.com\/de\/industries\/elektronik-und-elektrische-systeme\/\">Elektronik und elektrische Systeme<\/a><\/li>\n<li><a href=\"https:\/\/www.inventec.dehon.com\/de\/industries\/motoren\/\">Motoren<\/a><\/li>\n<li><a href=\"https:\/\/inventec.dehon.com\/industries\/landing-systems\/\">Landing-Systeme<\/a><\/li>\n<li><a href=\"https:\/\/www.inventec.dehon.com\/de\/industries\/wartung\/\">Wartung<\/a><\/li>\n<li><a href=\"https:\/\/www.inventec.dehon.com\/de\/industries\/optik\/\">Optik<\/a><\/li>\n<\/ul>\n<\/li>\n<li><a href=\"https:\/\/www.inventec.dehon.com\/de\/industries\/medizintechnik\/\">Medizinische<\/a>\n<ul>\n<li><a href=\"https:\/\/www.inventec.dehon.com\/de\/industries\/horgerate-gerate\/\">H\u00f6rger\u00e4te-Ger\u00e4te<\/a><\/li>\n<li><a href=\"https:\/\/www.inventec.dehon.com\/de\/industries\/implantate\/\">Implantate<\/a><\/li>\n<li><a href=\"https:\/\/www.inventec.dehon.com\/de\/industries\/medizinische-gerate-scanner\/\">Medizinische Ger\u00e4te und Scanner<\/a><\/li>\n<li><a href=\"https:\/\/www.inventec.dehon.com\/de\/industries\/nadeln\/\">Nadeln<\/a><\/li>\n<li><a href=\"https:\/\/www.inventec.dehon.com\/de\/industries\/sauerstoffinstallationen\/\">Sauerstoff-Installationen<\/a><\/li>\n<li><a href=\"https:\/\/www.inventec.dehon.com\/de\/industries\/chirurgische-instrumente-werkzeuge\/\">Chirurgische Instrumente und Werkzeuge<\/a><\/li>\n<\/ul>\n<\/li>\n<\/ul>\n<h4>Unser Unternehmen<\/h4>\n<ul>\n<li><a href=\"https:\/\/www.inventec.dehon.com\/de\/ueber-inventec\/\">\u00dcber Inventec<\/a><\/li>\n<li><a href=\"https:\/\/www.inventec.dehon.com\/de\/jobs\/\">Arbeitspl\u00e4tze bei Inventec<\/a><\/li>\n<\/ul>\n<h4>Nachhaltigkeit<\/h4>\n<ul>\n<li><a href=\"https:\/\/www.inventec.dehon.com\/de\/greenway\/\">Greenway<\/a><\/li>\n<li><a href=\"https:\/\/www.inventec.dehon.com\/de\/schutz-von-gesundheit-und-umwelt\/\">Gesundheit- und Umweltschutz<\/a><\/li>\n<li><a href=\"https:\/\/www.inventec.dehon.com\/de\/verordnungen\/\">Verordnungen<\/a><\/li>\n<\/ul>\n<h4 class=\"mb-3\"><a href=\"https:\/\/www.inventec.dehon.com\/de\/ortungsgeraet\/\">Standortbestimmung<\/a><\/h4>\n<h4 class=\"mb-3\"><a href=\"https:\/\/www.inventec.dehon.com\/de\/rechtliche-informationen-datenschutzhinweis\/\">Rechtliche Informationen &amp; Datenschutzhinweis<\/a><\/h4>\n<h4 class=\"mb-3\"><a href=\"https:\/\/www.inventec.dehon.com\/de\/nachrichten\/\">Nachrichten<\/a><\/h4>\n<ul>\n<li><a href=\"https:\/\/www.inventec.dehon.com\/de\/category\/corporate-de\/\">Corporate<\/a><\/li>\n<li><a href=\"https:\/\/www.inventec.dehon.com\/de\/category\/dienstleistungen\/\">Dienstleistungen<\/a><\/li>\n<li><a href=\"https:\/\/www.inventec.dehon.com\/de\/category\/produkte\/\">Produkte<\/a><\/li>\n<li><a href=\"https:\/\/www.inventec.dehon.com\/de\/category\/veranstaltungen\/\">Veranstaltungen<\/a><\/li>\n<\/ul>\n<h4 class=\"mb-3\"><a href=\"https:\/\/www.inventec.dehon.com\/de\/auf-der-suche-nach-einem-ersatz-fuer-3m-novec\/\">Auf der Suche nach einem Ersatz f\u00fcr 3M Novec<\/a><\/h4>\n<ul>\n<li><a href=\"https:\/\/www.inventec.dehon.com\/de\/auf-der-suche-nach-einem-ersatz-fuer-3m-novec\/reinigungslosungen-fuer-den-ersatz-von-3m-novec\/\">Reinigungsl\u00f6sungen f\u00fcr den Ersatz von 3M Novec<\/a><\/li>\n<li><a href=\"https:\/\/www.inventec.dehon.com\/de\/auf-der-suche-nach-einem-ersatz-fuer-3m-novec\/beschichtungslosungen-fuer-den-ersatz-von-3m-novec\/\">Beschichtungsl\u00f6sungen f\u00fcr den Ersatz von 3M Novec<\/a><\/li>\n<li><a href=\"https:\/\/www.inventec.dehon.com\/de\/auf-der-suche-nach-einem-ersatz-fuer-3m-novec\/kuhllosungen-fuer-den-ersatz-von-3m-novec\/\">K\u00fchll\u00f6sungen f\u00fcr den Ersatz von 3M Novec<\/a><\/li>\n<\/ul>\n<h4 class=\"mb-3\"><a href=\"https:\/\/www.inventec.dehon.com\/de\/suche\/\">Suche<\/a><\/h4>\n<h4 class=\"mb-3\"><a href=\"https:\/\/www.inventec.dehon.com\/de\/kontakt\/\">Kontakt<\/a><\/h4>\n","protected":false},"excerpt":{"rendered":"<p>Wir haben hart daran gearbeitet, Ihnen die beste Kundenerfahrung zu bieten, wenn Sie unsere Inventec Website besuchen und Ihnen unsere L\u00f6t-, Reinigungs- und Beschichtungsprodukte und -dienstleistungen f\u00fcr Industrien, die nach hochzuverl\u00e4ssigen L\u00f6sungen suchen, pr\u00e4sentieren. Sollten Sie sich dennoch verirren, hilft Ihnen diese Seite, den Weg zu finden. &nbsp; Homepage L\u00f6sungen L\u00f6ten SMT-L\u00f6tpasten Hochzuverl\u00e4ssige L\u00f6tpasten L\u00f6sungen<\/p>\n","protected":false},"author":19,"featured_media":0,"parent":0,"menu_order":0,"comment_status":"closed","ping_status":"closed","template":"","meta":{"_acf_changed":false,"inline_featured_image":false,"footnotes":""},"class_list":["post-7513","page","type-page","status-publish","hentry"],"acf":[],"_links":{"self":[{"href":"https:\/\/www.inventec.dehon.com\/de\/wp-json\/wp\/v2\/pages\/7513","targetHints":{"allow":["GET"]}}],"collection":[{"href":"https:\/\/www.inventec.dehon.com\/de\/wp-json\/wp\/v2\/pages"}],"about":[{"href":"https:\/\/www.inventec.dehon.com\/de\/wp-json\/wp\/v2\/types\/page"}],"author":[{"embeddable":true,"href":"https:\/\/www.inventec.dehon.com\/de\/wp-json\/wp\/v2\/users\/19"}],"replies":[{"embeddable":true,"href":"https:\/\/www.inventec.dehon.com\/de\/wp-json\/wp\/v2\/comments?post=7513"}],"version-history":[{"count":61,"href":"https:\/\/www.inventec.dehon.com\/de\/wp-json\/wp\/v2\/pages\/7513\/revisions"}],"predecessor-version":[{"id":34056,"href":"https:\/\/www.inventec.dehon.com\/de\/wp-json\/wp\/v2\/pages\/7513\/revisions\/34056"}],"wp:attachment":[{"href":"https:\/\/www.inventec.dehon.com\/de\/wp-json\/wp\/v2\/media?parent=7513"}],"curies":[{"name":"wp","href":"https:\/\/api.w.org\/{rel}","templated":true}]}}