{"id":7503,"date":"2021-12-03T07:24:28","date_gmt":"2021-12-03T07:24:28","guid":{"rendered":"https:\/\/www.inventec.dehon.com\/dienstleistungen\/oekoprogramm\/"},"modified":"2026-03-10T09:58:56","modified_gmt":"2026-03-10T08:58:56","slug":"ecoprogram","status":"publish","type":"page","link":"https:\/\/www.inventec.dehon.com\/de\/dienstleistungen\/ecoprogram\/","title":{"rendered":"ECOPROGRAM"},"content":{"rendered":"","protected":false},"excerpt":{"rendered":"<p>Unser L\u00f6sungsmittelr\u00fcckgewinnungs- und -recyclingdienst zur Unterst\u00fctzung Ihrer Nachhaltigkeitsziele<\/p>\n","protected":false},"author":19,"featured_media":2108,"parent":7480,"menu_order":0,"comment_status":"closed","ping_status":"closed","template":"page-templates\/builder.php","meta":{"_acf_changed":false,"inline_featured_image":false,"footnotes":""},"class_list":["post-7503","page","type-page","status-publish","has-post-thumbnail","hentry"],"acf":[],"_links":{"self":[{"href":"https:\/\/www.inventec.dehon.com\/de\/wp-json\/wp\/v2\/pages\/7503","targetHints":{"allow":["GET"]}}],"collection":[{"href":"https:\/\/www.inventec.dehon.com\/de\/wp-json\/wp\/v2\/pages"}],"about":[{"href":"https:\/\/www.inventec.dehon.com\/de\/wp-json\/wp\/v2\/types\/page"}],"author":[{"embeddable":true,"href":"https:\/\/www.inventec.dehon.com\/de\/wp-json\/wp\/v2\/users\/19"}],"replies":[{"embeddable":true,"href":"https:\/\/www.inventec.dehon.com\/de\/wp-json\/wp\/v2\/comments?post=7503"}],"version-history":[{"count":8,"href":"https:\/\/www.inventec.dehon.com\/de\/wp-json\/wp\/v2\/pages\/7503\/revisions"}],"predecessor-version":[{"id":35165,"href":"https:\/\/www.inventec.dehon.com\/de\/wp-json\/wp\/v2\/pages\/7503\/revisions\/35165"}],"up":[{"embeddable":true,"href":"https:\/\/www.inventec.dehon.com\/de\/wp-json\/wp\/v2\/pages\/7480"}],"wp:featuredmedia":[{"embeddable":true,"href":"https:\/\/www.inventec.dehon.com\/de\/wp-json\/wp\/v2\/media\/2108"}],"wp:attachment":[{"href":"https:\/\/www.inventec.dehon.com\/de\/wp-json\/wp\/v2\/media?parent=7503"}],"curies":[{"name":"wp","href":"https:\/\/api.w.org\/{rel}","templated":true}]}}