{"id":7488,"date":"2021-12-03T07:24:28","date_gmt":"2021-12-03T07:24:28","guid":{"rendered":"https:\/\/www.inventec.dehon.com\/rechtliche-informationen-datenschutzhinweis\/"},"modified":"2021-12-03T07:52:35","modified_gmt":"2021-12-03T07:52:35","slug":"rechtliche-informationen-datenschutzhinweis","status":"publish","type":"page","link":"https:\/\/www.inventec.dehon.com\/de\/rechtliche-informationen-datenschutzhinweis\/","title":{"rendered":"Rechtliche Informationen &amp; Datenschutzhinweis"},"content":{"rendered":"<p><strong>Die Website, die Sie gerade betrachten, ist Eigentum von:  <\/strong><br \/>\nINVENTEC PERFORMANCE CHEMICALS SAS &#8211; 26 Rue des Coulons 94 360 Bry sur marne, Frankreich<br \/>\nKapital Soziales: 600 000 \u20ac<br \/>\nSIREN-Nr.: 964 500 706 Creteil<br \/>\nKontakt-E-Mail-Adresse: dpo@ dehon.com<br \/>\nInnergemeinschaftliche MwSt.-Nr. FR 84 964 500 706<\/p>\n<p><span style=\"text-decoration: underline;\">Links zu anderen Websites<\/span><br \/>\nDie auf der Website von Inventec als Links angebotenen Seiten werden von Unternehmen oder Personen erstellt, auf die Inventec keinen Einfluss hat. Folglich k\u00f6nnen diese Websites ihre eigenen Cookies auf den Computern der Besucher der Inventec-Website platzieren und personenbezogene Daten sammeln (oder anfordern). Die Firma Inventec kann nicht f\u00fcr den Inhalt dieser Seiten und die Nutzung durch die Benutzer verantwortlich gemacht werden. Geistiges Eigentum Der Zugang zu unserer Website gibt Ihnen ein privates und nicht-exklusives Recht, diese Website zu nutzen. Alle auf dieser Website ver\u00f6ffentlichten Elemente, darunter Texte, Fotos, Grafiken, Logos, Marken &#8230; stellen Werke im Sinne des Gesetzes \u00fcber geistiges Eigentum dar. Folglich ist jede vollst\u00e4ndige oder teilweise Wiedergabe oder Reproduktion, die ohne die Zustimmung der Urheber oder ihrer Erben erfolgen k\u00f6nnte, rechtswidrig.<\/p>\n<p>Unterbringung : Online SAS<br \/>\nSoci\u00e9t\u00e9 par Actions Simplifi\u00e9e mit einem Kapital von 214 410,50 Euro<br \/>\nSIREN: 433 115 904 RCS Paris &#8211; N\u00b0 TVA: FR 35 433115904<br \/>\nSi\u00e8ge social : 8 rue de la Ville l&#8217;Ev\u00eaque, 75008 Paris, Frankreich<\/p>\n<p>&nbsp;<\/p>\n<h3>Datenschutzrichtlinie<\/h3>\n<h5>1. Die Bedeutung des Schutzes von personenbezogenen Daten<\/h5>\n<p>INVENTEC PERFORMANCE CHEMICALS SAS (mit Sitz in 26 rue des Coulons &#8211; 94 360 Bry Sur Marne und eingetragen unter der Nummer 964 500 706 im Handelsregister von Cr\u00e9teil) verpflichtet sich, Ihre Privatsph\u00e4re zu respektieren. Dieses Dokument soll Sie daher \u00fcber unsere Praktiken bei der Erhebung, Verwendung und Weitergabe personenbezogener Daten (die Daten) informieren. Wenn Sie Fragen zu unserer Politik haben, k\u00f6nnen Sie uns auch unter der oben genannten Postanschrift oder unter der folgenden E-Mail-Adresse kontaktieren: dpo@ dehon.com.<\/p>\n<h5>2. Die verarbeiteten Daten<\/h5>\n<p>Im Rahmen unserer T\u00e4tigkeit und je nach Art der Dienstleistungen, die wir f\u00fcr Sie erbringen, k\u00f6nnen wir folgende Sie betreffende Daten verarbeiten: Vor- und Nachname, Position im Unternehmen, Firmenname, Ihre E-Mail-Adresse, gesch\u00e4ftliche Telefonnummer, Gesch\u00e4ftsadresse, Stadt, Postleitzahl, Land und allgemein alle Informationen, die Sie uns freiwillig zur Verf\u00fcgung stellen.<\/p>\n<h5>3. Die Zwecke der Verarbeitung dieser Daten<\/h5>\n<p>Wir verarbeiten Ihre Daten f\u00fcr die folgenden Zwecke:<\/p>\n<ul>\n<li>Analyse und kontinuierliche Verbesserung unserer Dienstleistungen und Angebote;<\/li>\n<li>Durchf\u00fchrung von Vorg\u00e4ngen im Zusammenhang mit der Verwaltung unserer Kunden und Auftr\u00e4ge;<\/li>\n<li>mit Ihnen zu kommunizieren, um Ihnen Informationen \u00fcber unsere Produkte und Dienstleistungen zukommen zu lassen;<\/li>\n<li>Bewertung der Zufriedenheit der Nutzer unserer Website oder unserer Dienstleistungen;<\/li>\n<li>Entwicklung von Handelsstatistiken;<\/li>\n<li>Verwaltung und Schutz unserer Aktivit\u00e4ten und Standorte ;<\/li>\n<li>unsere Aktivit\u00e4ten zu leiten und zu verwalten;<\/li>\n<li>Verwalten und pflegen Sie unsere Datenbanken;<\/li>\n<li>Einhaltung und Bewertung der gesetzlichen Vorschriften. Zus\u00e4tzlich zu den F\u00e4llen, in denen Ihre Zustimmung eingeholt wurde, ist die Verarbeitung Ihrer Daten f\u00fcr die verschiedenen oben genannten Zwecke erforderlich:\n<ul>\n<li>um die Ausf\u00fchrung eines Vertrags sicherzustellen,<\/li>\n<li>um einer gesetzlichen Verpflichtung nachzukommen,<\/li>\n<li>zur Wahrung berechtigter Gesch\u00e4ftsinteressen (insbesondere zur Entwicklung neuer Dienstleistungen und Angebote, zur Verbesserung des Kundenservices, zur Kommunikation mit unseren Kunden und Partnern, zur Sicherung unserer Waren und Mitarbeiter&#8230;).<\/li>\n<\/ul>\n<\/li>\n<\/ul>\n<h5>4. Deine Rechte<\/h5>\n<p>Auf Ihre Anfrage hin stellen wir Ihnen eine Kopie aller Ihrer Daten und alle gesetzlich vorgeschriebenen Informationen zur Verf\u00fcgung. Falls die Erhebung Ihrer Daten auf Ihrer Einwilligung beruht, k\u00f6nnen Sie diese Einwilligung jederzeit widerrufen. Sie k\u00f6nnen auch fragen:<\/p>\n<ul>\n<li>Ihre Daten zu berichtigen, wenn sie sich als unrichtig, unvollst\u00e4ndig oder veraltet erweisen;<\/li>\n<li>Ihre Daten unter bestimmten Umst\u00e4nden zu l\u00f6schen. Bitte beachten Sie, dass wir insbesondere bei Vorliegen eines berechtigten Interesses oder zur Erf\u00fcllung einer rechtlichen Verpflichtung widersprechen k\u00f6nnen;<\/li>\n<li>die Verarbeitung Ihrer Daten einzuschr\u00e4nken, insbesondere im Falle eines Streits \u00fcber die Richtigkeit der Daten oder im Falle einer unrechtm\u00e4\u00dfigen Verwendung.<\/li>\n<\/ul>\n<p>Sie k\u00f6nnen sich jederzeit und ohne Angabe von Gr\u00fcnden gegen die Verarbeitung Ihrer Daten zu Werbezwecken und &#8211; vorbehaltlich legitimer Gr\u00fcnde &#8211; gegen jegliche Verarbeitung wehren.<\/p>\n<p>Sie k\u00f6nnen Ihre Rechte wahrnehmen, indem Sie einfach eine E-Mail an die oben angegebene Adresse senden, die eine lesbare Kopie Ihres Ausweises und, um Ihr Widerspruchsrecht auszu\u00fcben, eine Beschreibung der Gr\u00fcnde f\u00fcr den Widerspruch enthalten muss. Sie haben auch das Recht, sich bei den \u00f6rtlichen Datenschutzbeh\u00f6rden zu beschweren, wenn ein Versto\u00df gegen die geltenden Vorschriften zum Schutz personenbezogener Daten vorliegt, insbesondere gegen die EU-Datenschutzgrundverordnung Nr. 2016\/679.<\/p>\n<h5>5. Vertraulichkeit, internationale \u00dcbermittlung und Sicherheit<\/h5>\n<p>Wir setzen technische und organisatorische Ma\u00dfnahmen ein, um die Sicherheit der Verarbeitung Ihrer personenbezogenen Daten und deren Vertraulichkeit zu gew\u00e4hrleisten.<\/p>\n<p>Ihre Daten werden ohne Ihre Zustimmung nicht an Dritte weitergegeben, mit Ausnahme unserer Auftragsverarbeiter und anderer Unternehmen der DEHON-Gruppe. Die Auftragsverarbeiter werden nur auf unsere Weisung und in unserem Namen im Rahmen des mit ihnen geschlossenen Vertrags t\u00e4tig.<\/p>\n<p>Wir behalten uns jedoch das Recht vor, Ihre Daten auf Verlangen einer Verwaltungs- oder Justizbeh\u00f6rde offenzulegen oder wenn wir in gutem Glauben davon ausgehen, dass eine solche Offenlegung erforderlich ist, um geltende Gesetze oder Vorschriften einzuhalten.<\/p>\n<p>F\u00fcr den Fall, dass wir einen Teil Ihrer Daten au\u00dferhalb der Europ\u00e4ischen Union \u00fcbermitteln, stellen wir sicher, dass diese \u00dcbermittlung in \u00dcbereinstimmung mit den geltenden Vorschriften erfolgt (L\u00e4nder mit Angemessenheitsbeschl\u00fcssen, SCC&#8230;) und Ihnen ein ausreichendes Schutzniveau f\u00fcr Ihre Privatsph\u00e4re und die Grundrechte von Personen gem\u00e4\u00df der DSGVO garantiert.<\/p>\n<h5>6. Haltbarkeitsdauer<\/h5>\n<p>Die Dauer der Speicherung Ihrer personenbezogenen Daten ist unterschiedlich und richtet sich nach den folgenden Kriterien:<\/p>\n<ul>\n<li>den Zweck, f\u00fcr den wir sie verwenden &#8211; wir werden die Daten so lange aufbewahren, wie es f\u00fcr diesen Zweck erforderlich ist;<\/li>\n<li>Gesetzliche Verpflichtungen &#8211; Gesetze oder Vorschriften k\u00f6nnen eine Mindestfrist f\u00fcr die Speicherung Ihrer personenbezogenen Daten vorschreiben.<\/li>\n<\/ul>\n","protected":false},"excerpt":{"rendered":"<p>Die Website, die Sie gerade betrachten, ist Eigentum von: INVENTEC PERFORMANCE CHEMICALS SAS &#8211; 26 Rue des Coulons 94 360 Bry sur marne, Frankreich Kapital Soziales: 600 000 \u20ac SIREN-Nr.: 964 500 706 Creteil Kontakt-E-Mail-Adresse: dpo@ dehon.com Innergemeinschaftliche MwSt.-Nr. FR 84 964 500 706 Links zu anderen Websites Die auf der Website von Inventec als<\/p>\n","protected":false},"author":2,"featured_media":0,"parent":0,"menu_order":0,"comment_status":"closed","ping_status":"closed","template":"","meta":{"_acf_changed":false,"inline_featured_image":false,"footnotes":""},"class_list":["post-7488","page","type-page","status-publish","hentry"],"acf":[],"_links":{"self":[{"href":"https:\/\/www.inventec.dehon.com\/de\/wp-json\/wp\/v2\/pages\/7488","targetHints":{"allow":["GET"]}}],"collection":[{"href":"https:\/\/www.inventec.dehon.com\/de\/wp-json\/wp\/v2\/pages"}],"about":[{"href":"https:\/\/www.inventec.dehon.com\/de\/wp-json\/wp\/v2\/types\/page"}],"author":[{"embeddable":true,"href":"https:\/\/www.inventec.dehon.com\/de\/wp-json\/wp\/v2\/users\/2"}],"replies":[{"embeddable":true,"href":"https:\/\/www.inventec.dehon.com\/de\/wp-json\/wp\/v2\/comments?post=7488"}],"version-history":[{"count":0,"href":"https:\/\/www.inventec.dehon.com\/de\/wp-json\/wp\/v2\/pages\/7488\/revisions"}],"wp:attachment":[{"href":"https:\/\/www.inventec.dehon.com\/de\/wp-json\/wp\/v2\/media?parent=7488"}],"curies":[{"name":"wp","href":"https:\/\/api.w.org\/{rel}","templated":true}]}}