{"id":7454,"date":"2021-12-03T07:24:26","date_gmt":"2021-12-03T07:24:26","guid":{"rendered":"https:\/\/www.inventec.dehon.com\/ueber-inventec\/"},"modified":"2026-03-09T13:55:27","modified_gmt":"2026-03-09T12:55:27","slug":"ueber-inventec","status":"publish","type":"page","link":"https:\/\/www.inventec.dehon.com\/de\/ueber-inventec\/","title":{"rendered":"\u00dcber Inventec"},"content":{"rendered":"","protected":false},"excerpt":{"rendered":"<p>Inventec ist ein weltweiter Anbieter von L\u00f6t-, Reinigungs- und Beschichtungsl\u00f6sungen f\u00fcr Elektronik-, Halbleiter- und Industrieanwendungen.<\/p>\n","protected":false},"author":2,"featured_media":0,"parent":0,"menu_order":0,"comment_status":"closed","ping_status":"closed","template":"page-templates\/builder.php","meta":{"_acf_changed":false,"inline_featured_image":false,"footnotes":""},"class_list":["post-7454","page","type-page","status-publish","hentry"],"acf":[],"_links":{"self":[{"href":"https:\/\/www.inventec.dehon.com\/de\/wp-json\/wp\/v2\/pages\/7454","targetHints":{"allow":["GET"]}}],"collection":[{"href":"https:\/\/www.inventec.dehon.com\/de\/wp-json\/wp\/v2\/pages"}],"about":[{"href":"https:\/\/www.inventec.dehon.com\/de\/wp-json\/wp\/v2\/types\/page"}],"author":[{"embeddable":true,"href":"https:\/\/www.inventec.dehon.com\/de\/wp-json\/wp\/v2\/users\/2"}],"replies":[{"embeddable":true,"href":"https:\/\/www.inventec.dehon.com\/de\/wp-json\/wp\/v2\/comments?post=7454"}],"version-history":[{"count":6,"href":"https:\/\/www.inventec.dehon.com\/de\/wp-json\/wp\/v2\/pages\/7454\/revisions"}],"predecessor-version":[{"id":35124,"href":"https:\/\/www.inventec.dehon.com\/de\/wp-json\/wp\/v2\/pages\/7454\/revisions\/35124"}],"wp:attachment":[{"href":"https:\/\/www.inventec.dehon.com\/de\/wp-json\/wp\/v2\/media?parent=7454"}],"curies":[{"name":"wp","href":"https:\/\/api.w.org\/{rel}","templated":true}]}}