{"id":28160,"date":"2025-04-30T08:15:31","date_gmt":"2025-04-30T08:15:31","guid":{"rendered":"https:\/\/www.inventec.dehon.com\/?page_id=28160"},"modified":"2025-04-30T08:15:31","modified_gmt":"2025-04-30T08:15:31","slug":"kuhllosungen-fuer-den-ersatz-von-3m-novec","status":"publish","type":"page","link":"https:\/\/www.inventec.dehon.com\/de\/auf-der-suche-nach-einem-ersatz-fuer-3m-novec\/kuhllosungen-fuer-den-ersatz-von-3m-novec\/","title":{"rendered":"K\u00fchll\u00f6sungen f\u00fcr den Ersatz von 3M Novec"},"content":{"rendered":"","protected":false},"excerpt":{"rendered":"","protected":false},"author":19,"featured_media":0,"parent":27686,"menu_order":0,"comment_status":"closed","ping_status":"closed","template":"page-templates\/builder.php","meta":{"_acf_changed":false,"inline_featured_image":false,"footnotes":""},"class_list":["post-28160","page","type-page","status-publish","hentry"],"acf":[],"_links":{"self":[{"href":"https:\/\/www.inventec.dehon.com\/de\/wp-json\/wp\/v2\/pages\/28160","targetHints":{"allow":["GET"]}}],"collection":[{"href":"https:\/\/www.inventec.dehon.com\/de\/wp-json\/wp\/v2\/pages"}],"about":[{"href":"https:\/\/www.inventec.dehon.com\/de\/wp-json\/wp\/v2\/types\/page"}],"author":[{"embeddable":true,"href":"https:\/\/www.inventec.dehon.com\/de\/wp-json\/wp\/v2\/users\/19"}],"replies":[{"embeddable":true,"href":"https:\/\/www.inventec.dehon.com\/de\/wp-json\/wp\/v2\/comments?post=28160"}],"version-history":[{"count":3,"href":"https:\/\/www.inventec.dehon.com\/de\/wp-json\/wp\/v2\/pages\/28160\/revisions"}],"predecessor-version":[{"id":28188,"href":"https:\/\/www.inventec.dehon.com\/de\/wp-json\/wp\/v2\/pages\/28160\/revisions\/28188"}],"up":[{"embeddable":true,"href":"https:\/\/www.inventec.dehon.com\/de\/wp-json\/wp\/v2\/pages\/27686"}],"wp:attachment":[{"href":"https:\/\/www.inventec.dehon.com\/de\/wp-json\/wp\/v2\/media?parent=28160"}],"curies":[{"name":"wp","href":"https:\/\/api.w.org\/{rel}","templated":true}]}}