{"id":27686,"date":"2025-04-30T07:18:48","date_gmt":"2025-04-30T07:18:48","guid":{"rendered":"https:\/\/www.inventec.dehon.com\/?page_id=27686"},"modified":"2026-03-24T09:32:44","modified_gmt":"2026-03-24T08:32:44","slug":"auf-der-suche-nach-einem-ersatz-fuer-3m-novec","status":"publish","type":"page","link":"https:\/\/www.inventec.dehon.com\/de\/auf-der-suche-nach-einem-ersatz-fuer-3m-novec\/","title":{"rendered":"Auf der Suche nach einem Ersatz f\u00fcr 3M Novec"},"content":{"rendered":"<p>3M\u2122 stellt bis Ende 2025 alle Novec-Produkte ein \u2013 INVENTEC bietet zuverl\u00e4ssige Ersatzl\u00f6sungen f\u00fcr 3M Novec an, um Ihre Qualit\u00e4tsstandards aufrechtzuerhalten.<\/p>\n","protected":false},"excerpt":{"rendered":"<p>INVENTEC bietet zuverl\u00e4ssige Ersatzl\u00f6sungen f\u00fcr 3M Novec an, um Ihre Qualit\u00e4tsstandards aufrechtzuerhalten.<\/p>\n","protected":false},"author":19,"featured_media":27890,"parent":0,"menu_order":0,"comment_status":"closed","ping_status":"closed","template":"page-templates\/builder.php","meta":{"_acf_changed":false,"inline_featured_image":false,"footnotes":""},"class_list":["post-27686","page","type-page","status-publish","has-post-thumbnail","hentry"],"acf":[],"_links":{"self":[{"href":"https:\/\/www.inventec.dehon.com\/de\/wp-json\/wp\/v2\/pages\/27686","targetHints":{"allow":["GET"]}}],"collection":[{"href":"https:\/\/www.inventec.dehon.com\/de\/wp-json\/wp\/v2\/pages"}],"about":[{"href":"https:\/\/www.inventec.dehon.com\/de\/wp-json\/wp\/v2\/types\/page"}],"author":[{"embeddable":true,"href":"https:\/\/www.inventec.dehon.com\/de\/wp-json\/wp\/v2\/users\/19"}],"replies":[{"embeddable":true,"href":"https:\/\/www.inventec.dehon.com\/de\/wp-json\/wp\/v2\/comments?post=27686"}],"version-history":[{"count":15,"href":"https:\/\/www.inventec.dehon.com\/de\/wp-json\/wp\/v2\/pages\/27686\/revisions"}],"predecessor-version":[{"id":35283,"href":"https:\/\/www.inventec.dehon.com\/de\/wp-json\/wp\/v2\/pages\/27686\/revisions\/35283"}],"wp:featuredmedia":[{"embeddable":true,"href":"https:\/\/www.inventec.dehon.com\/de\/wp-json\/wp\/v2\/media\/27890"}],"wp:attachment":[{"href":"https:\/\/www.inventec.dehon.com\/de\/wp-json\/wp\/v2\/media?parent=27686"}],"curies":[{"name":"wp","href":"https:\/\/api.w.org\/{rel}","templated":true}]}}